{"id":24662,"date":"2021-07-01T08:09:11","date_gmt":"2021-07-01T08:09:11","guid":{"rendered":"https:\/\/www.funeraillesdelval.be\/uitvaartplanner-logghe\/"},"modified":"2026-01-27T11:39:33","modified_gmt":"2026-01-27T10:39:33","slug":"les-funerailles-delval","status":"publish","type":"page","link":"https:\/\/www.funeraillesdelval.be\/fr\/","title":{"rendered":"Home"},"content":{"rendered":"<div id=\"block-masonry-block_a2001ebee4cc42de00125550256fabad\" class=\"block-masonry\">\n    <div class=\"container\">\n        <div class=\"widget-wrap\">\n                                                \n                    <div class=\"element light-font\">\n                                                    <div class=\"image-wrap\">\n                                <img loading=\"lazy\" decoding=\"async\" width=\"678\" height=\"1024\" src=\"https:\/\/www.touche.be\/app\/uploads\/sites\/79\/2022\/10\/8303-web-1-678x1024.jpg\" class=\"attachment-large size-large\" alt=\"Home\" srcset=\"https:\/\/www.touche.be\/app\/uploads\/sites\/79\/2022\/10\/8303-web-1-678x1024.jpg 678w, https:\/\/www.touche.be\/app\/uploads\/sites\/79\/2022\/10\/8303-web-1-199x300.jpg 199w, https:\/\/www.touche.be\/app\/uploads\/sites\/79\/2022\/10\/8303-web-1-860x1300.jpg 860w, https:\/\/www.touche.be\/app\/uploads\/sites\/79\/2022\/10\/8303-web-1-953x1440.jpg 953w, https:\/\/www.touche.be\/app\/uploads\/sites\/79\/2022\/10\/8303-web-1-397x600.jpg 397w, https:\/\/www.touche.be\/app\/uploads\/sites\/79\/2022\/10\/8303-web-1-scaled.jpg 1694w\" sizes=\"auto, (max-width: 678px) 100vw, 678px\" title=\"Home\" \/>                            <\/div>\n                        \n                                                    <div class=\"content-wrap\">\n                                <h3><strong>L\u2019\u00e9quipe du Centre fun\u00e9raire S. Delval est d\u00e9vou\u00e9e \u00e0 votre service.<\/strong><\/h3>\n                            <\/div>\n                                            <\/div>\n                                    \n                    <div class=\"element\">\n                        \n                                                    <div class=\"content-wrap\">\n                                <p>Nous prenons soin de vous et de votre d\u00e9funt, avec le plus grand respect, \u00e9tape par \u00e9tape, dans un cadre d\u00e9licatement feutr\u00e9 et chaleureux d\u00e9di\u00e9 \u00e0 l\u2019apaisement et au recueillement.<\/p>\n                            <\/div>\n                                            <\/div>\n                                    \n                    <div class=\"element text-from-bottom\">\n                                                    <div class=\"image-wrap\">\n                                <img loading=\"lazy\" decoding=\"async\" width=\"682\" height=\"1024\" src=\"https:\/\/www.touche.be\/app\/uploads\/sites\/79\/2022\/10\/8270-2-682x1024.jpg\" class=\"attachment-large size-large\" alt=\"Home\" srcset=\"https:\/\/www.touche.be\/app\/uploads\/sites\/79\/2022\/10\/8270-2-682x1024.jpg 682w, https:\/\/www.touche.be\/app\/uploads\/sites\/79\/2022\/10\/8270-2-200x300.jpg 200w, https:\/\/www.touche.be\/app\/uploads\/sites\/79\/2022\/10\/8270-2-866x1300.jpg 866w, https:\/\/www.touche.be\/app\/uploads\/sites\/79\/2022\/10\/8270-2-960x1440.jpg 960w, https:\/\/www.touche.be\/app\/uploads\/sites\/79\/2022\/10\/8270-2-400x600.jpg 400w, https:\/\/www.touche.be\/app\/uploads\/sites\/79\/2022\/10\/8270-2-scaled.jpg 1706w\" sizes=\"auto, (max-width: 682px) 100vw, 682px\" title=\"Home\" \/>                            <\/div>\n                        \n                                                    <div class=\"content-wrap\">\n                                <p><a class=\"btn btn-primary\" href=\"https:\/\/www.funeraillesdelval.be\/fr\/condoleances-delval-sereni\/\">Condol\u00e9ances<\/a><\/p>\n                            <\/div>\n                                            <\/div>\n                                    \n                    <div class=\"element theme-bg light-font\">\n                        \n                                                    <div class=\"content-wrap\">\n                                <h4>Vous avez des questions ou vous recherchez un service particulier que vous ne trouvez pas sur notre site ?<\/h4>\n<p><strong><a href=\"https:\/\/www.funeraillesdelval.be\/fr\/contact-delval-sereni\/\">Contactez-nous\u00a0ici<\/a><\/strong>, nous nous ferons un plaisir de vous aider.<\/p>\n<p>Disponible 24\/7<\/p>\n<p><a class=\"btn btn-primary\" href=\"tel:069846818\">069 84 68 18<\/a><\/p>\n<p><a class=\"btn btn-primary\" href=\"mailto:delval@sereni.be\">delval@sereni.be<\/a><\/p>\n                            <\/div>\n                                            <\/div>\n                                    \n                    <div class=\"element theme-bg light-font\">\n                        \n                                                    <div class=\"content-wrap\">\n                                <h4>Vivre son deuil n\u2019est pas l\u00e2cher prise, vivre son deuil c\u2019est se connecter<\/h4>\n<p>Depuis la nuit des temps, les philosophes dissertent sur la temp\u00eate que provoque la mort dans nos corps et \u00e2mes. Quelles que soient vos convictions philosophiques, votre demande toute particuli\u00e8re, notre \u00e9quipe est l\u00e0, bienveillante, pour vous aider au mieux en toute discr\u00e9tion et dans le respect des volont\u00e9s du d\u00e9funt dans l\u2019avant, le pendant et l\u2019apr\u00e8s d\u00e9c\u00e8s.<\/p>\n<p><a class=\"btn btn-primary\" href=\"https:\/\/www.funeraillesdelval.be\/fr\/contact-delval-sereni\/\">D\u00e9clarer un d\u00e9c\u00e8s<\/a><\/p>\n                            <\/div>\n                                            <\/div>\n                                    \n                    <div class=\"element\">\n                                                    <div class=\"image-wrap\">\n                                <img loading=\"lazy\" decoding=\"async\" width=\"683\" height=\"1024\" src=\"https:\/\/www.touche.be\/app\/uploads\/sites\/79\/2024\/08\/CMS_Delval_Team-683x1024.jpg\" class=\"attachment-large size-large\" alt=\"Home\" srcset=\"https:\/\/www.touche.be\/app\/uploads\/sites\/79\/2024\/08\/CMS_Delval_Team-683x1024.jpg 683w, https:\/\/www.touche.be\/app\/uploads\/sites\/79\/2024\/08\/CMS_Delval_Team-200x300.jpg 200w, https:\/\/www.touche.be\/app\/uploads\/sites\/79\/2024\/08\/CMS_Delval_Team-768x1152.jpg 768w, https:\/\/www.touche.be\/app\/uploads\/sites\/79\/2024\/08\/CMS_Delval_Team-1024x1536.jpg 1024w, https:\/\/www.touche.be\/app\/uploads\/sites\/79\/2024\/08\/CMS_Delval_Team-867x1300.jpg 867w, https:\/\/www.touche.be\/app\/uploads\/sites\/79\/2024\/08\/CMS_Delval_Team-960x1440.jpg 960w, https:\/\/www.touche.be\/app\/uploads\/sites\/79\/2024\/08\/CMS_Delval_Team.jpg 1200w\" sizes=\"auto, (max-width: 683px) 100vw, 683px\" title=\"Home\" \/>                            <\/div>\n                        \n                                            <\/div>\n                                    \n                    <div class=\"element\">\n                        \n                                                    <div class=\"content-wrap\">\n                                <p>L\u2019\u00e9coute, l\u2019empathie et le d\u00e9vouement sont au coeur de nos priorit\u00e9s. Nous vous guidons dans l\u2019organisation des fun\u00e9railles en mettant notre exp\u00e9rience \u00e0 profit.<\/p>\n                            <\/div>\n                                            <\/div>\n                                    \n                    <div class=\"element light-font\">\n                                                    <div class=\"image-wrap\">\n                                <img loading=\"lazy\" decoding=\"async\" width=\"1024\" height=\"682\" src=\"https:\/\/www.touche.be\/app\/uploads\/sites\/79\/2022\/10\/8452-1-1024x682.jpg\" class=\"attachment-large size-large\" alt=\"Home\" srcset=\"https:\/\/www.touche.be\/app\/uploads\/sites\/79\/2022\/10\/8452-1-1024x682.jpg 1024w, https:\/\/www.touche.be\/app\/uploads\/sites\/79\/2022\/10\/8452-1-300x200.jpg 300w, https:\/\/www.touche.be\/app\/uploads\/sites\/79\/2022\/10\/8452-1-450x300.jpg 450w, https:\/\/www.touche.be\/app\/uploads\/sites\/79\/2022\/10\/8452-1-1300x866.jpg 1300w, https:\/\/www.touche.be\/app\/uploads\/sites\/79\/2022\/10\/8452-1-1440x959.jpg 1440w, https:\/\/www.touche.be\/app\/uploads\/sites\/79\/2022\/10\/8452-1-600x400.jpg 600w\" sizes=\"auto, (max-width: 1024px) 100vw, 1024px\" title=\"Home\" \/>                            <\/div>\n                        \n                                                    <div class=\"content-wrap\">\n                                <p>Chaque processus de deuil est un long cheminement au cours duquel nous pouvons vous guide.<\/p>\n<p><a class=\"btn btn-primary\" href=\"https:\/\/www.funeraillesdelval.be\/fr\/contact-delval-sereni\/\">Contactez-nous<\/a><\/p>\n                            <\/div>\n                                            <\/div>\n                                    \n                    <div class=\"element\">\n                                                    <div class=\"image-wrap\">\n                                <img loading=\"lazy\" decoding=\"async\" width=\"944\" height=\"629\" src=\"https:\/\/www.touche.be\/app\/uploads\/sites\/79\/2025\/12\/Mon-sereni-votre-plateforme-en-ligne-securise.jpg\" class=\"attachment-large size-large\" alt=\"Home\" srcset=\"https:\/\/www.touche.be\/app\/uploads\/sites\/79\/2025\/12\/Mon-sereni-votre-plateforme-en-ligne-securise.jpg 944w, https:\/\/www.touche.be\/app\/uploads\/sites\/79\/2025\/12\/Mon-sereni-votre-plateforme-en-ligne-securise-300x200.jpg 300w, https:\/\/www.touche.be\/app\/uploads\/sites\/79\/2025\/12\/Mon-sereni-votre-plateforme-en-ligne-securise-768x512.jpg 768w, https:\/\/www.touche.be\/app\/uploads\/sites\/79\/2025\/12\/Mon-sereni-votre-plateforme-en-ligne-securise-450x300.jpg 450w\" sizes=\"auto, (max-width: 944px) 100vw, 944px\" title=\"Home\" \/>                            <\/div>\n                        \n                                            <\/div>\n                                    \n                    <div class=\"element text-from-bottom\">\n                        \n                                                    <div class=\"content-wrap\">\n                                <h2 data-start=\"344\" data-end=\"717\">Mon Sereni : votre espace s\u00e9curis\u00e9<\/h2>\n<p data-start=\"199\" data-end=\"454\">Mon Sereni est une plateforme en ligne s\u00e9curis\u00e9e qui r\u00e9unit vos documents, vos souhaits et\u00a0<strong>toutes les informations n\u00e9cessaires \u00e0 la pr\u00e9paration des fun\u00e9railles.<\/strong>\u00a0Vous pouvez tout g\u00e9rer \u00e0 votre rythme, en lien direct avec votre conseiller fun\u00e9raire local.<\/p>\n<ul>\n<li data-start=\"2254\" data-end=\"2605\">\ud83d\udd4a\ufe0f<strong>\u00a0Indiquez vos souhaits et pr\u00e9f\u00e9rences pour la c\u00e9r\u00e9monie<\/strong><\/li>\n<li data-start=\"2254\" data-end=\"2605\"><strong>\ud83d\udcc4 Rassemblez les documents et informations n\u00e9cessaires<\/strong><\/li>\n<li data-start=\"2254\" data-end=\"2605\">\ud83c\udfb5\u00a0<strong>Choisissez la musique, les lectures ou les photos \u00e0 partager<\/strong><\/li>\n<li data-start=\"2254\" data-end=\"2605\">\ud83d\udcac<strong>\u00a0Suivez et compl\u00e9tez votre dossier avec votre conseiller<\/strong><\/li>\n<\/ul>\n<p data-start=\"2254\" data-end=\"2605\"><a class=\"btn btn-primary\" style=\"padding: 16px 36px; font-size: 1.2rem; font-weight: 500; text-align: center; vertical-align: middle; line-height: 1.4; height: auto;\" href=\"https:\/\/mijn.sereni.be\/fr-BE\/connexion?lang=fr\">Plus d&#8217;info<\/a><\/p>\n                            <\/div>\n                                            <\/div>\n                                    \n                    <div class=\"element theme-bg light-font\">\n                        \n                                                    <div class=\"content-wrap\">\n                                <h2>Mes derni\u00e8res volont\u00e9s<\/h2>\n<p>Pr\u00e9parer un d\u00e9part, c\u2019est r\u00e9fl\u00e9chir \u00e0 la vie \u2014 \u00e0 ce qui compte pour vous et \u00e0 ce que vous souhaitez laisser derri\u00e8re vous.<br \/>\nLe carnet <em>Mes Derni\u00e8res Volont\u00e9s<\/em> vous accompagne pour r\u00e9fl\u00e9chir \u00e0 :<\/p>\n<ul>\n<li><strong>Ce qui vous d\u00e9finit<\/strong><\/li>\n<li><strong>La musique ou les mots qui vous r\u00e9confortent<\/strong><\/li>\n<li><strong>Les rituels et souhaits<\/strong> qui ont une signification pour vous<\/li>\n<\/ul>\n<p>Le remplir vous apporte s\u00e9r\u00e9nit\u00e9 et facilite les \u00e9changes avec vos proches.<br \/>\nVous pouvez le compl\u00e9ter en ligne via <a class=\"text-yellow\" href=\"https:\/\/mijn.sereni.be\/fr-BE\/connexion\" target=\"_blank\" rel=\"noopener\"><strong>Mon Sereni.be<\/strong><\/a> ou demander une version papier aupr\u00e8s de <a class=\"text-yellow\" href=\"https:\/\/www.sereni.be\/fr\/branch\" target=\"_blank\" rel=\"noopener\"><strong>nos conseillers fun\u00e9raires<\/strong><\/a>.<\/p>\n<p><a class=\"btn btn-primary\" href=\"https:\/\/mijn.sereni.be\/fr-BE\/connexion\" target=\"_blank\" rel=\"noopener\">Je remplis la version digitale du carnet<\/a><\/p>\n                            <\/div>\n                                            <\/div>\n                                    \n                    <div class=\"element\">\n                                                    <div class=\"image-wrap\">\n                                <img loading=\"lazy\" decoding=\"async\" width=\"691\" height=\"628\" src=\"https:\/\/www.touche.be\/app\/uploads\/sites\/79\/2025\/12\/Carnet-mes-dernieres-volontes-Sereni.jpg\" class=\"attachment-large size-large\" alt=\"Home\" srcset=\"https:\/\/www.touche.be\/app\/uploads\/sites\/79\/2025\/12\/Carnet-mes-dernieres-volontes-Sereni.jpg 691w, https:\/\/www.touche.be\/app\/uploads\/sites\/79\/2025\/12\/Carnet-mes-dernieres-volontes-Sereni-300x273.jpg 300w, https:\/\/www.touche.be\/app\/uploads\/sites\/79\/2025\/12\/Carnet-mes-dernieres-volontes-Sereni-330x300.jpg 330w\" sizes=\"auto, (max-width: 691px) 100vw, 691px\" title=\"Home\" \/>                            <\/div>\n                        \n                                            <\/div>\n                                    <\/div>\n    <\/div>\n<\/div>\n","protected":false},"excerpt":{"rendered":"","protected":false},"author":1,"featured_media":0,"parent":0,"menu_order":0,"comment_status":"closed","ping_status":"closed","template":"views\/template-homepage.blade.php","meta":{"_acf_changed":false,"footnotes":""},"class_list":["post-24662","page","type-page","status-publish","hentry"],"acf":[],"yoast_head":"<!-- This site is optimized with the Yoast SEO plugin v25.8 - https:\/\/yoast.com\/wordpress\/plugins\/seo\/ -->\n<title>Les fun\u00e9railles Delval - Des obs\u00e8ques uniques et personnalis\u00e9es<\/title>\n<meta name=\"description\" content=\"Les Pompes Fun\u00e8bres Delval Sereni proposent des fun\u00e9railles uniques. Service d&#039;adieu, n\u00e9crologie, reliquaires, ... . Contactez-nous.\" \/>\n<meta name=\"robots\" content=\"index, follow, max-snippet:-1, max-image-preview:large, max-video-preview:-1\" \/>\n<link rel=\"canonical\" href=\"https:\/\/www.funeraillesdelval.be\/fr\/\" \/>\n<meta property=\"og:locale\" content=\"fr_FR\" \/>\n<meta property=\"og:type\" content=\"article\" \/>\n<meta property=\"og:title\" content=\"Les fun\u00e9railles Delval - Des obs\u00e8ques uniques et personnalis\u00e9es\" \/>\n<meta property=\"og:description\" content=\"Les Pompes Fun\u00e8bres Delval Sereni proposent des fun\u00e9railles uniques. Service d&#039;adieu, n\u00e9crologie, reliquaires, ... . Contactez-nous.\" \/>\n<meta property=\"og:url\" content=\"https:\/\/www.funeraillesdelval.be\/fr\/\" \/>\n<meta property=\"og:site_name\" content=\"Delval\" \/>\n<meta property=\"article:modified_time\" content=\"2026-01-27T10:39:33+00:00\" \/>\n<meta property=\"og:image\" content=\"https:\/\/www.touche.be\/app\/uploads\/sites\/79\/2025\/06\/Social-image-Delval-3.jpg\" \/>\n\t<meta property=\"og:image:width\" content=\"1800\" \/>\n\t<meta property=\"og:image:height\" content=\"628\" \/>\n\t<meta property=\"og:image:type\" content=\"image\/jpeg\" \/>\n<meta name=\"twitter:card\" content=\"summary_large_image\" \/>\n<meta name=\"twitter:label1\" content=\"Est. reading time\" \/>\n\t<meta name=\"twitter:data1\" content=\"3 minutes\" \/>\n<script type=\"application\/ld+json\" class=\"yoast-schema-graph\">{\"@context\":\"https:\/\/schema.org\",\"@graph\":[{\"@type\":\"WebPage\",\"@id\":\"https:\/\/www.funeraillesdelval.be\/fr\/\",\"url\":\"https:\/\/www.funeraillesdelval.be\/fr\/\",\"name\":\"Les fun\u00e9railles Delval - Des obs\u00e8ques uniques et personnalis\u00e9es\",\"isPartOf\":{\"@id\":\"https:\/\/www.funeraillesdelval.be\/fr\/#website\"},\"datePublished\":\"2021-07-01T08:09:11+00:00\",\"dateModified\":\"2026-01-27T10:39:33+00:00\",\"description\":\"Les Pompes Fun\u00e8bres Delval Sereni proposent des fun\u00e9railles uniques. Service d'adieu, n\u00e9crologie, reliquaires, ... . Contactez-nous.\",\"inLanguage\":\"fr-FR\",\"potentialAction\":[{\"@type\":\"ReadAction\",\"target\":[\"https:\/\/www.funeraillesdelval.be\/fr\/\"]}]},{\"@type\":\"WebSite\",\"@id\":\"https:\/\/www.funeraillesdelval.be\/fr\/#website\",\"url\":\"https:\/\/www.funeraillesdelval.be\/fr\/\",\"name\":\"Delval\",\"description\":\"Just another Sereni site\",\"potentialAction\":[{\"@type\":\"SearchAction\",\"target\":{\"@type\":\"EntryPoint\",\"urlTemplate\":\"https:\/\/www.funeraillesdelval.be\/fr\/?s={search_term_string}\"},\"query-input\":{\"@type\":\"PropertyValueSpecification\",\"valueRequired\":true,\"valueName\":\"search_term_string\"}}],\"inLanguage\":\"fr-FR\"}]}<\/script>\n<!-- \/ Yoast SEO plugin. -->","yoast_head_json":{"title":"Les fun\u00e9railles Delval - Des obs\u00e8ques uniques et personnalis\u00e9es","description":"Les Pompes Fun\u00e8bres Delval Sereni proposent des fun\u00e9railles uniques. Service d'adieu, n\u00e9crologie, reliquaires, ... . Contactez-nous.","robots":{"index":"index","follow":"follow","max-snippet":"max-snippet:-1","max-image-preview":"max-image-preview:large","max-video-preview":"max-video-preview:-1"},"canonical":"https:\/\/www.funeraillesdelval.be\/fr\/","og_locale":"fr_FR","og_type":"article","og_title":"Les fun\u00e9railles Delval - Des obs\u00e8ques uniques et personnalis\u00e9es","og_description":"Les Pompes Fun\u00e8bres Delval Sereni proposent des fun\u00e9railles uniques. Service d'adieu, n\u00e9crologie, reliquaires, ... . Contactez-nous.","og_url":"https:\/\/www.funeraillesdelval.be\/fr\/","og_site_name":"Delval","article_modified_time":"2026-01-27T10:39:33+00:00","og_image":[{"width":1800,"height":628,"url":"https:\/\/www.touche.be\/app\/uploads\/sites\/79\/2025\/06\/Social-image-Delval-3.jpg","type":"image\/jpeg"}],"twitter_card":"summary_large_image","twitter_misc":{"Est. reading time":"3 minutes"},"schema":{"@context":"https:\/\/schema.org","@graph":[{"@type":"WebPage","@id":"https:\/\/www.funeraillesdelval.be\/fr\/","url":"https:\/\/www.funeraillesdelval.be\/fr\/","name":"Les fun\u00e9railles Delval - Des obs\u00e8ques uniques et personnalis\u00e9es","isPartOf":{"@id":"https:\/\/www.funeraillesdelval.be\/fr\/#website"},"datePublished":"2021-07-01T08:09:11+00:00","dateModified":"2026-01-27T10:39:33+00:00","description":"Les Pompes Fun\u00e8bres Delval Sereni proposent des fun\u00e9railles uniques. Service d'adieu, n\u00e9crologie, reliquaires, ... . Contactez-nous.","inLanguage":"fr-FR","potentialAction":[{"@type":"ReadAction","target":["https:\/\/www.funeraillesdelval.be\/fr\/"]}]},{"@type":"WebSite","@id":"https:\/\/www.funeraillesdelval.be\/fr\/#website","url":"https:\/\/www.funeraillesdelval.be\/fr\/","name":"Delval","description":"Just another Sereni site","potentialAction":[{"@type":"SearchAction","target":{"@type":"EntryPoint","urlTemplate":"https:\/\/www.funeraillesdelval.be\/fr\/?s={search_term_string}"},"query-input":{"@type":"PropertyValueSpecification","valueRequired":true,"valueName":"search_term_string"}}],"inLanguage":"fr-FR"}]}},"_links":{"self":[{"href":"https:\/\/www.funeraillesdelval.be\/fr\/wp-json\/wp\/v2\/pages\/24662","targetHints":{"allow":["GET"]}}],"collection":[{"href":"https:\/\/www.funeraillesdelval.be\/fr\/wp-json\/wp\/v2\/pages"}],"about":[{"href":"https:\/\/www.funeraillesdelval.be\/fr\/wp-json\/wp\/v2\/types\/page"}],"author":[{"embeddable":true,"href":"https:\/\/www.funeraillesdelval.be\/fr\/wp-json\/wp\/v2\/users\/1"}],"replies":[{"embeddable":true,"href":"https:\/\/www.funeraillesdelval.be\/fr\/wp-json\/wp\/v2\/comments?post=24662"}],"version-history":[{"count":9,"href":"https:\/\/www.funeraillesdelval.be\/fr\/wp-json\/wp\/v2\/pages\/24662\/revisions"}],"predecessor-version":[{"id":81772,"href":"https:\/\/www.funeraillesdelval.be\/fr\/wp-json\/wp\/v2\/pages\/24662\/revisions\/81772"}],"wp:attachment":[{"href":"https:\/\/www.funeraillesdelval.be\/fr\/wp-json\/wp\/v2\/media?parent=24662"}],"curies":[{"name":"wp","href":"https:\/\/api.w.org\/{rel}","templated":true}]}}