{"id":24665,"date":"2021-10-26T12:14:26","date_gmt":"2021-10-26T12:14:26","guid":{"rendered":"https:\/\/www.funeraillesdelval.be\/contact\/"},"modified":"2026-01-22T08:46:36","modified_gmt":"2026-01-22T07:46:36","slug":"contact-delval-sereni","status":"publish","type":"page","link":"https:\/\/www.funeraillesdelval.be\/fr\/contact-delval-sereni\/","title":{"rendered":"Contact"},"content":{"rendered":"\n<p class=\"normal\">Contact les fun\u00e9railles Delval 24\/7 pour <a href=\"https:\/\/www.sereni.be\/menu\/fr\/organiser-des-funerailles\">signaler un d\u00e9c\u00e8s<\/a>.<\/p>\n\n\n\n<div id=\"block-main-banner-block_2ac57466b0d4132fb05eafdbabf7eb2c\" class=\"block-main-banner\">\n    <div class=\"container\">\n        <div class=\"banner-wrap layout2 content_left content_top\">\n            <div class=\"banner-image\">\n                                                            <img loading=\"lazy\" decoding=\"async\" width=\"960\" height=\"1440\" src=\"https:\/\/www.touche.be\/app\/uploads\/sites\/79\/2024\/08\/CMS_Delval_Team-960x1440.jpg\" class=\"attachment-full-stretched size-full-stretched\" alt=\"Contact\" srcset=\"https:\/\/www.touche.be\/app\/uploads\/sites\/79\/2024\/08\/CMS_Delval_Team-960x1440.jpg 960w, https:\/\/www.touche.be\/app\/uploads\/sites\/79\/2024\/08\/CMS_Delval_Team-200x300.jpg 200w, https:\/\/www.touche.be\/app\/uploads\/sites\/79\/2024\/08\/CMS_Delval_Team-683x1024.jpg 683w, https:\/\/www.touche.be\/app\/uploads\/sites\/79\/2024\/08\/CMS_Delval_Team-768x1152.jpg 768w, https:\/\/www.touche.be\/app\/uploads\/sites\/79\/2024\/08\/CMS_Delval_Team-1024x1536.jpg 1024w, https:\/\/www.touche.be\/app\/uploads\/sites\/79\/2024\/08\/CMS_Delval_Team-867x1300.jpg 867w, https:\/\/www.touche.be\/app\/uploads\/sites\/79\/2024\/08\/CMS_Delval_Team.jpg 1200w\" sizes=\"auto, (max-width: 960px) 100vw, 960px\" title=\"Contact\" \/>                                                <\/div>\n\n                            <div class=\"banner-content\">\n                    <div class=\"inner\">\n                        <h2>Contact Delval<br \/>\nDisponible 24\/7<\/h2>\n<p><a class=\"btn btn-primary\" href=\"tel:069 84 68 18\">069 84 68 18<\/a><\/p>\n<p><a class=\"btn btn-primary\" href=\"mailto:delval@sereni.be\">delval@sereni.be<\/a><\/p>\n<p><strong>Accueil sur rendez-vous :<br \/>\nChauss\u00e9e d&#8217;Audenarde 212, 7500 Tournai<\/strong><\/p>\n<div style=\"width: 100%; max-width: 600px; margin: 0 auto; overflow: hidden;\"><iframe loading=\"lazy\" style=\"border: 0;\" src=\"https:\/\/www.google.com\/maps\/embed?pb=!1m18!1m12!1m3!1d2531.4731267795482!2d3.383247376487284!3d50.61832707526214!2m3!1f0!2f0!3f0!3m2!1i1024!2i768!4f13.1!3m3!1m2!1s0x47c2dfe2e18d5a61%3A0xdeb64f3dd5aeb3c5!2sChau.%20d'Audenarde%20212%2C%207500%20Tournai!5e0!3m2!1sen!2sbe!4v1766067312278!5m2!1sen!2sbe\" width=\"100%\" height=\"350\" allowfullscreen=\"allowfullscreen\"><br \/>\n<\/iframe><\/div>\n<p><strong>Visites au fun\u00e9rarium\u00a0:<\/strong><br \/>\n<em>Du lundi au samedi<\/em> de 10h00 \u00e0 17h45<br \/>\n<em>Dimanche : <\/em><br \/>\nde 10h00 \u00e0 12h00 et sur rendez-vous<\/p>\n<p><strong>Espace magasin\u00a0:<\/strong><br \/>\n<em>Du lundi au vendredi : <\/em><br \/>\nde 9h00 \u00e0 12h00 et de 13h30 \u00e0 17h45<br \/>\n<em>le samedi :<\/em><br \/>\nde 14h00 \u00e0 17h45<\/p>\n<ul>\n<li>Accueil t\u00e9l\u00e9phonique ainsi qu\u2019intervention 24h\/7jrs<\/li>\n<li>Transfert du d\u00e9funt dans les meilleurs d\u00e9lais vers un salon individuel climatis\u00e9 de notre fun\u00e9rarium. Parking ais\u00e9.<\/li>\n<li>Salle de soins \/ Salle d\u2019attente pour les familles<\/li>\n<li>Aide administrative et psychologique dans l\u2019avant et l\u2019apr\u00e8s fun\u00e9railles<\/li>\n<li>Enregistrement des derni\u00e8res volont\u00e9s et assurances obs\u00e8ques<\/li>\n<li>Rapatriement de \/ ou \u00e0 l\u2019\u00e9tranger<\/li>\n<li>Corbillards Maserati, Cadillac et Mercedes<\/li>\n<li>Large gamme d\u2019articles fun\u00e9raires et de d\u00e9coration de qualit\u00e9<\/li>\n<\/ul>\n<p>Vous avez des questions ou vous recherchez un service particulier que vous ne trouvez pas sur notre site ? Contactez-nous, nous nous ferons un plaisir de vous aider.<\/p>\n                    <\/div>\n                <\/div>\n                    <\/div>\n    <\/div>\n<\/div>\n\n\n\n<div id=\"block-main-banner-block_d46fd4db7dd4bb76640273d429e97d34\" class=\"block-main-banner\">\n    <div class=\"container\">\n        <div class=\"banner-wrap layout2 content_right content_top\">\n            <div class=\"banner-image\">\n                                                            <img loading=\"lazy\" decoding=\"async\" width=\"1440\" height=\"962\" src=\"https:\/\/www.touche.be\/app\/uploads\/sites\/79\/2022\/10\/8305-2-1440x962.jpg\" class=\"attachment-full-stretched size-full-stretched\" alt=\"Contact\" srcset=\"https:\/\/www.touche.be\/app\/uploads\/sites\/79\/2022\/10\/8305-2-1440x962.jpg 1440w, https:\/\/www.touche.be\/app\/uploads\/sites\/79\/2022\/10\/8305-2-300x200.jpg 300w, https:\/\/www.touche.be\/app\/uploads\/sites\/79\/2022\/10\/8305-2-1024x684.jpg 1024w, https:\/\/www.touche.be\/app\/uploads\/sites\/79\/2022\/10\/8305-2-449x300.jpg 449w, https:\/\/www.touche.be\/app\/uploads\/sites\/79\/2022\/10\/8305-2-1300x868.jpg 1300w, https:\/\/www.touche.be\/app\/uploads\/sites\/79\/2022\/10\/8305-2-600x401.jpg 600w\" sizes=\"auto, (max-width: 1440px) 100vw, 1440px\" title=\"Contact\" \/>                                                <\/div>\n\n                            <div class=\"banner-content\">\n                    <div class=\"inner\">\n                        <p><strong>Centre fun\u00e9raire<\/strong><br \/>\nChauss\u00e9e d&#8217;Audenarde 212<br \/>\n7500 Tournai<\/p>\n<ul>\n<li>Bureau<\/li>\n<li>Salons fun\u00e9raires<\/li>\n<li>Visites de condol\u00e9ances<\/li>\n<li>Magasin de pompes fun\u00e8bres<\/li>\n<\/ul>\n<p><a class=\"btn btn-primary\" href=\"https:\/\/www.funeraillesdelval.be\/fr\/condoleances-delval-sereni\/\">Condol\u00e9ances<\/a><\/p>\n                    <\/div>\n                <\/div>\n                    <\/div>\n    <\/div>\n<\/div>\n\n\n\n<div id=\"block-main-banner-block_b8eaad91867f58235c7fee491fb027c9\" class=\"block-main-banner\">\n    <div class=\"container\">\n        <div class=\"banner-wrap  content_ content_\">\n            <div class=\"banner-image\">\n                                                                                                            <\/div>\n\n                    <\/div>\n    <\/div>\n<\/div>\n","protected":false},"excerpt":{"rendered":"<p>Contact les fun\u00e9railles Delval 24\/7 pour signaler un d\u00e9c\u00e8s.<\/p>\n","protected":false},"author":1,"featured_media":0,"parent":0,"menu_order":0,"comment_status":"closed","ping_status":"closed","template":"","meta":{"_acf_changed":false,"footnotes":""},"class_list":["post-24665","page","type-page","status-publish","hentry"],"acf":[],"yoast_head":"<!-- This site is optimized with the Yoast SEO plugin v25.8 - https:\/\/yoast.com\/wordpress\/plugins\/seo\/ -->\n<title>Contact Delval I Sereni<\/title>\n<meta name=\"description\" content=\"Contact Delval Sereni 24\/7 par e-mail ou par t\u00e9l\u00e9phone. Vous pouvez poser toutes vos questions ou signaler un d\u00e9c\u00e8s ici.\" \/>\n<meta name=\"robots\" content=\"index, follow, max-snippet:-1, max-image-preview:large, max-video-preview:-1\" \/>\n<link rel=\"canonical\" href=\"https:\/\/www.funeraillesdelval.be\/fr\/contact-delval-sereni\/\" \/>\n<meta property=\"og:locale\" content=\"fr_FR\" \/>\n<meta property=\"og:type\" content=\"article\" \/>\n<meta property=\"og:title\" content=\"Contact Delval I Sereni\" \/>\n<meta property=\"og:description\" content=\"Contact Delval Sereni 24\/7 par e-mail ou par t\u00e9l\u00e9phone. Vous pouvez poser toutes vos questions ou signaler un d\u00e9c\u00e8s ici.\" \/>\n<meta property=\"og:url\" content=\"https:\/\/www.funeraillesdelval.be\/fr\/contact-delval-sereni\/\" \/>\n<meta property=\"og:site_name\" content=\"Delval\" \/>\n<meta property=\"article:modified_time\" content=\"2026-01-22T07:46:36+00:00\" \/>\n<meta property=\"og:image\" content=\"https:\/\/www.touche.be\/app\/uploads\/sites\/79\/2025\/06\/Social-image-Delval-3.jpg\" \/>\n\t<meta property=\"og:image:width\" content=\"1800\" \/>\n\t<meta property=\"og:image:height\" content=\"628\" \/>\n\t<meta property=\"og:image:type\" content=\"image\/jpeg\" \/>\n<meta name=\"twitter:card\" content=\"summary_large_image\" \/>\n<meta name=\"twitter:label1\" content=\"Est. reading time\" \/>\n\t<meta name=\"twitter:data1\" content=\"2 minutes\" \/>\n<script type=\"application\/ld+json\" class=\"yoast-schema-graph\">{\"@context\":\"https:\/\/schema.org\",\"@graph\":[{\"@type\":[\"WebPage\",\"ContactPage\"],\"@id\":\"https:\/\/www.funeraillesdelval.be\/fr\/contact-delval-sereni\/\",\"url\":\"https:\/\/www.funeraillesdelval.be\/fr\/contact-delval-sereni\/\",\"name\":\"Contact Delval I Sereni\",\"isPartOf\":{\"@id\":\"https:\/\/www.funeraillesdelval.be\/fr\/#website\"},\"datePublished\":\"2021-10-26T12:14:26+00:00\",\"dateModified\":\"2026-01-22T07:46:36+00:00\",\"description\":\"Contact Delval Sereni 24\/7 par e-mail ou par t\u00e9l\u00e9phone. Vous pouvez poser toutes vos questions ou signaler un d\u00e9c\u00e8s ici.\",\"inLanguage\":\"fr-FR\",\"potentialAction\":[{\"@type\":\"ReadAction\",\"target\":[\"https:\/\/www.funeraillesdelval.be\/fr\/contact-delval-sereni\/\"]}]},{\"@type\":\"WebSite\",\"@id\":\"https:\/\/www.funeraillesdelval.be\/fr\/#website\",\"url\":\"https:\/\/www.funeraillesdelval.be\/fr\/\",\"name\":\"Delval\",\"description\":\"Just another Sereni site\",\"potentialAction\":[{\"@type\":\"SearchAction\",\"target\":{\"@type\":\"EntryPoint\",\"urlTemplate\":\"https:\/\/www.funeraillesdelval.be\/fr\/?s={search_term_string}\"},\"query-input\":{\"@type\":\"PropertyValueSpecification\",\"valueRequired\":true,\"valueName\":\"search_term_string\"}}],\"inLanguage\":\"fr-FR\"}]}<\/script>\n<!-- \/ Yoast SEO plugin. -->","yoast_head_json":{"title":"Contact Delval I Sereni","description":"Contact Delval Sereni 24\/7 par e-mail ou par t\u00e9l\u00e9phone. Vous pouvez poser toutes vos questions ou signaler un d\u00e9c\u00e8s ici.","robots":{"index":"index","follow":"follow","max-snippet":"max-snippet:-1","max-image-preview":"max-image-preview:large","max-video-preview":"max-video-preview:-1"},"canonical":"https:\/\/www.funeraillesdelval.be\/fr\/contact-delval-sereni\/","og_locale":"fr_FR","og_type":"article","og_title":"Contact Delval I Sereni","og_description":"Contact Delval Sereni 24\/7 par e-mail ou par t\u00e9l\u00e9phone. Vous pouvez poser toutes vos questions ou signaler un d\u00e9c\u00e8s ici.","og_url":"https:\/\/www.funeraillesdelval.be\/fr\/contact-delval-sereni\/","og_site_name":"Delval","article_modified_time":"2026-01-22T07:46:36+00:00","og_image":[{"width":1800,"height":628,"url":"https:\/\/www.touche.be\/app\/uploads\/sites\/79\/2025\/06\/Social-image-Delval-3.jpg","type":"image\/jpeg"}],"twitter_card":"summary_large_image","twitter_misc":{"Est. reading time":"2 minutes"},"schema":{"@context":"https:\/\/schema.org","@graph":[{"@type":["WebPage","ContactPage"],"@id":"https:\/\/www.funeraillesdelval.be\/fr\/contact-delval-sereni\/","url":"https:\/\/www.funeraillesdelval.be\/fr\/contact-delval-sereni\/","name":"Contact Delval I Sereni","isPartOf":{"@id":"https:\/\/www.funeraillesdelval.be\/fr\/#website"},"datePublished":"2021-10-26T12:14:26+00:00","dateModified":"2026-01-22T07:46:36+00:00","description":"Contact Delval Sereni 24\/7 par e-mail ou par t\u00e9l\u00e9phone. Vous pouvez poser toutes vos questions ou signaler un d\u00e9c\u00e8s ici.","inLanguage":"fr-FR","potentialAction":[{"@type":"ReadAction","target":["https:\/\/www.funeraillesdelval.be\/fr\/contact-delval-sereni\/"]}]},{"@type":"WebSite","@id":"https:\/\/www.funeraillesdelval.be\/fr\/#website","url":"https:\/\/www.funeraillesdelval.be\/fr\/","name":"Delval","description":"Just another Sereni site","potentialAction":[{"@type":"SearchAction","target":{"@type":"EntryPoint","urlTemplate":"https:\/\/www.funeraillesdelval.be\/fr\/?s={search_term_string}"},"query-input":{"@type":"PropertyValueSpecification","valueRequired":true,"valueName":"search_term_string"}}],"inLanguage":"fr-FR"}]}},"_links":{"self":[{"href":"https:\/\/www.funeraillesdelval.be\/fr\/wp-json\/wp\/v2\/pages\/24665","targetHints":{"allow":["GET"]}}],"collection":[{"href":"https:\/\/www.funeraillesdelval.be\/fr\/wp-json\/wp\/v2\/pages"}],"about":[{"href":"https:\/\/www.funeraillesdelval.be\/fr\/wp-json\/wp\/v2\/types\/page"}],"author":[{"embeddable":true,"href":"https:\/\/www.funeraillesdelval.be\/fr\/wp-json\/wp\/v2\/users\/1"}],"replies":[{"embeddable":true,"href":"https:\/\/www.funeraillesdelval.be\/fr\/wp-json\/wp\/v2\/comments?post=24665"}],"version-history":[{"count":5,"href":"https:\/\/www.funeraillesdelval.be\/fr\/wp-json\/wp\/v2\/pages\/24665\/revisions"}],"predecessor-version":[{"id":81749,"href":"https:\/\/www.funeraillesdelval.be\/fr\/wp-json\/wp\/v2\/pages\/24665\/revisions\/81749"}],"wp:attachment":[{"href":"https:\/\/www.funeraillesdelval.be\/fr\/wp-json\/wp\/v2\/media?parent=24665"}],"curies":[{"name":"wp","href":"https:\/\/api.w.org\/{rel}","templated":true}]}}