{"id":24666,"date":"2021-07-08T08:03:13","date_gmt":"2021-07-08T08:03:13","guid":{"rendered":"https:\/\/www.funeraillesdelval.be\/cookies\/"},"modified":"2026-01-27T11:45:08","modified_gmt":"2026-01-27T10:45:08","slug":"cookies-delval-sereni","status":"publish","type":"page","link":"https:\/\/www.funeraillesdelval.be\/fr\/cookies-delval-sereni\/","title":{"rendered":"Cookies"},"content":{"rendered":"\n<p class=\"normal\">Notre site web utilise des cookies et des technologies similaires. Cela nous aide \u00e0 vous offrir une meilleure exp\u00e9rience utilisateur lorsque vous visitez notre site web et nous permet \u00e9galement d&#8217;optimiser notre site web. Sans votre consentement pr\u00e9alable, nous ne pla\u00e7ons que les cookies purement fonctionnels qui sont n\u00e9cessaires au bon fonctionnement de notre site web. Pour tous les autres cookies, nous demandons d&#8217;abord votre autorisation.<\/p>\n\n\n\n<p class=\"normal\">La liste des cookies ci-dessous vous donne un aper\u00e7u des cookies que notre site web utilise :<br><strong><br>        <div class=\"ct-ultimate-gdpr-container\">\n            <label for=\"ct-ultimate-gdpr-party-filter\"> First or Third Party Filter<\/label>\n            <select name=\"ct-ultimate-gdpr-party-filter\" id=\"ct-ultimate-gdpr-party-filter\">\n                <option value=\"\">Tous<\/option>\n                <option value=\"Premi\u00e8re partie\">Premi\u00e8re partie<\/option>\n                <option value=\"Tierce partie\">Tierce partie<\/option>\n            <\/select>\n        <\/div>\n        <div id=\"ct-ultimate-gdpr-cookies-table\" class=\"ct-ultimate-gdpr-table-responsive table-responsive\">\n            <table>\n                <thead>\n                    <tr>\n                        <th>\n                            Cookie names                        <\/th>\n                        <th>\n                            Type of cookie                        <\/th>\n                        <th>\n                            First or Third party                        <\/th>\n                        <th>\n                            Can be blocked                        <\/th>\n                        <th>\n                            Session or Persistent                        <\/th>\n                        <th>\n                            Expiry Time                        <\/th>\n                        <th>\n                            Purpose                        <\/th>\n                    <\/tr>\n                <\/thead>\n                <tbody><\/tbody>\n            <\/table>\n        <\/div>\n\t\t<\/strong><\/p>\n\n\n\n<p class=\"normal\"><br>Un cookie est un petit fichier texte contenant des donn\u00e9es qu&#8217;un site web (lorsqu&#8217;un utilisateur le visite) souhaite stocker sur votre appareil afin de se souvenir d&#8217;informations vous concernant, telles que votre pr\u00e9f\u00e9rence linguistique ou vos informations de connexion. Ces cookies sont d\u00e9finis par nous et sont appel\u00e9s cookies internes. Nous utilisons \u00e9galement des cookies externes, qui sont des cookies provenant d&#8217;un domaine diff\u00e9rent de celui o\u00f9 vous vous trouvez. Nous utilisons des cookies et d&#8217;autres technologies de suivi aux fins suivantes :<\/p>\n\n\n\n<p class=\"normal\"><strong>Cookies strictement n\u00e9cessaires<\/strong><\/p>\n\n\n\n<p class=\"normal\">Ces cookies ne stockent pas d&#8217;informations personnellement identifiables mais sont n\u00e9cessaires au fonctionnement de notre site web et ne peuvent donc pas \u00eatre d\u00e9sactiv\u00e9s. Dans la plupart des cas, ces cookies ne sont utilis\u00e9s que lorsque vous demandez un service, par exemple pour enregistrer vos param\u00e8tres de confidentialit\u00e9, vous connecter \u00e0 notre site web ou remplir un formulaire. Vous pouvez configurer votre navigateur pour qu&#8217;il bloque ces cookies ou qu&#8217;il vous avertisse \u00e0 leur sujet, mais certaines parties de notre site web ne fonctionneront alors pas.<\/p>\n\n\n\n<p class=\"normal\"><strong>Cookies de performance<\/strong><br>Ces cookies nous permettent de compter les visiteurs et leurs origines afin d&#8217;analyser et d&#8217;am\u00e9liorer les performances de notre site web. Ils nous aident \u00e0 comprendre quelles sont les pages les plus et les moins populaires et comment les visiteurs se d\u00e9placent sur le site. Toutes les informations recueillies par ces cookies sont agr\u00e9g\u00e9es et donc anonymes. Si vous n&#8217;autorisez pas ces cookies, nous ne saurons pas quand vous avez visit\u00e9 notre site.<\/p>\n\n\n\n<p class=\"normal\"><strong>Cookies fonctionnels<\/strong><\/p>\n\n\n\n<p class=\"normal\">Ces cookies permettent \u00e0 notre site web de fournir des fonctionnalit\u00e9s suppl\u00e9mentaires et des param\u00e8tres personnalis\u00e9s. Elles peuvent \u00eatre d\u00e9finies par nous ou par des prestataires de services tiers plac\u00e9s sur nos pages. Si vous n&#8217;autorisez pas ces cookies, ce service ou certains de ces services peuvent ne pas fonctionner correctement.<\/p>\n\n\n\n<p class=\"normal\"><strong>Cookies de marketing<\/strong><\/p>\n\n\n\n<p class=\"normal\">Ces cookies peuvent \u00eatre plac\u00e9s par nos annonceurs sur notre site web. Ils peuvent utiliser ces cookies pour \u00e9tablir un profil de vos int\u00e9r\u00eats et vous montrer des publicit\u00e9s pertinentes sur d&#8217;autres sites web. Ils ne stockent pas directement d&#8217;informations personnelles, mais sont bas\u00e9s sur des identifiants uniques de votre navigateur et de votre appareil internet. Si vous refusez ces cookies, vous verrez moins de publicit\u00e9s adapt\u00e9es \u00e0 votre profil.<\/p>\n\n\n\n<p class=\"normal\">Si vous constatez que d&#8217;autres cookies sont plac\u00e9s sur notre site Web, veuillez nous en informer imm\u00e9diatement afin que nous puissions apporter les modifications n\u00e9cessaires.<\/p>\n\n\n\n<p class=\"normal\"><br>Nous vous donnons autant d&#8217;informations que possible sur les cookies plac\u00e9s par des tiers. Toutefois, si vous souhaitez en savoir plus, nous vous renvoyons aux d\u00e9clarations de confidentialit\u00e9 de ces parties sur leurs sites web respectifs. Veuillez noter que nous n&#8217;exer\u00e7ons aucune influence sur le contenu de ces d\u00e9clarations, ni sur le contenu des cookies de ces tiers.&nbsp;<\/p>\n\n\n\n<p class=\"normal\">Lors de votre premi\u00e8re visite sur notre site web, il vous sera demand\u00e9 d&#8217;accepter nos cookies. Vous pouvez ensuite g\u00e9rer vos choix \u00e0 tout moment.<\/p>\n\n\n\n<p class=\"normal\"><br>Si vous avez d&#8217;autres questions ou commentaires sur le traitement de vos donn\u00e9es personnelles, veuillez nous contacter par e-mail \u00e0 contact@serenishop.be ou par courrier \u00e0 Rekkemstraat 83, 8510 Marke.<br><\/p>\n\n\n\n<p class=\"normal\">Vous trouverez \u00e9galement de plus amples informations sur les cookies \u00e0 l&#8217;adresse suivante : <a href=\"http:\/\/www.allaboutcookies.org\/\">http:\/\/www.allaboutcookies.org\/<\/a> .&nbsp;Vous trouverez de plus amples informations sur la publicit\u00e9 comportementale en ligne et la confidentialit\u00e9 en ligne \u00e0 l&#8217;adresse suivante : <a href=\"http:\/\/www.youronlinechoices.eu\/\">http:\/\/www.youronlinechoices.eu\/<\/a> .<\/p>\n","protected":false},"excerpt":{"rendered":"<p>Notre site web utilise des cookies et des technologies similaires. Cela nous aide \u00e0 vous offrir une meilleure exp\u00e9rience utilisateur<\/p>\n","protected":false},"author":1,"featured_media":0,"parent":0,"menu_order":0,"comment_status":"closed","ping_status":"closed","template":"","meta":{"_acf_changed":false,"footnotes":""},"class_list":["post-24666","page","type-page","status-publish","hentry"],"acf":[],"yoast_head":"<!-- This site is optimized with the Yoast SEO plugin v25.8 - https:\/\/yoast.com\/wordpress\/plugins\/seo\/ -->\n<title>Cookies Delval I Sereni<\/title>\n<meta name=\"description\" content=\"Notre site web utilise des cookies et des technologies similaires. Cela nous aide \u00e0 vous offrir une meilleure exp\u00e9rience utilisateur.\" \/>\n<meta name=\"robots\" content=\"index, follow, max-snippet:-1, max-image-preview:large, max-video-preview:-1\" \/>\n<link rel=\"canonical\" href=\"https:\/\/www.funeraillesdelval.be\/fr\/cookies-delval-sereni\/\" \/>\n<meta property=\"og:locale\" content=\"fr_FR\" \/>\n<meta property=\"og:type\" content=\"article\" \/>\n<meta property=\"og:title\" content=\"Cookies Delval I Sereni\" \/>\n<meta property=\"og:description\" content=\"Notre site web utilise des cookies et des technologies similaires. Cela nous aide \u00e0 vous offrir une meilleure exp\u00e9rience utilisateur.\" \/>\n<meta property=\"og:url\" content=\"https:\/\/www.funeraillesdelval.be\/fr\/cookies-delval-sereni\/\" \/>\n<meta property=\"og:site_name\" content=\"Delval\" \/>\n<meta property=\"article:modified_time\" content=\"2026-01-27T10:45:08+00:00\" \/>\n<meta property=\"og:image\" content=\"https:\/\/www.touche.be\/app\/uploads\/sites\/79\/2025\/06\/Social-image-Delval-.jpg\" \/>\n\t<meta property=\"og:image:width\" content=\"1800\" \/>\n\t<meta property=\"og:image:height\" content=\"628\" \/>\n\t<meta property=\"og:image:type\" content=\"image\/jpeg\" \/>\n<meta name=\"twitter:card\" content=\"summary_large_image\" \/>\n<meta name=\"twitter:label1\" content=\"Est. reading time\" \/>\n\t<meta name=\"twitter:data1\" content=\"3 minutes\" \/>\n<script type=\"application\/ld+json\" class=\"yoast-schema-graph\">{\"@context\":\"https:\/\/schema.org\",\"@graph\":[{\"@type\":\"WebPage\",\"@id\":\"https:\/\/www.funeraillesdelval.be\/fr\/cookies-delval-sereni\/\",\"url\":\"https:\/\/www.funeraillesdelval.be\/fr\/cookies-delval-sereni\/\",\"name\":\"Cookies Delval I Sereni\",\"isPartOf\":{\"@id\":\"https:\/\/www.funeraillesdelval.be\/fr\/#website\"},\"datePublished\":\"2021-07-08T08:03:13+00:00\",\"dateModified\":\"2026-01-27T10:45:08+00:00\",\"description\":\"Notre site web utilise des cookies et des technologies similaires. Cela nous aide \u00e0 vous offrir une meilleure exp\u00e9rience utilisateur.\",\"inLanguage\":\"fr-FR\",\"potentialAction\":[{\"@type\":\"ReadAction\",\"target\":[\"https:\/\/www.funeraillesdelval.be\/fr\/cookies-delval-sereni\/\"]}]},{\"@type\":\"WebSite\",\"@id\":\"https:\/\/www.funeraillesdelval.be\/fr\/#website\",\"url\":\"https:\/\/www.funeraillesdelval.be\/fr\/\",\"name\":\"Delval\",\"description\":\"Just another Sereni site\",\"potentialAction\":[{\"@type\":\"SearchAction\",\"target\":{\"@type\":\"EntryPoint\",\"urlTemplate\":\"https:\/\/www.funeraillesdelval.be\/fr\/?s={search_term_string}\"},\"query-input\":{\"@type\":\"PropertyValueSpecification\",\"valueRequired\":true,\"valueName\":\"search_term_string\"}}],\"inLanguage\":\"fr-FR\"}]}<\/script>\n<!-- \/ Yoast SEO plugin. -->","yoast_head_json":{"title":"Cookies Delval I Sereni","description":"Notre site web utilise des cookies et des technologies similaires. Cela nous aide \u00e0 vous offrir une meilleure exp\u00e9rience utilisateur.","robots":{"index":"index","follow":"follow","max-snippet":"max-snippet:-1","max-image-preview":"max-image-preview:large","max-video-preview":"max-video-preview:-1"},"canonical":"https:\/\/www.funeraillesdelval.be\/fr\/cookies-delval-sereni\/","og_locale":"fr_FR","og_type":"article","og_title":"Cookies Delval I Sereni","og_description":"Notre site web utilise des cookies et des technologies similaires. Cela nous aide \u00e0 vous offrir une meilleure exp\u00e9rience utilisateur.","og_url":"https:\/\/www.funeraillesdelval.be\/fr\/cookies-delval-sereni\/","og_site_name":"Delval","article_modified_time":"2026-01-27T10:45:08+00:00","og_image":[{"width":1800,"height":628,"url":"https:\/\/www.touche.be\/app\/uploads\/sites\/79\/2025\/06\/Social-image-Delval-.jpg","type":"image\/jpeg"}],"twitter_card":"summary_large_image","twitter_misc":{"Est. reading time":"3 minutes"},"schema":{"@context":"https:\/\/schema.org","@graph":[{"@type":"WebPage","@id":"https:\/\/www.funeraillesdelval.be\/fr\/cookies-delval-sereni\/","url":"https:\/\/www.funeraillesdelval.be\/fr\/cookies-delval-sereni\/","name":"Cookies Delval I Sereni","isPartOf":{"@id":"https:\/\/www.funeraillesdelval.be\/fr\/#website"},"datePublished":"2021-07-08T08:03:13+00:00","dateModified":"2026-01-27T10:45:08+00:00","description":"Notre site web utilise des cookies et des technologies similaires. Cela nous aide \u00e0 vous offrir une meilleure exp\u00e9rience utilisateur.","inLanguage":"fr-FR","potentialAction":[{"@type":"ReadAction","target":["https:\/\/www.funeraillesdelval.be\/fr\/cookies-delval-sereni\/"]}]},{"@type":"WebSite","@id":"https:\/\/www.funeraillesdelval.be\/fr\/#website","url":"https:\/\/www.funeraillesdelval.be\/fr\/","name":"Delval","description":"Just another Sereni site","potentialAction":[{"@type":"SearchAction","target":{"@type":"EntryPoint","urlTemplate":"https:\/\/www.funeraillesdelval.be\/fr\/?s={search_term_string}"},"query-input":{"@type":"PropertyValueSpecification","valueRequired":true,"valueName":"search_term_string"}}],"inLanguage":"fr-FR"}]}},"_links":{"self":[{"href":"https:\/\/www.funeraillesdelval.be\/fr\/wp-json\/wp\/v2\/pages\/24666","targetHints":{"allow":["GET"]}}],"collection":[{"href":"https:\/\/www.funeraillesdelval.be\/fr\/wp-json\/wp\/v2\/pages"}],"about":[{"href":"https:\/\/www.funeraillesdelval.be\/fr\/wp-json\/wp\/v2\/types\/page"}],"author":[{"embeddable":true,"href":"https:\/\/www.funeraillesdelval.be\/fr\/wp-json\/wp\/v2\/users\/1"}],"replies":[{"embeddable":true,"href":"https:\/\/www.funeraillesdelval.be\/fr\/wp-json\/wp\/v2\/comments?post=24666"}],"version-history":[{"count":1,"href":"https:\/\/www.funeraillesdelval.be\/fr\/wp-json\/wp\/v2\/pages\/24666\/revisions"}],"predecessor-version":[{"id":81597,"href":"https:\/\/www.funeraillesdelval.be\/fr\/wp-json\/wp\/v2\/pages\/24666\/revisions\/81597"}],"wp:attachment":[{"href":"https:\/\/www.funeraillesdelval.be\/fr\/wp-json\/wp\/v2\/media?parent=24666"}],"curies":[{"name":"wp","href":"https:\/\/api.w.org\/{rel}","templated":true}]}}