{"id":24669,"date":"2022-04-04T11:14:59","date_gmt":"2022-04-04T10:14:59","guid":{"rendered":"https:\/\/www.funeraillesdelval.be\/onze-diensten\/begrafenis\/"},"modified":"2026-01-27T10:10:56","modified_gmt":"2026-01-27T09:10:56","slug":"inhumation-delval-sereni","status":"publish","type":"page","link":"https:\/\/www.funeraillesdelval.be\/fr\/organiser-des-funerailles-delval-sereni\/inhumation-delval-sereni\/","title":{"rendered":"Inhumation"},"content":{"rendered":"\n<div id=\"block-main-banner-block_51f9c603f665820396851b0771893fcb\" class=\"block-main-banner\">\n    <div class=\"container\">\n        <div class=\"banner-wrap layout2 content_left content_top\">\n            <div class=\"banner-image\">\n                                                            <img loading=\"lazy\" decoding=\"async\" width=\"1440\" height=\"956\" src=\"https:\/\/www.touche.be\/app\/uploads\/sites\/79\/2022\/10\/8259-web-1-1440x956.jpg\" class=\"attachment-full-stretched size-full-stretched\" alt=\"Inhumation\" srcset=\"https:\/\/www.touche.be\/app\/uploads\/sites\/79\/2022\/10\/8259-web-1-1440x956.jpg 1440w, https:\/\/www.touche.be\/app\/uploads\/sites\/79\/2022\/10\/8259-web-1-300x199.jpg 300w, https:\/\/www.touche.be\/app\/uploads\/sites\/79\/2022\/10\/8259-web-1-1024x680.jpg 1024w, https:\/\/www.touche.be\/app\/uploads\/sites\/79\/2022\/10\/8259-web-1-452x300.jpg 452w, https:\/\/www.touche.be\/app\/uploads\/sites\/79\/2022\/10\/8259-web-1-1300x863.jpg 1300w, https:\/\/www.touche.be\/app\/uploads\/sites\/79\/2022\/10\/8259-web-1-600x398.jpg 600w, https:\/\/www.touche.be\/app\/uploads\/sites\/79\/2022\/10\/8259-web-1.jpg 1789w\" sizes=\"auto, (max-width: 1440px) 100vw, 1440px\" title=\"Inhumation\" \/>                                                <\/div>\n\n                            <div class=\"banner-content\">\n                    <div class=\"inner\">\n                        <p>Si votre famille ne dispose pas de concession familiale ou de caveau dans un cimeti\u00e8re en Belgique ou \u00e0 l\u2019\u00e9tranger, nos conseillers fun\u00e9raires prennent le temps de vous expliquer toutes les possibilit\u00e9s d\u2019inhumation qui s\u2019offrent \u00e0 vous et ce, en fonction de la localit\u00e9 du d\u00e9funt, de ses souhaits, de ses convictions philosophiques car chaque r\u00e9gion \u00e0 sa propre r\u00e9glementation et certains cimeti\u00e8res offrent plus de possibilit\u00e9s que d\u2019autres. (Cimeti\u00e8re multiconfessionnel). Il convient donc de prendre le temps de bien dialoguer pour trouver la meilleure solution pour votre famille.<\/p>\n<p>Il est possible d\u2019\u00eatre inhum\u00e9 en pleine terre pour une dur\u00e9e de 5 ans en Wallonie et \u00e0 Bruxelles \/ 10 ans en Flandre, il n\u2019y a pas de frais d\u2019achat de terrain dans ce cas. Les concessions en pleine terre pour des dur\u00e9es plus longues et pour plusieurs corps sont possibles.<\/p>\n<p>Les caveaux anciennement ma\u00e7onn\u00e9s sont la plupart du temps constitu\u00e9s de citernes superpos\u00e9es, les cercueils ne sont donc pas en contact avec la terre mais en Wallonie et \u00e0 Bruxelles, un cercueil int\u00e9rieur en zinc est obligatoire. Le choix du caveau est donc plus on\u00e9reux.<\/p>\n<p>Il existe aussi des cavurnes permettant l\u2019inhumation d\u2019urne cin\u00e9raire.<\/p>\n<p><a class=\"btn btn-primary\" href=\"https:\/\/www.funeraillesdelval.be\/fr\/contact-delval-sereni\/\">Contactez-nous<\/a><\/p>\n                    <\/div>\n                <\/div>\n                    <\/div>\n    <\/div>\n<\/div>\n\n\n\n<div id=\"block-main-banner-block_d6fa13188789f5e645b8b24ef3075dea\" class=\"block-main-banner\">\n    <div class=\"container\">\n        <div class=\"banner-wrap layout2 content_right content_top\">\n            <div class=\"banner-image\">\n                                                            <img loading=\"lazy\" decoding=\"async\" width=\"1440\" height=\"959\" src=\"https:\/\/www.touche.be\/app\/uploads\/sites\/79\/2022\/10\/8359-web-1-1440x959.jpg\" class=\"attachment-full-stretched size-full-stretched\" alt=\"Inhumation\" srcset=\"https:\/\/www.touche.be\/app\/uploads\/sites\/79\/2022\/10\/8359-web-1-1440x959.jpg 1440w, https:\/\/www.touche.be\/app\/uploads\/sites\/79\/2022\/10\/8359-web-1-300x200.jpg 300w, https:\/\/www.touche.be\/app\/uploads\/sites\/79\/2022\/10\/8359-web-1-1024x682.jpg 1024w, https:\/\/www.touche.be\/app\/uploads\/sites\/79\/2022\/10\/8359-web-1-450x300.jpg 450w, https:\/\/www.touche.be\/app\/uploads\/sites\/79\/2022\/10\/8359-web-1-1300x866.jpg 1300w, https:\/\/www.touche.be\/app\/uploads\/sites\/79\/2022\/10\/8359-web-1-600x400.jpg 600w, https:\/\/www.touche.be\/app\/uploads\/sites\/79\/2022\/10\/8359-web-1.jpg 1783w\" sizes=\"auto, (max-width: 1440px) 100vw, 1440px\" title=\"Inhumation\" \/>                                                <\/div>\n\n                            <div class=\"banner-content\">\n                    <div class=\"inner\">\n                        <h4>Combien co\u00fbte un enterrement ?<\/h4>\n<p>Le co\u00fbt des fun\u00e9railles d\u00e9pend de plusieurs facteurs. Chez\u00a0<strong>Delval<\/strong>, nous pensons qu\u2019il est important d\u2019organiser un adieu personnel et chaleureux. C\u2019est pourquoi nous sommes heureux de vous aider \u00e0 <a href=\"https:\/\/www.funeraillesdelval.be\/fr\/organiser-des-funerailles-delval-sereni\/\" target=\"_blank\" rel=\"noopener\">organiser des fun\u00e9raille<\/a>s sur mesure. Avec vous, nous \u00e9tablissons un plan tenant compte de votre budget.\u00a0Pour avoir une id\u00e9e du co\u00fbt des fun\u00e9railles, Sereni dispose d\u2019un outil en ligne o\u00f9 vous pouvez faire une simulation de vos souhaits. Vous pouvez aussi prendre contact avec nous pour un devis sur mesure.<\/p>\n<p>&nbsp;<\/p>\n                    <\/div>\n                <\/div>\n                    <\/div>\n    <\/div>\n<\/div>\n\n\n<div id=\"block-variable-content-list-block_5feefb1e4aab81848063150ecb130362\" class=\"block-variable-content-list alt_1\">\n    <div class=\"container\">\n        <div class=\"widget-wrap per_row_2\">\n                            <div class=\"block-heading\">\n                    <span class=\"heading\">Types de tombes<\/span>\n                <\/div>\n                        <div class=\"block-content\">\n                                                                                    <div class=\"element\">\n                                                            \n                                \n                                                                    <div class=\"content-wrap\">\n                                        <p><strong>Une tombe v\u00e9g\u00e9tale<\/strong><br \/>\nUne tombe v\u00e9g\u00e9tale a l\u2019avantage de se colorer au rythme des saisons, apportant vie et biodiversit\u00e9. Elle est cr\u00e9ative, un d\u00e9tail de la vie du d\u00e9funt, la couleur, l\u2019odeur qu\u2019il aimait peuvent vous inspirer pour la cr\u00e9ation de votre jardin du souvenir. Il convient cependant d\u2019\u00eatre bien conseill\u00e9 car l\u2019exposition de la tombe doit \u00eatre prise en consid\u00e9ration. Il faut choisir des v\u00e9g\u00e9taux r\u00e9sistants \u00e0 toutes les conditions climatiques et toutes les expositions. Ils doivent \u00eatre d\u2019un entretien et d\u2019un d\u00e9veloppement limit\u00e9. Dessiner et colorier votre projet de jardin du souvenir au fil des saisons est d\u00e9j\u00e0 un geste de deuil. Travailler la terre pour qu\u2019elle donne vie aux couleurs saisonni\u00e8res permet de se r\u00e9ancrer et d\u2019\u00eatre en contact avec les bact\u00e9ries du bonheur, la Mycobacterium vaccae<\/p>\n<p><strong>Tombe pour deux personnes<\/strong><br \/>\nLors de l\u2019achat du titre de concession, il est important de prendre le temps de d\u00e9finir le nombre de personnes autoris\u00e9es \u00e0 y \u00eatre inhum\u00e9es. Il s\u2019agit toujours d\u2019une question d\u00e9licate mais il faut oser poser les bonnes questions au bon moment sous peine de frais cons\u00e9quents s\u2019il faut proc\u00e9der \u00e0 une exhumation pour permettre par exemple au couple de se retrouver.<\/p>\n<p><strong>Un tombeau, un mausol\u00e9e<\/strong><br \/>\nUn mausol\u00e9e est une chambre fun\u00e9raire hors sol dans laquelle le d\u00e9funt est inhum\u00e9. Bien que dans le pass\u00e9, seules les personnes importantes \u00e9taient inhum\u00e9es dans un mausol\u00e9e, aujourd\u2019hui, quiconque le souhaite (et peut se le permettre) peut choisir d\u2019\u00eatre enterr\u00e9 dans ce type de tombe. De plus, il n\u2019est souvent pas possible d\u2019acheter ou de louer un mausol\u00e9e car il appartient souvent \u00e0 une famille qui transmet ses tombes aux g\u00e9n\u00e9rations suivantes.<br \/>\nCependant, certains cimeti\u00e8res comme celui d\u2019Ixelles, prennent en charge la restauration de mausol\u00e9es, chapelles ou caveaux arriv\u00e9s en fin de concession. Ils sont ensuite remis \u00e0 disposition des familles. Cette politique permet de conserver le patrimoine architectural du cimeti\u00e8re.<\/p>\n                                    <\/div>\n                                                                                    <\/div>\n                                                                    <div class=\"element\">\n                                                            \n                                \n                                                                    <div class=\"content-wrap\">\n                                        <p><strong>Concession familiale (ou communautaire)<\/strong><br \/>\nDans ce type de concession, la famille \/ la communaut\u00e9 du d\u00e9funt d\u00e9tient le droit d\u2019inhumation. Les proches \/ la communaut\u00e9 disposent de ce droit pendant une dur\u00e9e d\u00e9finie en fonction de la r\u00e9glementation en vigueur dans la localit\u00e9 et peuvent le prolonger s\u2019ils le souhaitent. De plus, la famille\/ la communaut\u00e9 du d\u00e9funt peut choisir elle-m\u00eame la tombe et d\u00e9cider qui y sera enterr\u00e9.<\/p>\n<p><strong>Fosse ordinaire<\/strong><br \/>\nG\u00e9n\u00e9ralement, toute personne d\u00e9c\u00e9d\u00e9e peut \u00eatre inhum\u00e9e en fosse ordinaire dans sa commune de domicile ou dans la commune o\u00f9 elle est d\u00e9c\u00e9d\u00e9e et ce, pour une dur\u00e9e maximale de 5 ans \/ 10 ans en Flandre. Il n\u2019y a pas d\u2019obligation de poser une pierre tombale et pas de frais pour la mise \u00e0 disposition du terrain pour une dur\u00e9e de 5 ans. G\u00e9n\u00e9ralement, il n\u2019est pas possible de prolonger sa dur\u00e9e.<\/p>\n<p><strong>Tombe dans le cimeti\u00e8re multiconfessionnel<\/strong><br \/>\nIl est possible d\u2019inhumer le d\u00e9funt dans un linceul directement dans le sable.<\/p>\n<p><strong>Cavurne<\/strong><br \/>\nL\u2019urne peut \u00eatre inhum\u00e9e en cavurne. Elle est alors recouverte d\u2019une petite pierre. La dur\u00e9e de ce type de concession varie entre cinq, dix et trente ans et peut \u00eatre prolong\u00e9e si n\u00e9cessaire. Il est possible d\u2019avoir une cavurne individuelle ou collective. Tous les cimeti\u00e8res n\u2019en disposent pas.<\/p>\n<p><a class=\"btn btn-primary\" href=\"https:\/\/www.funeraillesdelval.be\/fr\/contact-delval-sereni\/\">Contactez-nous<\/a><\/p>\n<p><a class=\"btn btn-primary\" href=\"https:\/\/www.funeraillesdelval.be\/fr\/organiser-des-funerailles-delval-sereni\/\" rel=\"noopener\">Autres services<\/a><\/p>\n                                    <\/div>\n                                                                                    <\/div>\n                                                <\/div>\n        <\/div>\n    <\/div>\n<\/div>\n\n\n<div id=\"block-variable-content-list-block_52ab1ecfb3efc2cb356932950aaf1b6e\" class=\"block-variable-content-list default\">\n    <div class=\"container\">\n        <div class=\"widget-wrap per_row_4\">\n                        <div class=\"block-content\">\n                                                                                    <div class=\"element\">\n                                                            \n                                                                    <div class=\"image-wrap\">\n                                                                                    <img loading=\"lazy\" decoding=\"async\" width=\"944\" height=\"629\" src=\"https:\/\/www.touche.be\/app\/uploads\/sites\/79\/2025\/12\/vos-condoleances-en-ligne-Sereni.jpg\" class=\"attachment-large size-large\" alt=\"Inhumation\" srcset=\"https:\/\/www.touche.be\/app\/uploads\/sites\/79\/2025\/12\/vos-condoleances-en-ligne-Sereni.jpg 944w, https:\/\/www.touche.be\/app\/uploads\/sites\/79\/2025\/12\/vos-condoleances-en-ligne-Sereni-300x200.jpg 300w, https:\/\/www.touche.be\/app\/uploads\/sites\/79\/2025\/12\/vos-condoleances-en-ligne-Sereni-768x512.jpg 768w, https:\/\/www.touche.be\/app\/uploads\/sites\/79\/2025\/12\/vos-condoleances-en-ligne-Sereni-450x300.jpg 450w\" sizes=\"auto, (max-width: 944px) 100vw, 944px\" title=\"Inhumation\" \/>                                                                            <\/div>\n                                \n                                                                    <div class=\"content-wrap\">\n                                        <h4>Vos condol\u00e9ances en ligne<\/h4>\n<p>Envoyez un message, une carte ou des fleurs en quelques clics.<\/p>\n<p><a class=\"btn btn-primary\" href=\"https:\/\/www.funeraillesdelval.be\/fr\/condoleances-delval-sereni\/\">Plus d\u2019info<\/a><\/p>\n                                    <\/div>\n                                                                                    <\/div>\n                                                                    <div class=\"element\">\n                                                            \n                                                                    <div class=\"image-wrap\">\n                                                                                    <img loading=\"lazy\" decoding=\"async\" width=\"944\" height=\"629\" src=\"https:\/\/www.touche.be\/app\/uploads\/sites\/79\/2025\/12\/Transfert-et-rapatriement-Sereni.jpg\" class=\"attachment-large size-large\" alt=\"Inhumation\" srcset=\"https:\/\/www.touche.be\/app\/uploads\/sites\/79\/2025\/12\/Transfert-et-rapatriement-Sereni.jpg 944w, https:\/\/www.touche.be\/app\/uploads\/sites\/79\/2025\/12\/Transfert-et-rapatriement-Sereni-300x200.jpg 300w, https:\/\/www.touche.be\/app\/uploads\/sites\/79\/2025\/12\/Transfert-et-rapatriement-Sereni-768x512.jpg 768w, https:\/\/www.touche.be\/app\/uploads\/sites\/79\/2025\/12\/Transfert-et-rapatriement-Sereni-450x300.jpg 450w\" sizes=\"auto, (max-width: 944px) 100vw, 944px\" title=\"Inhumation\" \/>                                                                            <\/div>\n                                \n                                                                    <div class=\"content-wrap\">\n                                        <h4>Transfert et rapatriement<\/h4>\n<p>Organisation respectueuse des rapatriements internationaux.<\/p>\n<p><a class=\"btn btn-primary\" href=\"https:\/\/www.funeraillesdelval.be\/fr\/organiser-des-funerailles-delval-sereni\/transfert-et-rapatriement-delval-sereni\/\">Plus d\u2019info<\/a><\/p>\n                                    <\/div>\n                                                                                    <\/div>\n                                                                    <div class=\"element\">\n                                                            \n                                                                    <div class=\"image-wrap\">\n                                                                                    <img loading=\"lazy\" decoding=\"async\" width=\"1024\" height=\"683\" src=\"https:\/\/www.touche.be\/app\/uploads\/sites\/79\/2025\/12\/Rouwdrukwerk-1024x683.jpg\" class=\"attachment-large size-large\" alt=\"Inhumation\" srcset=\"https:\/\/www.touche.be\/app\/uploads\/sites\/79\/2025\/12\/Rouwdrukwerk-1024x683.jpg 1024w, https:\/\/www.touche.be\/app\/uploads\/sites\/79\/2025\/12\/Rouwdrukwerk-300x200.jpg 300w, https:\/\/www.touche.be\/app\/uploads\/sites\/79\/2025\/12\/Rouwdrukwerk-768x512.jpg 768w, https:\/\/www.touche.be\/app\/uploads\/sites\/79\/2025\/12\/Rouwdrukwerk-1536x1024.jpg 1536w, https:\/\/www.touche.be\/app\/uploads\/sites\/79\/2025\/12\/Rouwdrukwerk-450x300.jpg 450w, https:\/\/www.touche.be\/app\/uploads\/sites\/79\/2025\/12\/Rouwdrukwerk-1300x867.jpg 1300w, https:\/\/www.touche.be\/app\/uploads\/sites\/79\/2025\/12\/Rouwdrukwerk-1440x960.jpg 1440w, https:\/\/www.touche.be\/app\/uploads\/sites\/79\/2025\/12\/Rouwdrukwerk.jpg 1800w\" sizes=\"auto, (max-width: 1024px) 100vw, 1024px\" title=\"Inhumation\" \/>                                                                            <\/div>\n                                \n                                                                    <div class=\"content-wrap\">\n                                        <h4>Imprim\u00e9s fun\u00e9raires<\/h4>\n<p>Nous r\u00e9alisons des imprim\u00e9s personnalis\u00e9s et uniques.<\/p>\n<p><a class=\"btn btn-primary\" href=\"https:\/\/www.funeraillesdelval.be\/fr\/organiser-des-funerailles-delval-sereni\/imprimes-funeraires-delval-sereni\/\">Plus d\u2019info<\/a><\/p>\n                                    <\/div>\n                                                                                    <\/div>\n                                                                    <div class=\"element\">\n                                                            \n                                                                    <div class=\"image-wrap\">\n                                                                                    <img loading=\"lazy\" decoding=\"async\" width=\"944\" height=\"629\" src=\"https:\/\/www.touche.be\/app\/uploads\/sites\/79\/2025\/12\/Soutien-administratif-et-psychologique-Sereni-1.jpg\" class=\"attachment-large size-large\" alt=\"Inhumation\" srcset=\"https:\/\/www.touche.be\/app\/uploads\/sites\/79\/2025\/12\/Soutien-administratif-et-psychologique-Sereni-1.jpg 944w, https:\/\/www.touche.be\/app\/uploads\/sites\/79\/2025\/12\/Soutien-administratif-et-psychologique-Sereni-1-300x200.jpg 300w, https:\/\/www.touche.be\/app\/uploads\/sites\/79\/2025\/12\/Soutien-administratif-et-psychologique-Sereni-1-768x512.jpg 768w, https:\/\/www.touche.be\/app\/uploads\/sites\/79\/2025\/12\/Soutien-administratif-et-psychologique-Sereni-1-450x300.jpg 450w\" sizes=\"auto, (max-width: 944px) 100vw, 944px\" title=\"Inhumation\" \/>                                                                            <\/div>\n                                \n                                                                    <div class=\"content-wrap\">\n                                        <h4>Soutien administratif et psy<\/h4>\n<p>Nous vous accompagnons avant, pendant et apr\u00e8s les fun\u00e9railles.<\/p>\n<p><a class=\"btn btn-primary\" href=\"https:\/\/www.funeraillesdelval.be\/fr\/organiser-des-funerailles-delval-sereni\/aide-administrative\/\">Plus d\u2019info<\/a><\/p>\n                                    <\/div>\n                                                                                    <\/div>\n                                                <\/div>\n        <\/div>\n    <\/div>\n<\/div>\n","protected":false},"excerpt":{"rendered":"","protected":false},"author":1,"featured_media":0,"parent":24683,"menu_order":0,"comment_status":"closed","ping_status":"closed","template":"","meta":{"_acf_changed":false,"footnotes":""},"class_list":["post-24669","page","type-page","status-publish","hentry"],"acf":[],"yoast_head":"<!-- This site is optimized with the Yoast SEO plugin v25.8 - https:\/\/yoast.com\/wordpress\/plugins\/seo\/ -->\n<title>Inhumation Delval I Sereni<\/title>\n<meta name=\"description\" content=\"L&#039;organisateur de pompes fun\u00e8bres Delval peut organiser des inhumation personnelles. Nous vous assistons \u00e9motionnellement et administrativement.\" \/>\n<meta name=\"robots\" content=\"index, follow, max-snippet:-1, max-image-preview:large, max-video-preview:-1\" \/>\n<link rel=\"canonical\" href=\"https:\/\/www.funeraillesdelval.be\/fr\/organiser-des-funerailles-delval-sereni\/inhumation-delval-sereni\/\" \/>\n<meta property=\"og:locale\" content=\"fr_FR\" \/>\n<meta property=\"og:type\" content=\"article\" \/>\n<meta property=\"og:title\" content=\"Inhumation Delval I Sereni\" \/>\n<meta property=\"og:description\" content=\"L&#039;organisateur de pompes fun\u00e8bres Delval peut organiser des inhumation personnelles. Nous vous assistons \u00e9motionnellement et administrativement.\" \/>\n<meta property=\"og:url\" content=\"https:\/\/www.funeraillesdelval.be\/fr\/organiser-des-funerailles-delval-sereni\/inhumation-delval-sereni\/\" \/>\n<meta property=\"og:site_name\" content=\"Delval\" \/>\n<meta property=\"article:modified_time\" content=\"2026-01-27T09:10:56+00:00\" \/>\n<meta property=\"og:image\" content=\"https:\/\/www.touche.be\/app\/uploads\/sites\/79\/2025\/06\/Social-image-Delval-5.jpg\" \/>\n\t<meta property=\"og:image:width\" content=\"1800\" \/>\n\t<meta property=\"og:image:height\" content=\"628\" \/>\n\t<meta property=\"og:image:type\" content=\"image\/jpeg\" \/>\n<meta name=\"twitter:card\" content=\"summary_large_image\" \/>\n<meta name=\"twitter:label1\" content=\"Est. reading time\" \/>\n\t<meta name=\"twitter:data1\" content=\"5 minutes\" \/>\n<script type=\"application\/ld+json\" class=\"yoast-schema-graph\">{\"@context\":\"https:\/\/schema.org\",\"@graph\":[{\"@type\":\"WebPage\",\"@id\":\"https:\/\/www.funeraillesdelval.be\/fr\/organiser-des-funerailles-delval-sereni\/inhumation-delval-sereni\/\",\"url\":\"https:\/\/www.funeraillesdelval.be\/fr\/organiser-des-funerailles-delval-sereni\/inhumation-delval-sereni\/\",\"name\":\"Inhumation Delval I Sereni\",\"isPartOf\":{\"@id\":\"https:\/\/www.funeraillesdelval.be\/fr\/#website\"},\"datePublished\":\"2022-04-04T10:14:59+00:00\",\"dateModified\":\"2026-01-27T09:10:56+00:00\",\"description\":\"L'organisateur de pompes fun\u00e8bres Delval peut organiser des inhumation personnelles. Nous vous assistons \u00e9motionnellement et administrativement.\",\"breadcrumb\":{\"@id\":\"https:\/\/www.funeraillesdelval.be\/fr\/organiser-des-funerailles-delval-sereni\/inhumation-delval-sereni\/#breadcrumb\"},\"inLanguage\":\"fr-FR\",\"potentialAction\":[{\"@type\":\"ReadAction\",\"target\":[\"https:\/\/www.funeraillesdelval.be\/fr\/organiser-des-funerailles-delval-sereni\/inhumation-delval-sereni\/\"]}]},{\"@type\":\"BreadcrumbList\",\"@id\":\"https:\/\/www.funeraillesdelval.be\/fr\/organiser-des-funerailles-delval-sereni\/inhumation-delval-sereni\/#breadcrumb\",\"itemListElement\":[{\"@type\":\"ListItem\",\"position\":1,\"name\":\"Organiser des fun\u00e9railles\",\"item\":\"https:\/\/www.funeraillesdelval.be\/fr\/organiser-des-funerailles-delval-sereni\/\"},{\"@type\":\"ListItem\",\"position\":2,\"name\":\"Inhumation\"}]},{\"@type\":\"WebSite\",\"@id\":\"https:\/\/www.funeraillesdelval.be\/fr\/#website\",\"url\":\"https:\/\/www.funeraillesdelval.be\/fr\/\",\"name\":\"Delval\",\"description\":\"Just another Sereni site\",\"potentialAction\":[{\"@type\":\"SearchAction\",\"target\":{\"@type\":\"EntryPoint\",\"urlTemplate\":\"https:\/\/www.funeraillesdelval.be\/fr\/?s={search_term_string}\"},\"query-input\":{\"@type\":\"PropertyValueSpecification\",\"valueRequired\":true,\"valueName\":\"search_term_string\"}}],\"inLanguage\":\"fr-FR\"}]}<\/script>\n<!-- \/ Yoast SEO plugin. -->","yoast_head_json":{"title":"Inhumation Delval I Sereni","description":"L'organisateur de pompes fun\u00e8bres Delval peut organiser des inhumation personnelles. Nous vous assistons \u00e9motionnellement et administrativement.","robots":{"index":"index","follow":"follow","max-snippet":"max-snippet:-1","max-image-preview":"max-image-preview:large","max-video-preview":"max-video-preview:-1"},"canonical":"https:\/\/www.funeraillesdelval.be\/fr\/organiser-des-funerailles-delval-sereni\/inhumation-delval-sereni\/","og_locale":"fr_FR","og_type":"article","og_title":"Inhumation Delval I Sereni","og_description":"L'organisateur de pompes fun\u00e8bres Delval peut organiser des inhumation personnelles. Nous vous assistons \u00e9motionnellement et administrativement.","og_url":"https:\/\/www.funeraillesdelval.be\/fr\/organiser-des-funerailles-delval-sereni\/inhumation-delval-sereni\/","og_site_name":"Delval","article_modified_time":"2026-01-27T09:10:56+00:00","og_image":[{"width":1800,"height":628,"url":"https:\/\/www.touche.be\/app\/uploads\/sites\/79\/2025\/06\/Social-image-Delval-5.jpg","type":"image\/jpeg"}],"twitter_card":"summary_large_image","twitter_misc":{"Est. reading time":"5 minutes"},"schema":{"@context":"https:\/\/schema.org","@graph":[{"@type":"WebPage","@id":"https:\/\/www.funeraillesdelval.be\/fr\/organiser-des-funerailles-delval-sereni\/inhumation-delval-sereni\/","url":"https:\/\/www.funeraillesdelval.be\/fr\/organiser-des-funerailles-delval-sereni\/inhumation-delval-sereni\/","name":"Inhumation Delval I Sereni","isPartOf":{"@id":"https:\/\/www.funeraillesdelval.be\/fr\/#website"},"datePublished":"2022-04-04T10:14:59+00:00","dateModified":"2026-01-27T09:10:56+00:00","description":"L'organisateur de pompes fun\u00e8bres Delval peut organiser des inhumation personnelles. Nous vous assistons \u00e9motionnellement et administrativement.","breadcrumb":{"@id":"https:\/\/www.funeraillesdelval.be\/fr\/organiser-des-funerailles-delval-sereni\/inhumation-delval-sereni\/#breadcrumb"},"inLanguage":"fr-FR","potentialAction":[{"@type":"ReadAction","target":["https:\/\/www.funeraillesdelval.be\/fr\/organiser-des-funerailles-delval-sereni\/inhumation-delval-sereni\/"]}]},{"@type":"BreadcrumbList","@id":"https:\/\/www.funeraillesdelval.be\/fr\/organiser-des-funerailles-delval-sereni\/inhumation-delval-sereni\/#breadcrumb","itemListElement":[{"@type":"ListItem","position":1,"name":"Organiser des fun\u00e9railles","item":"https:\/\/www.funeraillesdelval.be\/fr\/organiser-des-funerailles-delval-sereni\/"},{"@type":"ListItem","position":2,"name":"Inhumation"}]},{"@type":"WebSite","@id":"https:\/\/www.funeraillesdelval.be\/fr\/#website","url":"https:\/\/www.funeraillesdelval.be\/fr\/","name":"Delval","description":"Just another Sereni site","potentialAction":[{"@type":"SearchAction","target":{"@type":"EntryPoint","urlTemplate":"https:\/\/www.funeraillesdelval.be\/fr\/?s={search_term_string}"},"query-input":{"@type":"PropertyValueSpecification","valueRequired":true,"valueName":"search_term_string"}}],"inLanguage":"fr-FR"}]}},"_links":{"self":[{"href":"https:\/\/www.funeraillesdelval.be\/fr\/wp-json\/wp\/v2\/pages\/24669","targetHints":{"allow":["GET"]}}],"collection":[{"href":"https:\/\/www.funeraillesdelval.be\/fr\/wp-json\/wp\/v2\/pages"}],"about":[{"href":"https:\/\/www.funeraillesdelval.be\/fr\/wp-json\/wp\/v2\/types\/page"}],"author":[{"embeddable":true,"href":"https:\/\/www.funeraillesdelval.be\/fr\/wp-json\/wp\/v2\/users\/1"}],"replies":[{"embeddable":true,"href":"https:\/\/www.funeraillesdelval.be\/fr\/wp-json\/wp\/v2\/comments?post=24669"}],"version-history":[{"count":6,"href":"https:\/\/www.funeraillesdelval.be\/fr\/wp-json\/wp\/v2\/pages\/24669\/revisions"}],"predecessor-version":[{"id":81769,"href":"https:\/\/www.funeraillesdelval.be\/fr\/wp-json\/wp\/v2\/pages\/24669\/revisions\/81769"}],"up":[{"embeddable":true,"href":"https:\/\/www.funeraillesdelval.be\/fr\/wp-json\/wp\/v2\/pages\/24683"}],"wp:attachment":[{"href":"https:\/\/www.funeraillesdelval.be\/fr\/wp-json\/wp\/v2\/media?parent=24669"}],"curies":[{"name":"wp","href":"https:\/\/api.w.org\/{rel}","templated":true}]}}