{"id":24671,"date":"2022-04-05T10:32:21","date_gmt":"2022-04-05T09:32:21","guid":{"rendered":"https:\/\/www.funeraillesdelval.be\/onze-diensten\/afscheidsdiensten\/"},"modified":"2026-01-22T08:54:34","modified_gmt":"2026-01-22T07:54:34","slug":"services-dadieu-delval-sereni","status":"publish","type":"page","link":"https:\/\/www.funeraillesdelval.be\/fr\/organiser-des-funerailles-delval-sereni\/services-dadieu-delval-sereni\/","title":{"rendered":"Services d&#8217;adieu"},"content":{"rendered":"\n<div id=\"block-main-banner-block_654bb0f07cd5bfbca2956464acb77947\" class=\"block-main-banner\">\n    <div class=\"container\">\n        <div class=\"banner-wrap layout2 content_right content_top\">\n            <div class=\"banner-image\">\n                                                            <img loading=\"lazy\" decoding=\"async\" width=\"1440\" height=\"784\" src=\"https:\/\/www.touche.be\/app\/uploads\/sites\/79\/2022\/10\/8229-web-1-1440x784.jpg\" class=\"attachment-full-stretched size-full-stretched\" alt=\"Services d&#039;adieu\" srcset=\"https:\/\/www.touche.be\/app\/uploads\/sites\/79\/2022\/10\/8229-web-1-1440x784.jpg 1440w, https:\/\/www.touche.be\/app\/uploads\/sites\/79\/2022\/10\/8229-web-1-300x163.jpg 300w, https:\/\/www.touche.be\/app\/uploads\/sites\/79\/2022\/10\/8229-web-1-1024x558.jpg 1024w, https:\/\/www.touche.be\/app\/uploads\/sites\/79\/2022\/10\/8229-web-1-500x272.jpg 500w, https:\/\/www.touche.be\/app\/uploads\/sites\/79\/2022\/10\/8229-web-1-1300x708.jpg 1300w, https:\/\/www.touche.be\/app\/uploads\/sites\/79\/2022\/10\/8229-web-1-600x327.jpg 600w, https:\/\/www.touche.be\/app\/uploads\/sites\/79\/2022\/10\/8229-web-1.jpg 1805w\" sizes=\"auto, (max-width: 1440px) 100vw, 1440px\" title=\"Services d&#039;adieu\" \/>                                                <\/div>\n\n                            <div class=\"banner-content\">\n                    <div class=\"inner\">\n                        <p><strong>Les pompes fun\u00e8bres Delval Sereni<\/strong>\u00a0mettent tout en \u0153uvre pour organiser <a href=\"https:\/\/www.sereni.be\/menu\/fr\/organiser-des-funerailles\">une c\u00e9r\u00e9monie d\u2019adieu<\/a> personnelle, sereine et digne. En tant qu\u2019organisateur de fun\u00e9railles, nous vous guidons dans le processus et vous prenons par la main, \u00e9tape par \u00e9tape. Ensemble, nous donnons forme \u00e0 la c\u00e9r\u00e9monie d\u2019adieu. Nous avons d\u2019abord un entretien approfondi afin de recueillir toutes les informations n\u00e9cessaires pour organiser une c\u00e9r\u00e9monie unique et personnelle. Nous traduisons les souhaits du d\u00e9funt et de ses proches. Vous trouverez ci-dessous de plus amples informations sur les types de services fun\u00e9raires que nous proposons.<\/p>\n<p><a class=\"btn btn-primary\" href=\"https:\/\/www.funeraillesdelval.be\/fr\/contact-delval-sereni\/\">Contactez-nous<\/a><\/p>\n                    <\/div>\n                <\/div>\n                    <\/div>\n    <\/div>\n<\/div>\n\n\n\n<div id=\"block-main-banner-block_f4791a92d132738c56fd2038fa7d6116\" class=\"block-main-banner\">\n    <div class=\"container\">\n        <div class=\"banner-wrap layout2 content_left content_top\">\n            <div class=\"banner-image\">\n                                                            <img loading=\"lazy\" decoding=\"async\" width=\"1440\" height=\"1050\" src=\"https:\/\/www.touche.be\/app\/uploads\/sites\/79\/2022\/10\/8376-web-1-e1666101777236-1440x1050.jpg\" class=\"attachment-full-stretched size-full-stretched\" alt=\"Services d&#039;adieu\" srcset=\"https:\/\/www.touche.be\/app\/uploads\/sites\/79\/2022\/10\/8376-web-1-e1666101777236-1440x1050.jpg 1440w, https:\/\/www.touche.be\/app\/uploads\/sites\/79\/2022\/10\/8376-web-1-e1666101777236-300x219.jpg 300w, https:\/\/www.touche.be\/app\/uploads\/sites\/79\/2022\/10\/8376-web-1-e1666101777236-1024x746.jpg 1024w, https:\/\/www.touche.be\/app\/uploads\/sites\/79\/2022\/10\/8376-web-1-e1666101777236-412x300.jpg 412w, https:\/\/www.touche.be\/app\/uploads\/sites\/79\/2022\/10\/8376-web-1-e1666101777236-1300x948.jpg 1300w, https:\/\/www.touche.be\/app\/uploads\/sites\/79\/2022\/10\/8376-web-1-e1666101777236-600x437.jpg 600w, https:\/\/www.touche.be\/app\/uploads\/sites\/79\/2022\/10\/8376-web-1-e1666101777236.jpg 1631w\" sizes=\"auto, (max-width: 1440px) 100vw, 1440px\" title=\"Services d&#039;adieu\" \/>                                                <\/div>\n\n                            <div class=\"banner-content\">\n                    <div class=\"inner\">\n                        <h2>Types de c\u00e9r\u00e9monies<\/h2>\n<ol>\n<li><strong>Service religieux<\/strong><br \/>\nDelval s\u2019adapte \u00e0 toutes les croyances religieuses et prend contact avec les pr\u00eatres, diacres, pasteurs, \u2026 pour la coordination des fun\u00e9railles.<\/li>\n<li><strong>C\u00e9r\u00e9monie civile<\/strong><br \/>\nUne c\u00e9r\u00e9monie civile peut \u00eatre pens\u00e9e, personnalis\u00e9e par la famille du d\u00e9funt et supervis\u00e9e par un officiant de Sereni. Si vous souhaitez l\u2019\u00e9toffer de musiques, de t\u00e9moignages, de chants, de photos ou films, notre \u00e9quipe est pr\u00e9sente pour tout coordonner et cr\u00e9er un hommage \u00e0 la hauteur de la vie de votre d\u00e9funt.<\/li>\n<\/ol>\n                    <\/div>\n                <\/div>\n                    <\/div>\n    <\/div>\n<\/div>\n\n\n\n<div id=\"block-main-banner-block_8820e2f2ff95eb165f8f13d200b27f9d\" class=\"block-main-banner\">\n    <div class=\"container\">\n        <div class=\"banner-wrap layout1 content_right content_bottom\">\n            <div class=\"banner-image\">\n                                                            <img loading=\"lazy\" decoding=\"async\" width=\"1440\" height=\"960\" src=\"https:\/\/www.touche.be\/app\/uploads\/sites\/79\/2022\/10\/8346-web-1-1440x960.jpg\" class=\"attachment-full-stretched size-full-stretched\" alt=\"Services d&#039;adieu\" srcset=\"https:\/\/www.touche.be\/app\/uploads\/sites\/79\/2022\/10\/8346-web-1-1440x960.jpg 1440w, https:\/\/www.touche.be\/app\/uploads\/sites\/79\/2022\/10\/8346-web-1-300x200.jpg 300w, https:\/\/www.touche.be\/app\/uploads\/sites\/79\/2022\/10\/8346-web-1-1024x683.jpg 1024w, https:\/\/www.touche.be\/app\/uploads\/sites\/79\/2022\/10\/8346-web-1-450x300.jpg 450w, https:\/\/www.touche.be\/app\/uploads\/sites\/79\/2022\/10\/8346-web-1-1300x867.jpg 1300w, https:\/\/www.touche.be\/app\/uploads\/sites\/79\/2022\/10\/8346-web-1-600x400.jpg 600w, https:\/\/www.touche.be\/app\/uploads\/sites\/79\/2022\/10\/8346-web-1.jpg 1789w\" sizes=\"auto, (max-width: 1440px) 100vw, 1440px\" title=\"Services d&#039;adieu\" \/>                                                <\/div>\n\n                            <div class=\"banner-content\">\n                    <div class=\"inner\">\n                        <h2>Audio et images<\/h2>\n<p>Lors d\u2019une c\u00e9r\u00e9monie d\u2019adieu, la musique et les images peuvent parfois parler mieux que des mots. Elles offrent espoir, soutien et r\u00e9confort. Les pompes fun\u00e8bres Delval Sereni, construisent la c\u00e9r\u00e9monie d\u2019adieu avec la musique, les photos et les intervenants choisis par les proches du d\u00e9funt ou lui-m\u00eame (si cela est pr\u00e9vu dans un testament). Les pompes fun\u00e8bres Delval peuvent vous aider en vous proposant des suggestions pour trouver la musique appropri\u00e9e.<\/p>\n<p>&nbsp;<\/p>\n                    <\/div>\n                <\/div>\n                    <\/div>\n    <\/div>\n<\/div>\n\n\n<div id=\"block-variable-content-list-block_211521520c75bc8a8b75d66bc6761759\" class=\"block-variable-content-list default\">\n    <div class=\"container\">\n        <div class=\"widget-wrap per_row_4\">\n                        <div class=\"block-content\">\n                                                                                    <div class=\"element\">\n                                                            \n                                                                    <div class=\"image-wrap\">\n                                                                                    <img loading=\"lazy\" decoding=\"async\" width=\"944\" height=\"629\" src=\"https:\/\/www.touche.be\/app\/uploads\/sites\/79\/2025\/12\/vos-condoleances-en-ligne-Sereni.jpg\" class=\"attachment-large size-large\" alt=\"Services d&#039;adieu\" srcset=\"https:\/\/www.touche.be\/app\/uploads\/sites\/79\/2025\/12\/vos-condoleances-en-ligne-Sereni.jpg 944w, https:\/\/www.touche.be\/app\/uploads\/sites\/79\/2025\/12\/vos-condoleances-en-ligne-Sereni-300x200.jpg 300w, https:\/\/www.touche.be\/app\/uploads\/sites\/79\/2025\/12\/vos-condoleances-en-ligne-Sereni-768x512.jpg 768w, https:\/\/www.touche.be\/app\/uploads\/sites\/79\/2025\/12\/vos-condoleances-en-ligne-Sereni-450x300.jpg 450w\" sizes=\"auto, (max-width: 944px) 100vw, 944px\" title=\"Services d&#039;adieu\" \/>                                                                            <\/div>\n                                \n                                                                    <div class=\"content-wrap\">\n                                        <h4>Vos condol\u00e9ances en ligne<\/h4>\n<p>Envoyez un message, une carte ou des fleurs en quelques clics.<\/p>\n<p><a class=\"btn btn-primary\" href=\"https:\/\/www.funeraillesdelval.be\/fr\/condoleances-delval-sereni\/\">Plus d\u2019info<\/a><\/p>\n                                    <\/div>\n                                                                                    <\/div>\n                                                                    <div class=\"element\">\n                                                            \n                                                                    <div class=\"image-wrap\">\n                                                                                    <img loading=\"lazy\" decoding=\"async\" width=\"944\" height=\"629\" src=\"https:\/\/www.touche.be\/app\/uploads\/sites\/79\/2025\/12\/Mon-sereni-votre-plateforme-en-ligne-securise-1.jpg\" class=\"attachment-large size-large\" alt=\"Services d&#039;adieu\" srcset=\"https:\/\/www.touche.be\/app\/uploads\/sites\/79\/2025\/12\/Mon-sereni-votre-plateforme-en-ligne-securise-1.jpg 944w, https:\/\/www.touche.be\/app\/uploads\/sites\/79\/2025\/12\/Mon-sereni-votre-plateforme-en-ligne-securise-1-300x200.jpg 300w, https:\/\/www.touche.be\/app\/uploads\/sites\/79\/2025\/12\/Mon-sereni-votre-plateforme-en-ligne-securise-1-768x512.jpg 768w, https:\/\/www.touche.be\/app\/uploads\/sites\/79\/2025\/12\/Mon-sereni-votre-plateforme-en-ligne-securise-1-450x300.jpg 450w\" sizes=\"auto, (max-width: 944px) 100vw, 944px\" title=\"Services d&#039;adieu\" \/>                                                                            <\/div>\n                                \n                                                                    <div class=\"content-wrap\">\n                                        <h4>Mon Sereni<\/h4>\n<p>Retrouvez tous vos documents et souhaits au m\u00eame endroit.<\/p>\n<p><a class=\"btn btn-primary\" href=\"https:\/\/mijn.sereni.be\/fr-BE\/connexion?lang=fr\" target=\"_blank\" rel=\"noopener\">Plus d\u2019info<\/a><\/p>\n                                    <\/div>\n                                                                                    <\/div>\n                                                                    <div class=\"element\">\n                                                            \n                                                                    <div class=\"image-wrap\">\n                                                                                    <img loading=\"lazy\" decoding=\"async\" width=\"944\" height=\"629\" src=\"https:\/\/www.touche.be\/app\/uploads\/sites\/79\/2025\/12\/carnet-mes-dernieres-volontes-Sereni-1.jpg\" class=\"attachment-large size-large\" alt=\"Services d&#039;adieu\" srcset=\"https:\/\/www.touche.be\/app\/uploads\/sites\/79\/2025\/12\/carnet-mes-dernieres-volontes-Sereni-1.jpg 944w, https:\/\/www.touche.be\/app\/uploads\/sites\/79\/2025\/12\/carnet-mes-dernieres-volontes-Sereni-1-300x200.jpg 300w, https:\/\/www.touche.be\/app\/uploads\/sites\/79\/2025\/12\/carnet-mes-dernieres-volontes-Sereni-1-768x512.jpg 768w, https:\/\/www.touche.be\/app\/uploads\/sites\/79\/2025\/12\/carnet-mes-dernieres-volontes-Sereni-1-450x300.jpg 450w\" sizes=\"auto, (max-width: 944px) 100vw, 944px\" title=\"Services d&#039;adieu\" \/>                                                                            <\/div>\n                                \n                                                                    <div class=\"content-wrap\">\n                                        <h4>Mes derni\u00e8res volont\u00e9s<\/h4>\n<p>R\u00e9fl\u00e9chissez \u00e0 la fa\u00e7on dont vous voulez qu&#8217;on se souvienne de vous.<\/p>\n<p><a class=\"btn btn-primary\" href=\"https:\/\/sereni.be\/fr\/article\/nouveau-le-carnet-mes-derniers-souhaits-vous-aide-a-reflechir-sur-ce-qui-est-important-dans-la-vie\" target=\"_blank\" rel=\"noopener\">Plus d&#8217;info<\/a><\/p>\n                                    <\/div>\n                                                                                    <\/div>\n                                                                    <div class=\"element\">\n                                                            \n                                                                    <div class=\"image-wrap\">\n                                                                                    <img loading=\"lazy\" decoding=\"async\" width=\"944\" height=\"629\" src=\"https:\/\/www.touche.be\/app\/uploads\/sites\/79\/2025\/12\/Soutien-administratif-et-psychologique-Sereni-1.jpg\" class=\"attachment-large size-large\" alt=\"Services d&#039;adieu\" srcset=\"https:\/\/www.touche.be\/app\/uploads\/sites\/79\/2025\/12\/Soutien-administratif-et-psychologique-Sereni-1.jpg 944w, https:\/\/www.touche.be\/app\/uploads\/sites\/79\/2025\/12\/Soutien-administratif-et-psychologique-Sereni-1-300x200.jpg 300w, https:\/\/www.touche.be\/app\/uploads\/sites\/79\/2025\/12\/Soutien-administratif-et-psychologique-Sereni-1-768x512.jpg 768w, https:\/\/www.touche.be\/app\/uploads\/sites\/79\/2025\/12\/Soutien-administratif-et-psychologique-Sereni-1-450x300.jpg 450w\" sizes=\"auto, (max-width: 944px) 100vw, 944px\" title=\"Services d&#039;adieu\" \/>                                                                            <\/div>\n                                \n                                                                    <div class=\"content-wrap\">\n                                        <h4>Soutien administratif et psy<\/h4>\n<p>Nous vous accompagnons avant, pendant et apr\u00e8s les fun\u00e9railles.<\/p>\n<p><a class=\"btn btn-primary\" href=\"https:\/\/www.funeraillesdelval.be\/fr\/organiser-des-funerailles-delval-sereni\/aide-administrative\/\">Plus d\u2019info<\/a><\/p>\n                                    <\/div>\n                                                                                    <\/div>\n                                                <\/div>\n        <\/div>\n    <\/div>\n<\/div>\n","protected":false},"excerpt":{"rendered":"","protected":false},"author":1,"featured_media":0,"parent":24683,"menu_order":3,"comment_status":"closed","ping_status":"closed","template":"","meta":{"_acf_changed":false,"footnotes":""},"class_list":["post-24671","page","type-page","status-publish","hentry"],"acf":[],"yoast_head":"<!-- This site is optimized with the Yoast SEO plugin v25.8 - https:\/\/yoast.com\/wordpress\/plugins\/seo\/ -->\n<title>Services d&#039;adieu Delval I Sereni<\/title>\n<meta name=\"description\" content=\"L&#039;organisateur de pompes fun\u00e8bres Delval propose divers services d&#039;adieu. Fun\u00e9railles eccl\u00e9siastiques et civiles. Contactez-nous.\" \/>\n<meta name=\"robots\" content=\"index, follow, max-snippet:-1, max-image-preview:large, max-video-preview:-1\" \/>\n<link rel=\"canonical\" href=\"https:\/\/www.funeraillesdelval.be\/fr\/organiser-des-funerailles-delval-sereni\/services-dadieu-delval-sereni\/\" \/>\n<meta property=\"og:locale\" content=\"fr_FR\" \/>\n<meta property=\"og:type\" content=\"article\" \/>\n<meta property=\"og:title\" content=\"Services d&#039;adieu Delval I Sereni\" \/>\n<meta property=\"og:description\" content=\"L&#039;organisateur de pompes fun\u00e8bres Delval propose divers services d&#039;adieu. Fun\u00e9railles eccl\u00e9siastiques et civiles. Contactez-nous.\" \/>\n<meta property=\"og:url\" content=\"https:\/\/www.funeraillesdelval.be\/fr\/organiser-des-funerailles-delval-sereni\/services-dadieu-delval-sereni\/\" \/>\n<meta property=\"og:site_name\" content=\"Delval\" \/>\n<meta property=\"article:modified_time\" content=\"2026-01-22T07:54:34+00:00\" \/>\n<meta property=\"og:image\" content=\"https:\/\/www.touche.be\/app\/uploads\/sites\/79\/2025\/06\/Social-image-Delval-7.jpg\" \/>\n\t<meta property=\"og:image:width\" content=\"1800\" \/>\n\t<meta property=\"og:image:height\" content=\"628\" \/>\n\t<meta property=\"og:image:type\" content=\"image\/jpeg\" \/>\n<meta name=\"twitter:card\" content=\"summary_large_image\" \/>\n<meta name=\"twitter:label1\" content=\"Est. reading time\" \/>\n\t<meta name=\"twitter:data1\" content=\"3 minutes\" \/>\n<script type=\"application\/ld+json\" class=\"yoast-schema-graph\">{\"@context\":\"https:\/\/schema.org\",\"@graph\":[{\"@type\":\"WebPage\",\"@id\":\"https:\/\/www.funeraillesdelval.be\/fr\/organiser-des-funerailles-delval-sereni\/services-dadieu-delval-sereni\/\",\"url\":\"https:\/\/www.funeraillesdelval.be\/fr\/organiser-des-funerailles-delval-sereni\/services-dadieu-delval-sereni\/\",\"name\":\"Services d'adieu Delval I Sereni\",\"isPartOf\":{\"@id\":\"https:\/\/www.funeraillesdelval.be\/fr\/#website\"},\"datePublished\":\"2022-04-05T09:32:21+00:00\",\"dateModified\":\"2026-01-22T07:54:34+00:00\",\"description\":\"L'organisateur de pompes fun\u00e8bres Delval propose divers services d'adieu. Fun\u00e9railles eccl\u00e9siastiques et civiles. Contactez-nous.\",\"breadcrumb\":{\"@id\":\"https:\/\/www.funeraillesdelval.be\/fr\/organiser-des-funerailles-delval-sereni\/services-dadieu-delval-sereni\/#breadcrumb\"},\"inLanguage\":\"fr-FR\",\"potentialAction\":[{\"@type\":\"ReadAction\",\"target\":[\"https:\/\/www.funeraillesdelval.be\/fr\/organiser-des-funerailles-delval-sereni\/services-dadieu-delval-sereni\/\"]}]},{\"@type\":\"BreadcrumbList\",\"@id\":\"https:\/\/www.funeraillesdelval.be\/fr\/organiser-des-funerailles-delval-sereni\/services-dadieu-delval-sereni\/#breadcrumb\",\"itemListElement\":[{\"@type\":\"ListItem\",\"position\":1,\"name\":\"Organiser des fun\u00e9railles\",\"item\":\"https:\/\/www.funeraillesdelval.be\/fr\/organiser-des-funerailles-delval-sereni\/\"},{\"@type\":\"ListItem\",\"position\":2,\"name\":\"Services d&#8217;adieu\"}]},{\"@type\":\"WebSite\",\"@id\":\"https:\/\/www.funeraillesdelval.be\/fr\/#website\",\"url\":\"https:\/\/www.funeraillesdelval.be\/fr\/\",\"name\":\"Delval\",\"description\":\"Just another Sereni site\",\"potentialAction\":[{\"@type\":\"SearchAction\",\"target\":{\"@type\":\"EntryPoint\",\"urlTemplate\":\"https:\/\/www.funeraillesdelval.be\/fr\/?s={search_term_string}\"},\"query-input\":{\"@type\":\"PropertyValueSpecification\",\"valueRequired\":true,\"valueName\":\"search_term_string\"}}],\"inLanguage\":\"fr-FR\"}]}<\/script>\n<!-- \/ Yoast SEO plugin. -->","yoast_head_json":{"title":"Services d'adieu Delval I Sereni","description":"L'organisateur de pompes fun\u00e8bres Delval propose divers services d'adieu. Fun\u00e9railles eccl\u00e9siastiques et civiles. Contactez-nous.","robots":{"index":"index","follow":"follow","max-snippet":"max-snippet:-1","max-image-preview":"max-image-preview:large","max-video-preview":"max-video-preview:-1"},"canonical":"https:\/\/www.funeraillesdelval.be\/fr\/organiser-des-funerailles-delval-sereni\/services-dadieu-delval-sereni\/","og_locale":"fr_FR","og_type":"article","og_title":"Services d'adieu Delval I Sereni","og_description":"L'organisateur de pompes fun\u00e8bres Delval propose divers services d'adieu. Fun\u00e9railles eccl\u00e9siastiques et civiles. Contactez-nous.","og_url":"https:\/\/www.funeraillesdelval.be\/fr\/organiser-des-funerailles-delval-sereni\/services-dadieu-delval-sereni\/","og_site_name":"Delval","article_modified_time":"2026-01-22T07:54:34+00:00","og_image":[{"width":1800,"height":628,"url":"https:\/\/www.touche.be\/app\/uploads\/sites\/79\/2025\/06\/Social-image-Delval-7.jpg","type":"image\/jpeg"}],"twitter_card":"summary_large_image","twitter_misc":{"Est. reading time":"3 minutes"},"schema":{"@context":"https:\/\/schema.org","@graph":[{"@type":"WebPage","@id":"https:\/\/www.funeraillesdelval.be\/fr\/organiser-des-funerailles-delval-sereni\/services-dadieu-delval-sereni\/","url":"https:\/\/www.funeraillesdelval.be\/fr\/organiser-des-funerailles-delval-sereni\/services-dadieu-delval-sereni\/","name":"Services d'adieu Delval I Sereni","isPartOf":{"@id":"https:\/\/www.funeraillesdelval.be\/fr\/#website"},"datePublished":"2022-04-05T09:32:21+00:00","dateModified":"2026-01-22T07:54:34+00:00","description":"L'organisateur de pompes fun\u00e8bres Delval propose divers services d'adieu. Fun\u00e9railles eccl\u00e9siastiques et civiles. Contactez-nous.","breadcrumb":{"@id":"https:\/\/www.funeraillesdelval.be\/fr\/organiser-des-funerailles-delval-sereni\/services-dadieu-delval-sereni\/#breadcrumb"},"inLanguage":"fr-FR","potentialAction":[{"@type":"ReadAction","target":["https:\/\/www.funeraillesdelval.be\/fr\/organiser-des-funerailles-delval-sereni\/services-dadieu-delval-sereni\/"]}]},{"@type":"BreadcrumbList","@id":"https:\/\/www.funeraillesdelval.be\/fr\/organiser-des-funerailles-delval-sereni\/services-dadieu-delval-sereni\/#breadcrumb","itemListElement":[{"@type":"ListItem","position":1,"name":"Organiser des fun\u00e9railles","item":"https:\/\/www.funeraillesdelval.be\/fr\/organiser-des-funerailles-delval-sereni\/"},{"@type":"ListItem","position":2,"name":"Services d&#8217;adieu"}]},{"@type":"WebSite","@id":"https:\/\/www.funeraillesdelval.be\/fr\/#website","url":"https:\/\/www.funeraillesdelval.be\/fr\/","name":"Delval","description":"Just another Sereni site","potentialAction":[{"@type":"SearchAction","target":{"@type":"EntryPoint","urlTemplate":"https:\/\/www.funeraillesdelval.be\/fr\/?s={search_term_string}"},"query-input":{"@type":"PropertyValueSpecification","valueRequired":true,"valueName":"search_term_string"}}],"inLanguage":"fr-FR"}]}},"_links":{"self":[{"href":"https:\/\/www.funeraillesdelval.be\/fr\/wp-json\/wp\/v2\/pages\/24671","targetHints":{"allow":["GET"]}}],"collection":[{"href":"https:\/\/www.funeraillesdelval.be\/fr\/wp-json\/wp\/v2\/pages"}],"about":[{"href":"https:\/\/www.funeraillesdelval.be\/fr\/wp-json\/wp\/v2\/types\/page"}],"author":[{"embeddable":true,"href":"https:\/\/www.funeraillesdelval.be\/fr\/wp-json\/wp\/v2\/users\/1"}],"replies":[{"embeddable":true,"href":"https:\/\/www.funeraillesdelval.be\/fr\/wp-json\/wp\/v2\/comments?post=24671"}],"version-history":[{"count":3,"href":"https:\/\/www.funeraillesdelval.be\/fr\/wp-json\/wp\/v2\/pages\/24671\/revisions"}],"predecessor-version":[{"id":81757,"href":"https:\/\/www.funeraillesdelval.be\/fr\/wp-json\/wp\/v2\/pages\/24671\/revisions\/81757"}],"up":[{"embeddable":true,"href":"https:\/\/www.funeraillesdelval.be\/fr\/wp-json\/wp\/v2\/pages\/24683"}],"wp:attachment":[{"href":"https:\/\/www.funeraillesdelval.be\/fr\/wp-json\/wp\/v2\/media?parent=24671"}],"curies":[{"name":"wp","href":"https:\/\/api.w.org\/{rel}","templated":true}]}}