{"id":24672,"date":"2022-04-04T12:45:23","date_gmt":"2022-04-04T11:45:23","guid":{"rendered":"https:\/\/www.funeraillesdelval.be\/onze-diensten\/uitvaartverzekering-afsluiten\/"},"modified":"2025-06-23T11:48:02","modified_gmt":"2025-06-23T10:48:02","slug":"assurance-obseques-delval-sereni","status":"publish","type":"page","link":"https:\/\/www.funeraillesdelval.be\/fr\/anticiper-et-prevoir-delval-sereni\/assurance-obseques-delval-sereni\/","title":{"rendered":"L&#8217;assurance obs\u00e8ques"},"content":{"rendered":"\n<div id=\"block-main-banner-block_98237b4334b03dda5de13efe501ed0b1\" class=\"block-main-banner\">\n    <div class=\"container\">\n        <div class=\"banner-wrap layout2 content_right content_bottom\">\n            <div class=\"banner-image\">\n                                                            <img loading=\"lazy\" decoding=\"async\" width=\"1440\" height=\"960\" src=\"https:\/\/www.touche.be\/app\/uploads\/sites\/79\/2024\/07\/CMS_Verzekering-1440x960.jpg\" class=\"attachment-full-stretched size-full-stretched\" alt=\"L&#039;assurance obs\u00e8ques\" srcset=\"https:\/\/www.touche.be\/app\/uploads\/sites\/79\/2024\/07\/CMS_Verzekering-1440x960.jpg 1440w, https:\/\/www.touche.be\/app\/uploads\/sites\/79\/2024\/07\/CMS_Verzekering-300x200.jpg 300w, https:\/\/www.touche.be\/app\/uploads\/sites\/79\/2024\/07\/CMS_Verzekering-1024x683.jpg 1024w, https:\/\/www.touche.be\/app\/uploads\/sites\/79\/2024\/07\/CMS_Verzekering-768x512.jpg 768w, https:\/\/www.touche.be\/app\/uploads\/sites\/79\/2024\/07\/CMS_Verzekering-1536x1024.jpg 1536w, https:\/\/www.touche.be\/app\/uploads\/sites\/79\/2024\/07\/CMS_Verzekering-450x300.jpg 450w, https:\/\/www.touche.be\/app\/uploads\/sites\/79\/2024\/07\/CMS_Verzekering-1300x867.jpg 1300w, https:\/\/www.touche.be\/app\/uploads\/sites\/79\/2024\/07\/CMS_Verzekering-600x400.jpg 600w, https:\/\/www.touche.be\/app\/uploads\/sites\/79\/2024\/07\/CMS_Verzekering.jpg 1800w\" sizes=\"auto, (max-width: 1440px) 100vw, 1440px\" title=\"L&#039;assurance obs\u00e8ques\" \/>                                                <\/div>\n\n                            <div class=\"banner-content\">\n                    <div class=\"inner\">\n                        <p class=\"font_8 wixui-rich-text__text\"><span class=\"wixui-rich-text__text\">Chez Sereni, nous sommes l\u00e0 pour vous dans les moments qui comptent vraiment. Nous comprenons qu&#8217;un enterrement est un adieu intime et personnel, c&#8217;est pourquoi nous proposons une assurance obs\u00e8ques qui met vos souhaits et ceux de vos proches au premier plan.<\/span><\/p>\n<p class=\"font_8 wixui-rich-text__text\"><span class=\"wixui-rich-text__text\">Gr\u00e2ce \u00e0 nos services complets et \u00e0 notre produit d&#8217;assurance\u00a0<strong>Cares Assistance &#8211; Concordia<\/strong>, vous n&#8217;avez pas \u00e0 vous soucier de l&#8217;aspect financier des fun\u00e9railles. Vous pouvez ainsi vous concentrer sur l&#8217;adieu et les souvenirs de votre proche. Avec l&#8217;assurance fun\u00e9raire Sereni, votre tranquillit\u00e9 d&#8217;esprit est notre priorit\u00e9.<\/span><\/p>\n<p>Notre num\u00e9ro de licence d\u2019interm\u00e9diaire d\u2019assurance est FSMA-0427.391.205<\/p>\n<p><a class=\"btn btn-primary\" href=\"https:\/\/www.sereni-prevoyance.be\/\" target=\"_blank\" rel=\"noopener\">Plus d&#8217;information<\/a><\/p>\n<p><a class=\"btn btn-primary\" href=\"https:\/\/www.sereni-prevoyance.be\/premie\" target=\"_blank\" rel=\"noopener\">Calculer votre prime<\/a><\/p>\n                    <\/div>\n                <\/div>\n                    <\/div>\n    <\/div>\n<\/div>\n\n\n\n<div id=\"block-main-banner-block_353f9bb95717f99c14214a94c53eab85\" class=\"block-main-banner\">\n    <div class=\"container\">\n        <div class=\"banner-wrap layout2 content_left content_top\">\n            <div class=\"banner-image\">\n                                                            <img loading=\"lazy\" decoding=\"async\" width=\"1440\" height=\"1050\" src=\"https:\/\/www.touche.be\/app\/uploads\/sites\/79\/2024\/07\/8376-web-1-e1666101777236-1440x1050.jpg\" class=\"attachment-full-stretched size-full-stretched\" alt=\"L&#039;assurance obs\u00e8ques\" srcset=\"https:\/\/www.touche.be\/app\/uploads\/sites\/79\/2024\/07\/8376-web-1-e1666101777236-1440x1050.jpg 1440w, https:\/\/www.touche.be\/app\/uploads\/sites\/79\/2024\/07\/8376-web-1-e1666101777236-300x219.jpg 300w, https:\/\/www.touche.be\/app\/uploads\/sites\/79\/2024\/07\/8376-web-1-e1666101777236-1024x746.jpg 1024w, https:\/\/www.touche.be\/app\/uploads\/sites\/79\/2024\/07\/8376-web-1-e1666101777236-768x560.jpg 768w, https:\/\/www.touche.be\/app\/uploads\/sites\/79\/2024\/07\/8376-web-1-e1666101777236-1536x1120.jpg 1536w, https:\/\/www.touche.be\/app\/uploads\/sites\/79\/2024\/07\/8376-web-1-e1666101777236-412x300.jpg 412w, https:\/\/www.touche.be\/app\/uploads\/sites\/79\/2024\/07\/8376-web-1-e1666101777236-1300x948.jpg 1300w, https:\/\/www.touche.be\/app\/uploads\/sites\/79\/2024\/07\/8376-web-1-e1666101777236-600x437.jpg 600w, https:\/\/www.touche.be\/app\/uploads\/sites\/79\/2024\/07\/8376-web-1-e1666101777236.jpg 1631w\" sizes=\"auto, (max-width: 1440px) 100vw, 1440px\" title=\"L&#039;assurance obs\u00e8ques\" \/>                                                <\/div>\n\n                            <div class=\"banner-content\">\n                    <div class=\"inner\">\n                        <h2>Pourquoi assurer vos frais fun\u00e9raires avec Sereni?<\/h2>\n<ul>\n<li>Vous financez les frais de votre plan obs\u00e8ques.<\/li>\n<li>Vous d\u00e9terminez vous-m\u00eame le montant assur\u00e9.<\/li>\n<li>Vous offrez la tranquillit\u00e9 d\u2019esprit \u00e0 vos proches et \u00e0 vous-m\u00eame.<\/li>\n<li>Il est \u00e9galement possible de consigner vos volont\u00e9s dans un plan fun\u00e9raire.<\/li>\n<li>Assistance \u00e0 l&#8217;\u00e9tranger.<\/li>\n<li>Assistance compl\u00e8te.<\/li>\n<\/ul>\n                    <\/div>\n                <\/div>\n                    <\/div>\n    <\/div>\n<\/div>\n\n\n\n<div id=\"block-main-banner-block_886227633ff24fa23d9ddd5715f68e2c\" class=\"block-main-banner\">\n    <div class=\"container\">\n        <div class=\"banner-wrap layout2 content_right content_top\">\n            <div class=\"banner-image\">\n                                                            <img loading=\"lazy\" decoding=\"async\" width=\"1200\" height=\"800\" src=\"https:\/\/www.touche.be\/app\/uploads\/sites\/79\/2022\/04\/CMS_BegrafenissenLogghe_Gebed.jpg\" class=\"attachment-full-stretched size-full-stretched\" alt=\"L&#039;assurance obs\u00e8ques\" srcset=\"https:\/\/www.touche.be\/app\/uploads\/sites\/79\/2022\/04\/CMS_BegrafenissenLogghe_Gebed.jpg 1200w, https:\/\/www.touche.be\/app\/uploads\/sites\/79\/2022\/04\/CMS_BegrafenissenLogghe_Gebed-300x200.jpg 300w, https:\/\/www.touche.be\/app\/uploads\/sites\/79\/2022\/04\/CMS_BegrafenissenLogghe_Gebed-1024x683.jpg 1024w, https:\/\/www.touche.be\/app\/uploads\/sites\/79\/2022\/04\/CMS_BegrafenissenLogghe_Gebed-768x512.jpg 768w, https:\/\/www.touche.be\/app\/uploads\/sites\/79\/2022\/04\/CMS_BegrafenissenLogghe_Gebed-90x60.jpg 90w, https:\/\/www.touche.be\/app\/uploads\/sites\/79\/2022\/04\/CMS_BegrafenissenLogghe_Gebed-105x70.jpg 105w, https:\/\/www.touche.be\/app\/uploads\/sites\/79\/2022\/04\/CMS_BegrafenissenLogghe_Gebed-450x300.jpg 450w, https:\/\/www.touche.be\/app\/uploads\/sites\/79\/2022\/04\/CMS_BegrafenissenLogghe_Gebed-600x400.jpg 600w\" sizes=\"auto, (max-width: 1200px) 100vw, 1200px\" title=\"L&#039;assurance obs\u00e8ques\" \/>                                                <\/div>\n\n                            <div class=\"banner-content\">\n                    <div class=\"inner\">\n                        <h2>Plus que des finances :<br \/>\nvotre plan fun\u00e9raire<\/h2>\n<p>Si vous souscrivez une assurance obs\u00e8ques, il est conseill\u00e9 de consigner vos souhaits dans un plan obs\u00e8ques. De cette fa\u00e7on, vous pouvez \u00eatre s\u00fbr que vos fun\u00e9railles correspondent \u00e0 vos derni\u00e8res volont\u00e9s.<\/p>\n<p><a class=\"btn btn-primary\" href=\"https:\/\/www.sereni-prevoyance.be\/mijn-uitvaartplan\" target=\"_blank\" rel=\"noopener\">Plus d&#8217;infos sur le plan obs\u00e8ques<\/a><\/p>\n                    <\/div>\n                <\/div>\n                    <\/div>\n    <\/div>\n<\/div>\n","protected":false},"excerpt":{"rendered":"","protected":false},"author":1,"featured_media":0,"parent":24668,"menu_order":5,"comment_status":"closed","ping_status":"closed","template":"","meta":{"_acf_changed":false,"footnotes":""},"class_list":["post-24672","page","type-page","status-publish","hentry"],"acf":[],"yoast_head":"<!-- This site is optimized with the Yoast SEO plugin v25.8 - https:\/\/yoast.com\/wordpress\/plugins\/seo\/ -->\n<title>Assurance obs\u00e8ques Delval I Sereni<\/title>\n<meta name=\"description\" content=\"Chez Delval, vous pouvez souscrire votre assurance obs\u00e8ques. Sereni est un interm\u00e9diaire d&#039;assurance reconnu. En savoir plus ici.\" \/>\n<meta name=\"robots\" content=\"index, follow, max-snippet:-1, max-image-preview:large, max-video-preview:-1\" \/>\n<link rel=\"canonical\" href=\"https:\/\/www.funeraillesdelval.be\/fr\/anticiper-et-prevoir-delval-sereni\/assurance-obseques-delval-sereni\/\" \/>\n<meta property=\"og:locale\" content=\"fr_FR\" \/>\n<meta property=\"og:type\" content=\"article\" \/>\n<meta property=\"og:title\" content=\"Assurance obs\u00e8ques Delval I Sereni\" \/>\n<meta property=\"og:description\" content=\"Chez Delval, vous pouvez souscrire votre assurance obs\u00e8ques. Sereni est un interm\u00e9diaire d&#039;assurance reconnu. En savoir plus ici.\" \/>\n<meta property=\"og:url\" content=\"https:\/\/www.funeraillesdelval.be\/fr\/anticiper-et-prevoir-delval-sereni\/assurance-obseques-delval-sereni\/\" \/>\n<meta property=\"og:site_name\" content=\"Delval\" \/>\n<meta property=\"article:modified_time\" content=\"2025-06-23T10:48:02+00:00\" \/>\n<meta property=\"og:image\" content=\"https:\/\/www.touche.be\/app\/uploads\/sites\/79\/2025\/06\/Social-image-Delval-2.jpg\" \/>\n\t<meta property=\"og:image:width\" content=\"1800\" \/>\n\t<meta property=\"og:image:height\" content=\"628\" \/>\n\t<meta property=\"og:image:type\" content=\"image\/jpeg\" \/>\n<meta name=\"twitter:card\" content=\"summary_large_image\" \/>\n<meta name=\"twitter:label1\" content=\"Est. reading time\" \/>\n\t<meta name=\"twitter:data1\" content=\"2 minutes\" \/>\n<script type=\"application\/ld+json\" class=\"yoast-schema-graph\">{\"@context\":\"https:\/\/schema.org\",\"@graph\":[{\"@type\":\"WebPage\",\"@id\":\"https:\/\/www.funeraillesdelval.be\/fr\/anticiper-et-prevoir-delval-sereni\/assurance-obseques-delval-sereni\/\",\"url\":\"https:\/\/www.funeraillesdelval.be\/fr\/anticiper-et-prevoir-delval-sereni\/assurance-obseques-delval-sereni\/\",\"name\":\"Assurance obs\u00e8ques Delval I Sereni\",\"isPartOf\":{\"@id\":\"https:\/\/www.funeraillesdelval.be\/fr\/#website\"},\"datePublished\":\"2022-04-04T11:45:23+00:00\",\"dateModified\":\"2025-06-23T10:48:02+00:00\",\"description\":\"Chez Delval, vous pouvez souscrire votre assurance obs\u00e8ques. Sereni est un interm\u00e9diaire d'assurance reconnu. En savoir plus ici.\",\"breadcrumb\":{\"@id\":\"https:\/\/www.funeraillesdelval.be\/fr\/anticiper-et-prevoir-delval-sereni\/assurance-obseques-delval-sereni\/#breadcrumb\"},\"inLanguage\":\"fr-FR\",\"potentialAction\":[{\"@type\":\"ReadAction\",\"target\":[\"https:\/\/www.funeraillesdelval.be\/fr\/anticiper-et-prevoir-delval-sereni\/assurance-obseques-delval-sereni\/\"]}]},{\"@type\":\"BreadcrumbList\",\"@id\":\"https:\/\/www.funeraillesdelval.be\/fr\/anticiper-et-prevoir-delval-sereni\/assurance-obseques-delval-sereni\/#breadcrumb\",\"itemListElement\":[{\"@type\":\"ListItem\",\"position\":1,\"name\":\"Anticiper et pr\u00e9voir\",\"item\":\"https:\/\/www.funeraillesdelval.be\/fr\/anticiper-et-prevoir-delval-sereni\/\"},{\"@type\":\"ListItem\",\"position\":2,\"name\":\"L&#8217;assurance obs\u00e8ques\"}]},{\"@type\":\"WebSite\",\"@id\":\"https:\/\/www.funeraillesdelval.be\/fr\/#website\",\"url\":\"https:\/\/www.funeraillesdelval.be\/fr\/\",\"name\":\"Delval\",\"description\":\"Just another Sereni site\",\"potentialAction\":[{\"@type\":\"SearchAction\",\"target\":{\"@type\":\"EntryPoint\",\"urlTemplate\":\"https:\/\/www.funeraillesdelval.be\/fr\/?s={search_term_string}\"},\"query-input\":{\"@type\":\"PropertyValueSpecification\",\"valueRequired\":true,\"valueName\":\"search_term_string\"}}],\"inLanguage\":\"fr-FR\"}]}<\/script>\n<!-- \/ Yoast SEO plugin. -->","yoast_head_json":{"title":"Assurance obs\u00e8ques Delval I Sereni","description":"Chez Delval, vous pouvez souscrire votre assurance obs\u00e8ques. Sereni est un interm\u00e9diaire d'assurance reconnu. En savoir plus ici.","robots":{"index":"index","follow":"follow","max-snippet":"max-snippet:-1","max-image-preview":"max-image-preview:large","max-video-preview":"max-video-preview:-1"},"canonical":"https:\/\/www.funeraillesdelval.be\/fr\/anticiper-et-prevoir-delval-sereni\/assurance-obseques-delval-sereni\/","og_locale":"fr_FR","og_type":"article","og_title":"Assurance obs\u00e8ques Delval I Sereni","og_description":"Chez Delval, vous pouvez souscrire votre assurance obs\u00e8ques. Sereni est un interm\u00e9diaire d'assurance reconnu. En savoir plus ici.","og_url":"https:\/\/www.funeraillesdelval.be\/fr\/anticiper-et-prevoir-delval-sereni\/assurance-obseques-delval-sereni\/","og_site_name":"Delval","article_modified_time":"2025-06-23T10:48:02+00:00","og_image":[{"width":1800,"height":628,"url":"https:\/\/www.touche.be\/app\/uploads\/sites\/79\/2025\/06\/Social-image-Delval-2.jpg","type":"image\/jpeg"}],"twitter_card":"summary_large_image","twitter_misc":{"Est. reading time":"2 minutes"},"schema":{"@context":"https:\/\/schema.org","@graph":[{"@type":"WebPage","@id":"https:\/\/www.funeraillesdelval.be\/fr\/anticiper-et-prevoir-delval-sereni\/assurance-obseques-delval-sereni\/","url":"https:\/\/www.funeraillesdelval.be\/fr\/anticiper-et-prevoir-delval-sereni\/assurance-obseques-delval-sereni\/","name":"Assurance obs\u00e8ques Delval I Sereni","isPartOf":{"@id":"https:\/\/www.funeraillesdelval.be\/fr\/#website"},"datePublished":"2022-04-04T11:45:23+00:00","dateModified":"2025-06-23T10:48:02+00:00","description":"Chez Delval, vous pouvez souscrire votre assurance obs\u00e8ques. Sereni est un interm\u00e9diaire d'assurance reconnu. En savoir plus ici.","breadcrumb":{"@id":"https:\/\/www.funeraillesdelval.be\/fr\/anticiper-et-prevoir-delval-sereni\/assurance-obseques-delval-sereni\/#breadcrumb"},"inLanguage":"fr-FR","potentialAction":[{"@type":"ReadAction","target":["https:\/\/www.funeraillesdelval.be\/fr\/anticiper-et-prevoir-delval-sereni\/assurance-obseques-delval-sereni\/"]}]},{"@type":"BreadcrumbList","@id":"https:\/\/www.funeraillesdelval.be\/fr\/anticiper-et-prevoir-delval-sereni\/assurance-obseques-delval-sereni\/#breadcrumb","itemListElement":[{"@type":"ListItem","position":1,"name":"Anticiper et pr\u00e9voir","item":"https:\/\/www.funeraillesdelval.be\/fr\/anticiper-et-prevoir-delval-sereni\/"},{"@type":"ListItem","position":2,"name":"L&#8217;assurance obs\u00e8ques"}]},{"@type":"WebSite","@id":"https:\/\/www.funeraillesdelval.be\/fr\/#website","url":"https:\/\/www.funeraillesdelval.be\/fr\/","name":"Delval","description":"Just another Sereni site","potentialAction":[{"@type":"SearchAction","target":{"@type":"EntryPoint","urlTemplate":"https:\/\/www.funeraillesdelval.be\/fr\/?s={search_term_string}"},"query-input":{"@type":"PropertyValueSpecification","valueRequired":true,"valueName":"search_term_string"}}],"inLanguage":"fr-FR"}]}},"_links":{"self":[{"href":"https:\/\/www.funeraillesdelval.be\/fr\/wp-json\/wp\/v2\/pages\/24672","targetHints":{"allow":["GET"]}}],"collection":[{"href":"https:\/\/www.funeraillesdelval.be\/fr\/wp-json\/wp\/v2\/pages"}],"about":[{"href":"https:\/\/www.funeraillesdelval.be\/fr\/wp-json\/wp\/v2\/types\/page"}],"author":[{"embeddable":true,"href":"https:\/\/www.funeraillesdelval.be\/fr\/wp-json\/wp\/v2\/users\/1"}],"replies":[{"embeddable":true,"href":"https:\/\/www.funeraillesdelval.be\/fr\/wp-json\/wp\/v2\/comments?post=24672"}],"version-history":[{"count":1,"href":"https:\/\/www.funeraillesdelval.be\/fr\/wp-json\/wp\/v2\/pages\/24672\/revisions"}],"predecessor-version":[{"id":81589,"href":"https:\/\/www.funeraillesdelval.be\/fr\/wp-json\/wp\/v2\/pages\/24672\/revisions\/81589"}],"up":[{"embeddable":true,"href":"https:\/\/www.funeraillesdelval.be\/fr\/wp-json\/wp\/v2\/pages\/24668"}],"wp:attachment":[{"href":"https:\/\/www.funeraillesdelval.be\/fr\/wp-json\/wp\/v2\/media?parent=24672"}],"curies":[{"name":"wp","href":"https:\/\/api.w.org\/{rel}","templated":true}]}}