{"id":24673,"date":"2022-04-04T12:33:40","date_gmt":"2022-04-04T11:33:40","guid":{"rendered":"https:\/\/www.funeraillesdelval.be\/onze-diensten\/uitvaartplan-opstellen\/"},"modified":"2026-01-22T08:50:16","modified_gmt":"2026-01-22T07:50:16","slug":"plan-funeraire-delval-sereni","status":"publish","type":"page","link":"https:\/\/www.funeraillesdelval.be\/fr\/anticiper-et-prevoir-delval-sereni\/plan-funeraire-delval-sereni\/","title":{"rendered":"Plan fun\u00e9raire"},"content":{"rendered":"\n<div id=\"block-main-banner-block_4df8e7dda29096404d8683149151519a\" class=\"block-main-banner\">\n    <div class=\"container\">\n        <div class=\"banner-wrap layout2 content_right content_top\">\n            <div class=\"banner-image\">\n                                                            <img loading=\"lazy\" decoding=\"async\" width=\"959\" height=\"1440\" src=\"https:\/\/www.touche.be\/app\/uploads\/sites\/79\/2022\/10\/8417-web-1-959x1440.jpg\" class=\"attachment-full-stretched size-full-stretched\" alt=\"Plan fun\u00e9raire\" srcset=\"https:\/\/www.touche.be\/app\/uploads\/sites\/79\/2022\/10\/8417-web-1-959x1440.jpg 959w, https:\/\/www.touche.be\/app\/uploads\/sites\/79\/2022\/10\/8417-web-1-200x300.jpg 200w, https:\/\/www.touche.be\/app\/uploads\/sites\/79\/2022\/10\/8417-web-1-682x1024.jpg 682w, https:\/\/www.touche.be\/app\/uploads\/sites\/79\/2022\/10\/8417-web-1-865x1300.jpg 865w, https:\/\/www.touche.be\/app\/uploads\/sites\/79\/2022\/10\/8417-web-1-399x600.jpg 399w, https:\/\/www.touche.be\/app\/uploads\/sites\/79\/2022\/10\/8417-web-1-scaled.jpg 1704w\" sizes=\"auto, (max-width: 959px) 100vw, 959px\" title=\"Plan fun\u00e9raire\" \/>                                                <\/div>\n\n                            <div class=\"banner-content\">\n                    <div class=\"inner\">\n                        <h2>Qu\u2019est-ce qu\u2019un <a href=\"https:\/\/www.sereni.be\/menu\/fr\/planifier-pour-plus-tard\">plan<\/a> fun\u00e9raire ?<\/h2>\n<p>De plus en plus de personnes veulent avoir leur mot \u00e0 dire concernant leurs obs\u00e8ques, tant sur le fond que sur le plan financier. Les souhaits sp\u00e9cifiques sont tous consign\u00e9s dans un plan fun\u00e9raire. Nous enregistrons ensuite les modalit\u00e9s financi\u00e8res dans une police d\u2019assurance obs\u00e8ques. Tout est clairement mis sur papier par nous en tant qu\u2019organisateur de fun\u00e9railles. Nous pr\u00e9parons toujours le document en trois exemplaires:<\/p>\n<ol>\n<li>Un exemplaire pour le titulaire du plan fun\u00e9raire.<\/li>\n<li>Un exemplaire pour la personne de confiance.<\/li>\n<li>Un exemplaire pour l\u2019entreprise.<\/li>\n<\/ol>\n<p>Nous respectons dans tous les cas les souhaits \u00e9nonc\u00e9s dans le plan fun\u00e9raire, mais les proches peuvent bien s\u00fbr \u00e9galement faire eux-m\u00eames des ajouts.<\/p>\n<p>Au service \u00e9tat-civil de la commune de votre domicile, vous avez l\u2019opportunit\u00e9 de faire consigner votre choix concernant l\u2019inhumation ou la cr\u00e9mation mais aussi d\u2019indiquer que vous avez souscrit un contrat obs\u00e8ques chez Sereni. Ce que vous d\u00e9terminez \u00e0 la commune doit par d\u00e9finition \u00eatre mis en \u0153uvre.<\/p>\n<p><a class=\"btn btn-primary\" href=\"https:\/\/www.funeraillesdelval.be\/fr\/contact-delval-sereni\/\">Contactez-nous<\/a><\/p>\n                    <\/div>\n                <\/div>\n                    <\/div>\n    <\/div>\n<\/div>\n\n\n\n<div id=\"block-main-banner-block_091da7dc09217b5f77e9b814eb98d1ce\" class=\"block-main-banner\">\n    <div class=\"container\">\n        <div class=\"banner-wrap layout2 content_left content_top\">\n            <div class=\"banner-image\">\n                                                            <img loading=\"lazy\" decoding=\"async\" width=\"1440\" height=\"956\" src=\"https:\/\/www.touche.be\/app\/uploads\/sites\/79\/2022\/10\/8256-2-1440x956.jpg\" class=\"attachment-full-stretched size-full-stretched\" alt=\"Plan fun\u00e9raire\" srcset=\"https:\/\/www.touche.be\/app\/uploads\/sites\/79\/2022\/10\/8256-2-1440x956.jpg 1440w, https:\/\/www.touche.be\/app\/uploads\/sites\/79\/2022\/10\/8256-2-300x199.jpg 300w, https:\/\/www.touche.be\/app\/uploads\/sites\/79\/2022\/10\/8256-2-1024x680.jpg 1024w, https:\/\/www.touche.be\/app\/uploads\/sites\/79\/2022\/10\/8256-2-452x300.jpg 452w, https:\/\/www.touche.be\/app\/uploads\/sites\/79\/2022\/10\/8256-2-1300x863.jpg 1300w, https:\/\/www.touche.be\/app\/uploads\/sites\/79\/2022\/10\/8256-2-600x398.jpg 600w\" sizes=\"auto, (max-width: 1440px) 100vw, 1440px\" title=\"Plan fun\u00e9raire\" \/>                                                <\/div>\n\n                            <div class=\"banner-content\">\n                    <div class=\"inner\">\n                        <h3>Quels sont les avantages d\u2019un plan fun\u00e9raire ?<\/h3>\n<ul>\n<li>Vous pouvez r\u00e9fl\u00e9chir en toute tranquillit\u00e9 et objectivit\u00e9 aux options existantes autour d\u2019un adieu<\/li>\n<li>Vous offrez la tranquillit\u00e9 d\u2019esprit \u00e0 vous-m\u00eame et \u00e0 vos proches<\/li>\n<li>Vous connaissez le budget de ce que co\u00fbtent vos souhaits et vous pouvez en tenir compte<\/li>\n<li>Vous pouvez nommer un conseiller confidentiel<\/li>\n<li>Vous restez inform\u00e9 des nouvelles \u00e9volutions en mati\u00e8re d\u2019obs\u00e8ques car nous communiquons avec vous en permanence si vous le souhaitez<\/li>\n<\/ul>\n                    <\/div>\n                <\/div>\n                    <\/div>\n    <\/div>\n<\/div>\n\n\n\n<div id=\"block-main-banner-block_5ebbe6f1f81641cb223c942e56709fff\" class=\"block-main-banner\">\n    <div class=\"container\">\n        <div class=\"banner-wrap layout1 content_right content_top\">\n            <div class=\"banner-image\">\n                                                            <img loading=\"lazy\" decoding=\"async\" width=\"1440\" height=\"957\" src=\"https:\/\/www.touche.be\/app\/uploads\/sites\/79\/2022\/10\/8218-web-1-1440x957.jpg\" class=\"attachment-full-stretched size-full-stretched\" alt=\"Plan fun\u00e9raire\" srcset=\"https:\/\/www.touche.be\/app\/uploads\/sites\/79\/2022\/10\/8218-web-1-1440x957.jpg 1440w, https:\/\/www.touche.be\/app\/uploads\/sites\/79\/2022\/10\/8218-web-1-300x199.jpg 300w, https:\/\/www.touche.be\/app\/uploads\/sites\/79\/2022\/10\/8218-web-1-1024x681.jpg 1024w, https:\/\/www.touche.be\/app\/uploads\/sites\/79\/2022\/10\/8218-web-1-451x300.jpg 451w, https:\/\/www.touche.be\/app\/uploads\/sites\/79\/2022\/10\/8218-web-1-1300x864.jpg 1300w, https:\/\/www.touche.be\/app\/uploads\/sites\/79\/2022\/10\/8218-web-1-600x399.jpg 600w, https:\/\/www.touche.be\/app\/uploads\/sites\/79\/2022\/10\/8218-web-1.jpg 1787w\" sizes=\"auto, (max-width: 1440px) 100vw, 1440px\" title=\"Plan fun\u00e9raire\" \/>                                                <\/div>\n\n                            <div class=\"banner-content\">\n                    <div class=\"inner\">\n                        <h2>Du plan fun\u00e9raire \u00e0 l\u2019assurance obs\u00e8ques<\/h2>\n<p>Vous souhaitez aller plus loin que la simple organisation de votre projet fun\u00e9raire et vous souhaitez \u00e9galement financer les frais de vos souhaits. Vous pouvez souscrire une assurance obs\u00e8ques. Sereni collabore avec des compagnies d\u2019assurance reconnues.<\/p>\n<p><a class=\"btn btn-primary\" href=\"https:\/\/www.funeraillesdelval.be\/fr\/anticiper-et-prevoir-delval-sereni\/assurance-obseques-delval-sereni\/\" target=\"_blank\" rel=\"noopener\">Assurance obs\u00e8ques<\/a><\/p>\n                    <\/div>\n                <\/div>\n                    <\/div>\n    <\/div>\n<\/div>\n\n\n\n<div id=\"block-main-banner-block_4d1ff7754ee28b18480d39241cbc06c5\" class=\"block-main-banner\">\n    <div class=\"container\">\n        <div class=\"banner-wrap layout2 content_left content_top\">\n            <div class=\"banner-image\">\n                                                            <img loading=\"lazy\" decoding=\"async\" width=\"691\" height=\"628\" src=\"https:\/\/www.touche.be\/app\/uploads\/sites\/79\/2025\/12\/Carnet-mes-dernieres-volontes-Sereni.jpg\" class=\"attachment-full-stretched size-full-stretched\" alt=\"Plan fun\u00e9raire\" srcset=\"https:\/\/www.touche.be\/app\/uploads\/sites\/79\/2025\/12\/Carnet-mes-dernieres-volontes-Sereni.jpg 691w, https:\/\/www.touche.be\/app\/uploads\/sites\/79\/2025\/12\/Carnet-mes-dernieres-volontes-Sereni-300x273.jpg 300w, https:\/\/www.touche.be\/app\/uploads\/sites\/79\/2025\/12\/Carnet-mes-dernieres-volontes-Sereni-330x300.jpg 330w\" sizes=\"auto, (max-width: 691px) 100vw, 691px\" title=\"Plan fun\u00e9raire\" \/>                                                <\/div>\n\n                            <div class=\"banner-content\">\n                    <div class=\"inner\">\n                        <h2>Mes derni\u00e8res volont\u00e9s<\/h2>\n<p>Pr\u00e9parer un d\u00e9part, c\u2019est r\u00e9fl\u00e9chir \u00e0 la vie \u2014 \u00e0 ce qui compte pour vous et \u00e0 ce que vous souhaitez laisser derri\u00e8re vous.<br \/>\nLe carnet <em>Mes Derni\u00e8res Volont\u00e9s<\/em> vous accompagne pour r\u00e9fl\u00e9chir \u00e0 :<\/p>\n<ul>\n<li><strong>Ce qui vous d\u00e9finit<\/strong><\/li>\n<li><strong>La musique ou les mots qui vous r\u00e9confortent<\/strong><\/li>\n<li><strong>Les rituels et souhaits<\/strong> qui ont une signification pour vous<\/li>\n<\/ul>\n<p>Le remplir vous apporte s\u00e9r\u00e9nit\u00e9 et facilite les \u00e9changes avec vos proches.<br \/>\nVous pouvez le compl\u00e9ter en ligne via <a class=\"text-yellow\" href=\"https:\/\/mijn.sereni.be\/fr-BE\/connexion\" target=\"_blank\" rel=\"noopener\"><strong>Mon Sereni.be<\/strong><\/a> ou demander une version papier aupr\u00e8s de <a class=\"text-yellow\" href=\"https:\/\/www.sereni.be\/fr\/branch\" target=\"_blank\" rel=\"noopener\"><strong>nos conseillers fun\u00e9raires<\/strong><\/a>.<\/p>\n<p><a class=\"btn btn-primary\" href=\"https:\/\/mijn.sereni.be\/fr-BE\/connexion\" target=\"_blank\" rel=\"noopener\">Je remplis la version digitale du carnet<\/a><\/p>\n                    <\/div>\n                <\/div>\n                    <\/div>\n    <\/div>\n<\/div>\n","protected":false},"excerpt":{"rendered":"","protected":false},"author":1,"featured_media":0,"parent":24668,"menu_order":4,"comment_status":"closed","ping_status":"closed","template":"","meta":{"_acf_changed":false,"footnotes":""},"class_list":["post-24673","page","type-page","status-publish","hentry"],"acf":[],"yoast_head":"<!-- This site is optimized with the Yoast SEO plugin v25.8 - https:\/\/yoast.com\/wordpress\/plugins\/seo\/ -->\n<title>Plan fun\u00e9raire Delval I Sereni<\/title>\n<meta name=\"description\" content=\"Chez Delval Sereni , vous pouvez \u00e9tablir votre plan fun\u00e9raire. Vos obs\u00e8ques sont planifi\u00e9es selon vos d\u00e9sirs.\" \/>\n<meta name=\"robots\" content=\"index, follow, max-snippet:-1, max-image-preview:large, max-video-preview:-1\" \/>\n<link rel=\"canonical\" href=\"https:\/\/www.funeraillesdelval.be\/fr\/anticiper-et-prevoir-delval-sereni\/plan-funeraire-delval-sereni\/\" \/>\n<meta property=\"og:locale\" content=\"fr_FR\" \/>\n<meta property=\"og:type\" content=\"article\" \/>\n<meta property=\"og:title\" content=\"Plan fun\u00e9raire Delval I Sereni\" \/>\n<meta property=\"og:description\" content=\"Chez Delval Sereni , vous pouvez \u00e9tablir votre plan fun\u00e9raire. Vos obs\u00e8ques sont planifi\u00e9es selon vos d\u00e9sirs.\" \/>\n<meta property=\"og:url\" content=\"https:\/\/www.funeraillesdelval.be\/fr\/anticiper-et-prevoir-delval-sereni\/plan-funeraire-delval-sereni\/\" \/>\n<meta property=\"og:site_name\" content=\"Delval\" \/>\n<meta property=\"article:modified_time\" content=\"2026-01-22T07:50:16+00:00\" \/>\n<meta property=\"og:image\" content=\"https:\/\/www.touche.be\/app\/uploads\/sites\/79\/2025\/06\/Social-image-Delval-1.jpg\" \/>\n\t<meta property=\"og:image:width\" content=\"1800\" \/>\n\t<meta property=\"og:image:height\" content=\"628\" \/>\n\t<meta property=\"og:image:type\" content=\"image\/jpeg\" \/>\n<meta name=\"twitter:card\" content=\"summary_large_image\" \/>\n<meta name=\"twitter:label1\" content=\"Est. reading time\" \/>\n\t<meta name=\"twitter:data1\" content=\"3 minutes\" \/>\n<script type=\"application\/ld+json\" class=\"yoast-schema-graph\">{\"@context\":\"https:\/\/schema.org\",\"@graph\":[{\"@type\":\"WebPage\",\"@id\":\"https:\/\/www.funeraillesdelval.be\/fr\/anticiper-et-prevoir-delval-sereni\/plan-funeraire-delval-sereni\/\",\"url\":\"https:\/\/www.funeraillesdelval.be\/fr\/anticiper-et-prevoir-delval-sereni\/plan-funeraire-delval-sereni\/\",\"name\":\"Plan fun\u00e9raire Delval I Sereni\",\"isPartOf\":{\"@id\":\"https:\/\/www.funeraillesdelval.be\/fr\/#website\"},\"datePublished\":\"2022-04-04T11:33:40+00:00\",\"dateModified\":\"2026-01-22T07:50:16+00:00\",\"description\":\"Chez Delval Sereni , vous pouvez \u00e9tablir votre plan fun\u00e9raire. Vos obs\u00e8ques sont planifi\u00e9es selon vos d\u00e9sirs.\",\"breadcrumb\":{\"@id\":\"https:\/\/www.funeraillesdelval.be\/fr\/anticiper-et-prevoir-delval-sereni\/plan-funeraire-delval-sereni\/#breadcrumb\"},\"inLanguage\":\"fr-FR\",\"potentialAction\":[{\"@type\":\"ReadAction\",\"target\":[\"https:\/\/www.funeraillesdelval.be\/fr\/anticiper-et-prevoir-delval-sereni\/plan-funeraire-delval-sereni\/\"]}]},{\"@type\":\"BreadcrumbList\",\"@id\":\"https:\/\/www.funeraillesdelval.be\/fr\/anticiper-et-prevoir-delval-sereni\/plan-funeraire-delval-sereni\/#breadcrumb\",\"itemListElement\":[{\"@type\":\"ListItem\",\"position\":1,\"name\":\"Anticiper et pr\u00e9voir\",\"item\":\"https:\/\/www.funeraillesdelval.be\/fr\/anticiper-et-prevoir-delval-sereni\/\"},{\"@type\":\"ListItem\",\"position\":2,\"name\":\"Plan fun\u00e9raire\"}]},{\"@type\":\"WebSite\",\"@id\":\"https:\/\/www.funeraillesdelval.be\/fr\/#website\",\"url\":\"https:\/\/www.funeraillesdelval.be\/fr\/\",\"name\":\"Delval\",\"description\":\"Just another Sereni site\",\"potentialAction\":[{\"@type\":\"SearchAction\",\"target\":{\"@type\":\"EntryPoint\",\"urlTemplate\":\"https:\/\/www.funeraillesdelval.be\/fr\/?s={search_term_string}\"},\"query-input\":{\"@type\":\"PropertyValueSpecification\",\"valueRequired\":true,\"valueName\":\"search_term_string\"}}],\"inLanguage\":\"fr-FR\"}]}<\/script>\n<!-- \/ Yoast SEO plugin. -->","yoast_head_json":{"title":"Plan fun\u00e9raire Delval I Sereni","description":"Chez Delval Sereni , vous pouvez \u00e9tablir votre plan fun\u00e9raire. Vos obs\u00e8ques sont planifi\u00e9es selon vos d\u00e9sirs.","robots":{"index":"index","follow":"follow","max-snippet":"max-snippet:-1","max-image-preview":"max-image-preview:large","max-video-preview":"max-video-preview:-1"},"canonical":"https:\/\/www.funeraillesdelval.be\/fr\/anticiper-et-prevoir-delval-sereni\/plan-funeraire-delval-sereni\/","og_locale":"fr_FR","og_type":"article","og_title":"Plan fun\u00e9raire Delval I Sereni","og_description":"Chez Delval Sereni , vous pouvez \u00e9tablir votre plan fun\u00e9raire. Vos obs\u00e8ques sont planifi\u00e9es selon vos d\u00e9sirs.","og_url":"https:\/\/www.funeraillesdelval.be\/fr\/anticiper-et-prevoir-delval-sereni\/plan-funeraire-delval-sereni\/","og_site_name":"Delval","article_modified_time":"2026-01-22T07:50:16+00:00","og_image":[{"width":1800,"height":628,"url":"https:\/\/www.touche.be\/app\/uploads\/sites\/79\/2025\/06\/Social-image-Delval-1.jpg","type":"image\/jpeg"}],"twitter_card":"summary_large_image","twitter_misc":{"Est. reading time":"3 minutes"},"schema":{"@context":"https:\/\/schema.org","@graph":[{"@type":"WebPage","@id":"https:\/\/www.funeraillesdelval.be\/fr\/anticiper-et-prevoir-delval-sereni\/plan-funeraire-delval-sereni\/","url":"https:\/\/www.funeraillesdelval.be\/fr\/anticiper-et-prevoir-delval-sereni\/plan-funeraire-delval-sereni\/","name":"Plan fun\u00e9raire Delval I Sereni","isPartOf":{"@id":"https:\/\/www.funeraillesdelval.be\/fr\/#website"},"datePublished":"2022-04-04T11:33:40+00:00","dateModified":"2026-01-22T07:50:16+00:00","description":"Chez Delval Sereni , vous pouvez \u00e9tablir votre plan fun\u00e9raire. Vos obs\u00e8ques sont planifi\u00e9es selon vos d\u00e9sirs.","breadcrumb":{"@id":"https:\/\/www.funeraillesdelval.be\/fr\/anticiper-et-prevoir-delval-sereni\/plan-funeraire-delval-sereni\/#breadcrumb"},"inLanguage":"fr-FR","potentialAction":[{"@type":"ReadAction","target":["https:\/\/www.funeraillesdelval.be\/fr\/anticiper-et-prevoir-delval-sereni\/plan-funeraire-delval-sereni\/"]}]},{"@type":"BreadcrumbList","@id":"https:\/\/www.funeraillesdelval.be\/fr\/anticiper-et-prevoir-delval-sereni\/plan-funeraire-delval-sereni\/#breadcrumb","itemListElement":[{"@type":"ListItem","position":1,"name":"Anticiper et pr\u00e9voir","item":"https:\/\/www.funeraillesdelval.be\/fr\/anticiper-et-prevoir-delval-sereni\/"},{"@type":"ListItem","position":2,"name":"Plan fun\u00e9raire"}]},{"@type":"WebSite","@id":"https:\/\/www.funeraillesdelval.be\/fr\/#website","url":"https:\/\/www.funeraillesdelval.be\/fr\/","name":"Delval","description":"Just another Sereni site","potentialAction":[{"@type":"SearchAction","target":{"@type":"EntryPoint","urlTemplate":"https:\/\/www.funeraillesdelval.be\/fr\/?s={search_term_string}"},"query-input":{"@type":"PropertyValueSpecification","valueRequired":true,"valueName":"search_term_string"}}],"inLanguage":"fr-FR"}]}},"_links":{"self":[{"href":"https:\/\/www.funeraillesdelval.be\/fr\/wp-json\/wp\/v2\/pages\/24673","targetHints":{"allow":["GET"]}}],"collection":[{"href":"https:\/\/www.funeraillesdelval.be\/fr\/wp-json\/wp\/v2\/pages"}],"about":[{"href":"https:\/\/www.funeraillesdelval.be\/fr\/wp-json\/wp\/v2\/types\/page"}],"author":[{"embeddable":true,"href":"https:\/\/www.funeraillesdelval.be\/fr\/wp-json\/wp\/v2\/users\/1"}],"replies":[{"embeddable":true,"href":"https:\/\/www.funeraillesdelval.be\/fr\/wp-json\/wp\/v2\/comments?post=24673"}],"version-history":[{"count":5,"href":"https:\/\/www.funeraillesdelval.be\/fr\/wp-json\/wp\/v2\/pages\/24673\/revisions"}],"predecessor-version":[{"id":81752,"href":"https:\/\/www.funeraillesdelval.be\/fr\/wp-json\/wp\/v2\/pages\/24673\/revisions\/81752"}],"up":[{"embeddable":true,"href":"https:\/\/www.funeraillesdelval.be\/fr\/wp-json\/wp\/v2\/pages\/24668"}],"wp:attachment":[{"href":"https:\/\/www.funeraillesdelval.be\/fr\/wp-json\/wp\/v2\/media?parent=24673"}],"curies":[{"name":"wp","href":"https:\/\/api.w.org\/{rel}","templated":true}]}}