{"id":24674,"date":"2022-04-04T13:55:39","date_gmt":"2022-04-04T12:55:39","guid":{"rendered":"https:\/\/www.funeraillesdelval.be\/onze-diensten\/vervoer-en-repatriering\/"},"modified":"2026-01-22T08:56:30","modified_gmt":"2026-01-22T07:56:30","slug":"transfert-et-rapatriement-delval-sereni","status":"publish","type":"page","link":"https:\/\/www.funeraillesdelval.be\/fr\/organiser-des-funerailles-delval-sereni\/transfert-et-rapatriement-delval-sereni\/","title":{"rendered":"Transfert et rapatriement"},"content":{"rendered":"\n<p class=\"normal\">Delval assure transfert et rapatriement. Nous avons des corbillards et des voitures de c\u00e9r\u00e9monie.<\/p>\n\n\n\n<p class=\"normal\"><\/p>\n\n\n\n<div id=\"block-main-banner-block_da2f0c7038ff5284de18b60a10a48a04\" class=\"block-main-banner\">\n    <div class=\"container\">\n        <div class=\"banner-wrap layout2 content_left content_top\">\n            <div class=\"banner-image\">\n                                                            <img loading=\"lazy\" decoding=\"async\" width=\"1440\" height=\"784\" src=\"https:\/\/www.touche.be\/app\/uploads\/sites\/79\/2022\/10\/8229-web-1-1440x784.jpg\" class=\"attachment-full-stretched size-full-stretched\" alt=\"Transfert et rapatriement\" srcset=\"https:\/\/www.touche.be\/app\/uploads\/sites\/79\/2022\/10\/8229-web-1-1440x784.jpg 1440w, https:\/\/www.touche.be\/app\/uploads\/sites\/79\/2022\/10\/8229-web-1-300x163.jpg 300w, https:\/\/www.touche.be\/app\/uploads\/sites\/79\/2022\/10\/8229-web-1-1024x558.jpg 1024w, https:\/\/www.touche.be\/app\/uploads\/sites\/79\/2022\/10\/8229-web-1-500x272.jpg 500w, https:\/\/www.touche.be\/app\/uploads\/sites\/79\/2022\/10\/8229-web-1-1300x708.jpg 1300w, https:\/\/www.touche.be\/app\/uploads\/sites\/79\/2022\/10\/8229-web-1-600x327.jpg 600w, https:\/\/www.touche.be\/app\/uploads\/sites\/79\/2022\/10\/8229-web-1.jpg 1805w\" sizes=\"auto, (max-width: 1440px) 100vw, 1440px\" title=\"Transfert et rapatriement\" \/>                                                <\/div>\n\n                            <div class=\"banner-content\">\n                    <div class=\"inner\">\n                        <h2>Corbillard<\/h2>\n<p>Nous disposons de plusieurs corbillards pour transporter les d\u00e9funts de la mani\u00e8re la plus respectueuse possible, vers des lieux de <a href=\"https:\/\/www.sereni.be\/menu\/fr\/organiser-des-funerailles\">c\u00e9r\u00e9monie<\/a>, inhumation ou cr\u00e9mation.<\/p>\n<p><a class=\"btn btn-primary\" href=\"https:\/\/www.funeraillesdelval.be\/fr\/contact-delval-sereni\/\">Contactez-nous<\/a><\/p>\n                    <\/div>\n                <\/div>\n                    <\/div>\n    <\/div>\n<\/div>\n\n\n\n<div id=\"block-main-banner-block_60bc969b2f998eb2346173bf0d5a69fd\" class=\"block-main-banner\">\n    <div class=\"container\">\n        <div class=\"banner-wrap layout2 content_right content_top\">\n            <div class=\"banner-image\">\n                                                            <img loading=\"lazy\" decoding=\"async\" width=\"1024\" height=\"683\" src=\"https:\/\/www.touche.be\/app\/uploads\/sites\/79\/2022\/10\/CMS_Depolder_Vervoer-1-1024x683-1.jpeg\" class=\"attachment-full-stretched size-full-stretched\" alt=\"Transfert et rapatriement\" srcset=\"https:\/\/www.touche.be\/app\/uploads\/sites\/79\/2022\/10\/CMS_Depolder_Vervoer-1-1024x683-1.jpeg 1024w, https:\/\/www.touche.be\/app\/uploads\/sites\/79\/2022\/10\/CMS_Depolder_Vervoer-1-1024x683-1-300x200.jpeg 300w, https:\/\/www.touche.be\/app\/uploads\/sites\/79\/2022\/10\/CMS_Depolder_Vervoer-1-1024x683-1-450x300.jpeg 450w, https:\/\/www.touche.be\/app\/uploads\/sites\/79\/2022\/10\/CMS_Depolder_Vervoer-1-1024x683-1-600x400.jpeg 600w\" sizes=\"auto, (max-width: 1024px) 100vw, 1024px\" title=\"Transfert et rapatriement\" \/>                                                <\/div>\n\n                            <div class=\"banner-content\">\n                    <div class=\"inner\">\n                        <h2>V\u00e9hicules de suite<\/h2>\n<p>Nous proposons \u00e9galement des v\u00e9hicules de suite pour ceux qui ne souhaitent pas conduire eux-m\u00eame leur voiture le jour de l\u2019adieu. Il est alors possible de suivre le corbillard en toute s\u00e9r\u00e9nit\u00e9 en geste de dernier accompagnement du d\u00e9funt pour son dernier voyage.<br \/>\nPour les passionn\u00e9s de nos amis les chevaux, nous pouvons proposer un hippo corbillard.<\/p>\n<p><a class=\"btn btn-primary\" href=\"https:\/\/www.funeraillesdelval.be\/fr\/contact-delval-sereni\/\">Contactez-nous<\/a><\/p>\n                    <\/div>\n                <\/div>\n                    <\/div>\n    <\/div>\n<\/div>\n\n\n\n<div id=\"block-main-banner-block_dd07b5b5a904405ace3f592d4dc75ba6\" class=\"block-main-banner\">\n    <div class=\"container\">\n        <div class=\"banner-wrap layout2 content_left content_bottom\">\n            <div class=\"banner-image\">\n                                                            <img loading=\"lazy\" decoding=\"async\" width=\"800\" height=\"834\" src=\"https:\/\/www.touche.be\/app\/uploads\/sites\/79\/2022\/04\/CMS_BegrafenissenLogghe_Repatriation-e1666103640633.jpg\" class=\"attachment-full-stretched size-full-stretched\" alt=\"Transfert et rapatriement\" srcset=\"https:\/\/www.touche.be\/app\/uploads\/sites\/79\/2022\/04\/CMS_BegrafenissenLogghe_Repatriation-e1666103640633.jpg 800w, https:\/\/www.touche.be\/app\/uploads\/sites\/79\/2022\/04\/CMS_BegrafenissenLogghe_Repatriation-e1666103640633-288x300.jpg 288w, https:\/\/www.touche.be\/app\/uploads\/sites\/79\/2022\/04\/CMS_BegrafenissenLogghe_Repatriation-e1666103640633-576x600.jpg 576w\" sizes=\"auto, (max-width: 800px) 100vw, 800px\" title=\"Transfert et rapatriement\" \/>                                                <\/div>\n\n                            <div class=\"banner-content\">\n                    <div class=\"inner\">\n                        <h2>Transfert et rapatriement international<\/h2>\n<p>En cas de d\u00e9c\u00e8s \u00e0 l\u2019\u00e9tranger, vous avez le choix de faire inhumer, incin\u00e9rer ou rapatrier la personne d\u00e9c\u00e9d\u00e9e dans le pays de son domicile. Cependant, ce dernier peut \u00eatre tr\u00e8s co\u00fbteux. Certaines polices d\u2019assurance (obs\u00e8ques) ou mutuelles offrent un service suppl\u00e9mentaire pour cela, mais g\u00e9n\u00e9ralement une limite y est enregistr\u00e9e. Le corps du d\u00e9funt ne peut \u00eatre transport\u00e9 en Belgique que si les autorit\u00e9s locales l\u2019ont autoris\u00e9. Pour le transport a\u00e9rien, le d\u00e9funt et les modalit\u00e9s de son transfert doivent r\u00e9pondre \u00e0 des conditions internationales strictes. Ces conditions sont diff\u00e9rentes pour chaque pays.<\/p>\n<p><a class=\"btn btn-primary\" href=\"https:\/\/www.funeraillesdelval.be\/fr\/contact-delval-sereni\/\">Contactez-nous<\/a><\/p>\n                    <\/div>\n                <\/div>\n                    <\/div>\n    <\/div>\n<\/div>\n\n\n<div id=\"block-variable-content-list-block_5b0d4700d310f59e4db22095493ecd6d\" class=\"block-variable-content-list default\">\n    <div class=\"container\">\n        <div class=\"widget-wrap per_row_2\">\n                        <div class=\"block-content\">\n                                                                                    <div class=\"element\">\n                                                            \n                                                                    <div class=\"image-wrap\">\n                                                                                    <img loading=\"lazy\" decoding=\"async\" width=\"1024\" height=\"683\" src=\"https:\/\/www.touche.be\/app\/uploads\/sites\/79\/2025\/12\/Rouwdrukwerk-1024x683.jpg\" class=\"attachment-large size-large\" alt=\"Transfert et rapatriement\" srcset=\"https:\/\/www.touche.be\/app\/uploads\/sites\/79\/2025\/12\/Rouwdrukwerk-1024x683.jpg 1024w, https:\/\/www.touche.be\/app\/uploads\/sites\/79\/2025\/12\/Rouwdrukwerk-300x200.jpg 300w, https:\/\/www.touche.be\/app\/uploads\/sites\/79\/2025\/12\/Rouwdrukwerk-768x512.jpg 768w, https:\/\/www.touche.be\/app\/uploads\/sites\/79\/2025\/12\/Rouwdrukwerk-1536x1024.jpg 1536w, https:\/\/www.touche.be\/app\/uploads\/sites\/79\/2025\/12\/Rouwdrukwerk-450x300.jpg 450w, https:\/\/www.touche.be\/app\/uploads\/sites\/79\/2025\/12\/Rouwdrukwerk-1300x867.jpg 1300w, https:\/\/www.touche.be\/app\/uploads\/sites\/79\/2025\/12\/Rouwdrukwerk-1440x960.jpg 1440w, https:\/\/www.touche.be\/app\/uploads\/sites\/79\/2025\/12\/Rouwdrukwerk.jpg 1800w\" sizes=\"auto, (max-width: 1024px) 100vw, 1024px\" title=\"Transfert et rapatriement\" \/>                                                                            <\/div>\n                                \n                                                                    <div class=\"content-wrap\">\n                                        <h4>Imprim\u00e9s fun\u00e9raires<\/h4>\n<p>Nous r\u00e9alisons des imprim\u00e9s personnalis\u00e9s et uniques.<\/p>\n<p><a class=\"btn btn-primary\" href=\"https:\/\/www.funeraillesdelval.be\/fr\/organiser-des-funerailles-delval-sereni\/imprimes-funeraires-delval-sereni\/\">Plus d\u2019info<\/a><\/p>\n                                    <\/div>\n                                                                                    <\/div>\n                                                                    <div class=\"element\">\n                                                            \n                                                                    <div class=\"image-wrap\">\n                                                                                    <img loading=\"lazy\" decoding=\"async\" width=\"944\" height=\"629\" src=\"https:\/\/www.touche.be\/app\/uploads\/sites\/79\/2025\/12\/Soutien-administratif-et-psychologique-Sereni-1.jpg\" class=\"attachment-large size-large\" alt=\"Transfert et rapatriement\" srcset=\"https:\/\/www.touche.be\/app\/uploads\/sites\/79\/2025\/12\/Soutien-administratif-et-psychologique-Sereni-1.jpg 944w, https:\/\/www.touche.be\/app\/uploads\/sites\/79\/2025\/12\/Soutien-administratif-et-psychologique-Sereni-1-300x200.jpg 300w, https:\/\/www.touche.be\/app\/uploads\/sites\/79\/2025\/12\/Soutien-administratif-et-psychologique-Sereni-1-768x512.jpg 768w, https:\/\/www.touche.be\/app\/uploads\/sites\/79\/2025\/12\/Soutien-administratif-et-psychologique-Sereni-1-450x300.jpg 450w\" sizes=\"auto, (max-width: 944px) 100vw, 944px\" title=\"Transfert et rapatriement\" \/>                                                                            <\/div>\n                                \n                                                                    <div class=\"content-wrap\">\n                                        <h4>Soutien administratif et psy<\/h4>\n<p>Nous vous accompagnons avant, pendant et apr\u00e8s les fun\u00e9railles.<\/p>\n<p><a class=\"btn btn-primary\" href=\"https:\/\/www.funeraillesdelval.be\/fr\/organiser-des-funerailles-delval-sereni\/aide-administrative\/\">Plus d\u2019info<\/a><\/p>\n                                    <\/div>\n                                                                                    <\/div>\n                                                <\/div>\n        <\/div>\n    <\/div>\n<\/div>\n","protected":false},"excerpt":{"rendered":"<p>Delval assure transfert et rapatriement. Nous avons des corbillards et des voitures de c\u00e9r\u00e9monie.<\/p>\n","protected":false},"author":1,"featured_media":0,"parent":24683,"menu_order":6,"comment_status":"closed","ping_status":"closed","template":"","meta":{"_acf_changed":false,"footnotes":""},"class_list":["post-24674","page","type-page","status-publish","hentry"],"acf":[],"yoast_head":"<!-- This site is optimized with the Yoast SEO plugin v25.8 - https:\/\/yoast.com\/wordpress\/plugins\/seo\/ -->\n<title>Transfert et rapatriement Delval I Sereni<\/title>\n<meta name=\"description\" content=\"Delval assure transfert et rapatriement. Nous avons des corbillards et des voitures de c\u00e9r\u00e9monie. Lisez toutes.\" \/>\n<meta name=\"robots\" content=\"index, follow, max-snippet:-1, max-image-preview:large, max-video-preview:-1\" \/>\n<link rel=\"canonical\" href=\"https:\/\/www.funeraillesdelval.be\/fr\/organiser-des-funerailles-delval-sereni\/transfert-et-rapatriement-delval-sereni\/\" \/>\n<meta property=\"og:locale\" content=\"fr_FR\" \/>\n<meta property=\"og:type\" content=\"article\" \/>\n<meta property=\"og:title\" content=\"Transfert et rapatriement Delval I Sereni\" \/>\n<meta property=\"og:description\" content=\"Delval assure transfert et rapatriement. Nous avons des corbillards et des voitures de c\u00e9r\u00e9monie. Lisez toutes.\" \/>\n<meta property=\"og:url\" content=\"https:\/\/www.funeraillesdelval.be\/fr\/organiser-des-funerailles-delval-sereni\/transfert-et-rapatriement-delval-sereni\/\" \/>\n<meta property=\"og:site_name\" content=\"Delval\" \/>\n<meta property=\"article:modified_time\" content=\"2026-01-22T07:56:30+00:00\" \/>\n<meta property=\"og:image\" content=\"https:\/\/www.touche.be\/app\/uploads\/sites\/79\/2025\/06\/Social-image-Delval-8.jpg\" \/>\n\t<meta property=\"og:image:width\" content=\"1800\" \/>\n\t<meta property=\"og:image:height\" content=\"628\" \/>\n\t<meta property=\"og:image:type\" content=\"image\/jpeg\" \/>\n<meta name=\"twitter:card\" content=\"summary_large_image\" \/>\n<meta name=\"twitter:label1\" content=\"Est. reading time\" \/>\n\t<meta name=\"twitter:data1\" content=\"2 minutes\" \/>\n<script type=\"application\/ld+json\" class=\"yoast-schema-graph\">{\"@context\":\"https:\/\/schema.org\",\"@graph\":[{\"@type\":\"WebPage\",\"@id\":\"https:\/\/www.funeraillesdelval.be\/fr\/organiser-des-funerailles-delval-sereni\/transfert-et-rapatriement-delval-sereni\/\",\"url\":\"https:\/\/www.funeraillesdelval.be\/fr\/organiser-des-funerailles-delval-sereni\/transfert-et-rapatriement-delval-sereni\/\",\"name\":\"Transfert et rapatriement Delval I Sereni\",\"isPartOf\":{\"@id\":\"https:\/\/www.funeraillesdelval.be\/fr\/#website\"},\"datePublished\":\"2022-04-04T12:55:39+00:00\",\"dateModified\":\"2026-01-22T07:56:30+00:00\",\"description\":\"Delval assure transfert et rapatriement. Nous avons des corbillards et des voitures de c\u00e9r\u00e9monie. Lisez toutes.\",\"breadcrumb\":{\"@id\":\"https:\/\/www.funeraillesdelval.be\/fr\/organiser-des-funerailles-delval-sereni\/transfert-et-rapatriement-delval-sereni\/#breadcrumb\"},\"inLanguage\":\"fr-FR\",\"potentialAction\":[{\"@type\":\"ReadAction\",\"target\":[\"https:\/\/www.funeraillesdelval.be\/fr\/organiser-des-funerailles-delval-sereni\/transfert-et-rapatriement-delval-sereni\/\"]}]},{\"@type\":\"BreadcrumbList\",\"@id\":\"https:\/\/www.funeraillesdelval.be\/fr\/organiser-des-funerailles-delval-sereni\/transfert-et-rapatriement-delval-sereni\/#breadcrumb\",\"itemListElement\":[{\"@type\":\"ListItem\",\"position\":1,\"name\":\"Organiser des fun\u00e9railles\",\"item\":\"https:\/\/www.funeraillesdelval.be\/fr\/organiser-des-funerailles-delval-sereni\/\"},{\"@type\":\"ListItem\",\"position\":2,\"name\":\"Transfert et rapatriement\"}]},{\"@type\":\"WebSite\",\"@id\":\"https:\/\/www.funeraillesdelval.be\/fr\/#website\",\"url\":\"https:\/\/www.funeraillesdelval.be\/fr\/\",\"name\":\"Delval\",\"description\":\"Just another Sereni site\",\"potentialAction\":[{\"@type\":\"SearchAction\",\"target\":{\"@type\":\"EntryPoint\",\"urlTemplate\":\"https:\/\/www.funeraillesdelval.be\/fr\/?s={search_term_string}\"},\"query-input\":{\"@type\":\"PropertyValueSpecification\",\"valueRequired\":true,\"valueName\":\"search_term_string\"}}],\"inLanguage\":\"fr-FR\"}]}<\/script>\n<!-- \/ Yoast SEO plugin. -->","yoast_head_json":{"title":"Transfert et rapatriement Delval I Sereni","description":"Delval assure transfert et rapatriement. Nous avons des corbillards et des voitures de c\u00e9r\u00e9monie. Lisez toutes.","robots":{"index":"index","follow":"follow","max-snippet":"max-snippet:-1","max-image-preview":"max-image-preview:large","max-video-preview":"max-video-preview:-1"},"canonical":"https:\/\/www.funeraillesdelval.be\/fr\/organiser-des-funerailles-delval-sereni\/transfert-et-rapatriement-delval-sereni\/","og_locale":"fr_FR","og_type":"article","og_title":"Transfert et rapatriement Delval I Sereni","og_description":"Delval assure transfert et rapatriement. Nous avons des corbillards et des voitures de c\u00e9r\u00e9monie. Lisez toutes.","og_url":"https:\/\/www.funeraillesdelval.be\/fr\/organiser-des-funerailles-delval-sereni\/transfert-et-rapatriement-delval-sereni\/","og_site_name":"Delval","article_modified_time":"2026-01-22T07:56:30+00:00","og_image":[{"width":1800,"height":628,"url":"https:\/\/www.touche.be\/app\/uploads\/sites\/79\/2025\/06\/Social-image-Delval-8.jpg","type":"image\/jpeg"}],"twitter_card":"summary_large_image","twitter_misc":{"Est. reading time":"2 minutes"},"schema":{"@context":"https:\/\/schema.org","@graph":[{"@type":"WebPage","@id":"https:\/\/www.funeraillesdelval.be\/fr\/organiser-des-funerailles-delval-sereni\/transfert-et-rapatriement-delval-sereni\/","url":"https:\/\/www.funeraillesdelval.be\/fr\/organiser-des-funerailles-delval-sereni\/transfert-et-rapatriement-delval-sereni\/","name":"Transfert et rapatriement Delval I Sereni","isPartOf":{"@id":"https:\/\/www.funeraillesdelval.be\/fr\/#website"},"datePublished":"2022-04-04T12:55:39+00:00","dateModified":"2026-01-22T07:56:30+00:00","description":"Delval assure transfert et rapatriement. Nous avons des corbillards et des voitures de c\u00e9r\u00e9monie. Lisez toutes.","breadcrumb":{"@id":"https:\/\/www.funeraillesdelval.be\/fr\/organiser-des-funerailles-delval-sereni\/transfert-et-rapatriement-delval-sereni\/#breadcrumb"},"inLanguage":"fr-FR","potentialAction":[{"@type":"ReadAction","target":["https:\/\/www.funeraillesdelval.be\/fr\/organiser-des-funerailles-delval-sereni\/transfert-et-rapatriement-delval-sereni\/"]}]},{"@type":"BreadcrumbList","@id":"https:\/\/www.funeraillesdelval.be\/fr\/organiser-des-funerailles-delval-sereni\/transfert-et-rapatriement-delval-sereni\/#breadcrumb","itemListElement":[{"@type":"ListItem","position":1,"name":"Organiser des fun\u00e9railles","item":"https:\/\/www.funeraillesdelval.be\/fr\/organiser-des-funerailles-delval-sereni\/"},{"@type":"ListItem","position":2,"name":"Transfert et rapatriement"}]},{"@type":"WebSite","@id":"https:\/\/www.funeraillesdelval.be\/fr\/#website","url":"https:\/\/www.funeraillesdelval.be\/fr\/","name":"Delval","description":"Just another Sereni site","potentialAction":[{"@type":"SearchAction","target":{"@type":"EntryPoint","urlTemplate":"https:\/\/www.funeraillesdelval.be\/fr\/?s={search_term_string}"},"query-input":{"@type":"PropertyValueSpecification","valueRequired":true,"valueName":"search_term_string"}}],"inLanguage":"fr-FR"}]}},"_links":{"self":[{"href":"https:\/\/www.funeraillesdelval.be\/fr\/wp-json\/wp\/v2\/pages\/24674","targetHints":{"allow":["GET"]}}],"collection":[{"href":"https:\/\/www.funeraillesdelval.be\/fr\/wp-json\/wp\/v2\/pages"}],"about":[{"href":"https:\/\/www.funeraillesdelval.be\/fr\/wp-json\/wp\/v2\/types\/page"}],"author":[{"embeddable":true,"href":"https:\/\/www.funeraillesdelval.be\/fr\/wp-json\/wp\/v2\/users\/1"}],"replies":[{"embeddable":true,"href":"https:\/\/www.funeraillesdelval.be\/fr\/wp-json\/wp\/v2\/comments?post=24674"}],"version-history":[{"count":4,"href":"https:\/\/www.funeraillesdelval.be\/fr\/wp-json\/wp\/v2\/pages\/24674\/revisions"}],"predecessor-version":[{"id":81758,"href":"https:\/\/www.funeraillesdelval.be\/fr\/wp-json\/wp\/v2\/pages\/24674\/revisions\/81758"}],"up":[{"embeddable":true,"href":"https:\/\/www.funeraillesdelval.be\/fr\/wp-json\/wp\/v2\/pages\/24683"}],"wp:attachment":[{"href":"https:\/\/www.funeraillesdelval.be\/fr\/wp-json\/wp\/v2\/media?parent=24674"}],"curies":[{"name":"wp","href":"https:\/\/api.w.org\/{rel}","templated":true}]}}