{"id":24676,"date":"2022-04-05T10:43:46","date_gmt":"2022-04-05T09:43:46","guid":{"rendered":"https:\/\/www.funeraillesdelval.be\/onze-diensten\/rouwdrukwerk\/"},"modified":"2026-01-22T08:53:35","modified_gmt":"2026-01-22T07:53:35","slug":"imprimes-funeraires-delval-sereni","status":"publish","type":"page","link":"https:\/\/www.funeraillesdelval.be\/fr\/organiser-des-funerailles-delval-sereni\/imprimes-funeraires-delval-sereni\/","title":{"rendered":"Imprim\u00e9s fun\u00e9raires"},"content":{"rendered":"\n<div id=\"block-main-banner-block_b7cafd77f512ae91cce5efb60ecdd1df\" class=\"block-main-banner\">\n    <div class=\"container\">\n        <div class=\"banner-wrap layout2 content_left content_bottom\">\n            <div class=\"banner-image\">\n                                                            <img loading=\"lazy\" decoding=\"async\" width=\"960\" height=\"1440\" src=\"https:\/\/www.touche.be\/app\/uploads\/sites\/79\/2022\/10\/8270-2-960x1440.jpg\" class=\"attachment-full-stretched size-full-stretched\" alt=\"Imprim\u00e9s fun\u00e9raires\" srcset=\"https:\/\/www.touche.be\/app\/uploads\/sites\/79\/2022\/10\/8270-2-960x1440.jpg 960w, https:\/\/www.touche.be\/app\/uploads\/sites\/79\/2022\/10\/8270-2-200x300.jpg 200w, https:\/\/www.touche.be\/app\/uploads\/sites\/79\/2022\/10\/8270-2-682x1024.jpg 682w, https:\/\/www.touche.be\/app\/uploads\/sites\/79\/2022\/10\/8270-2-866x1300.jpg 866w, https:\/\/www.touche.be\/app\/uploads\/sites\/79\/2022\/10\/8270-2-400x600.jpg 400w, https:\/\/www.touche.be\/app\/uploads\/sites\/79\/2022\/10\/8270-2-scaled.jpg 1706w\" sizes=\"auto, (max-width: 960px) 100vw, 960px\" title=\"Imprim\u00e9s fun\u00e9raires\" \/>                                                <\/div>\n\n                            <div class=\"banner-content\">\n                    <div class=\"inner\">\n                        <h2 id=\"tw-target-text\" class=\"tw-data-text tw-text-large tw-ta\" dir=\"ltr\" data-placeholder=\"Translation\"><span class=\"Y2IQFc\" lang=\"fr\">Delval propose un travail de deuil personnel<\/span><\/h2>\n<p>Imprim\u00e9s fun\u00e9raires du deuil est quelque chose de tr\u00e8s personnel. Chaque jour, une \u00e9quipe professionnelle et cr\u00e9ative travaille avec passion sur des faire-part de deuil et des cartes comm\u00e9moratives qui vous touchent. Afin de pouvoir vous offrir un bon service, Delval utilise les machines d\u2019impression les plus modernes. De cette fa\u00e7on, nous pouvons livrer votre travail de deuil rapidement et efficacement, m\u00eame pendant le week-end. Bien s\u00fbr, il est \u00e9galement possible de fournir vous-m\u00eame le mat\u00e9riel pour les cartes de deuil. Dans les deux cas, vous recevrez une \u00e9preuve.<\/p>\n<p>Nous nous occupons \u00e9galement de tout ce qui a trait \u00e0 l\u2019annonce du d\u00e9c\u00e8s. Les invitations pour la r\u00e9ception apr\u00e8s fun\u00e9railles, les cartes comm\u00e9moratives, les timbres de deuil, les agrandissements de photos avec un cadre\u2026 Si vous souhaitez faire ins\u00e9rer une n\u00e9crologie dans les journaux, vous pouvez \u00e9galement <a href=\"https:\/\/www.sereni.be\/menu\/fr\/organiser-des-funerailles\">nous contacter pour cela<\/a>.<\/p>\n<p><a class=\"btn btn-primary\" href=\"https:\/\/www.funeraillesdelval.be\/fr\/contact-delval-sereni\/\">Contactez-nous<\/a><\/p>\n                    <\/div>\n                <\/div>\n                    <\/div>\n    <\/div>\n<\/div>\n","protected":false},"excerpt":{"rendered":"","protected":false},"author":1,"featured_media":0,"parent":24683,"menu_order":8,"comment_status":"closed","ping_status":"closed","template":"","meta":{"_acf_changed":false,"footnotes":""},"class_list":["post-24676","page","type-page","status-publish","hentry"],"acf":[],"yoast_head":"<!-- This site is optimized with the Yoast SEO plugin v25.8 - https:\/\/yoast.com\/wordpress\/plugins\/seo\/ -->\n<title>Imprim\u00e9s fun\u00e9raires Delval I Sereni<\/title>\n<meta name=\"description\" content=\"Fun\u00e9railles Delval fait \u00e9galement travailler votre imprim\u00e9s fun\u00e9raires et fournit tout ce qui concerne l&#039;annonce d&#039;un d\u00e9c\u00e8s.\" \/>\n<meta name=\"robots\" content=\"index, follow, max-snippet:-1, max-image-preview:large, max-video-preview:-1\" \/>\n<link rel=\"canonical\" href=\"https:\/\/www.funeraillesdelval.be\/fr\/organiser-des-funerailles-delval-sereni\/imprimes-funeraires-delval-sereni\/\" \/>\n<meta property=\"og:locale\" content=\"fr_FR\" \/>\n<meta property=\"og:type\" content=\"article\" \/>\n<meta property=\"og:title\" content=\"Imprim\u00e9s fun\u00e9raires Delval I Sereni\" \/>\n<meta property=\"og:description\" content=\"Fun\u00e9railles Delval fait \u00e9galement travailler votre imprim\u00e9s fun\u00e9raires et fournit tout ce qui concerne l&#039;annonce d&#039;un d\u00e9c\u00e8s.\" \/>\n<meta property=\"og:url\" content=\"https:\/\/www.funeraillesdelval.be\/fr\/organiser-des-funerailles-delval-sereni\/imprimes-funeraires-delval-sereni\/\" \/>\n<meta property=\"og:site_name\" content=\"Delval\" \/>\n<meta property=\"article:modified_time\" content=\"2026-01-22T07:53:35+00:00\" \/>\n<meta property=\"og:image\" content=\"https:\/\/www.touche.be\/app\/uploads\/sites\/79\/2025\/06\/Social-image-Delval-9.jpg\" \/>\n\t<meta property=\"og:image:width\" content=\"1800\" \/>\n\t<meta property=\"og:image:height\" content=\"628\" \/>\n\t<meta property=\"og:image:type\" content=\"image\/jpeg\" \/>\n<meta name=\"twitter:card\" content=\"summary_large_image\" \/>\n<meta name=\"twitter:label1\" content=\"Est. reading time\" \/>\n\t<meta name=\"twitter:data1\" content=\"1 minute\" \/>\n<script type=\"application\/ld+json\" class=\"yoast-schema-graph\">{\"@context\":\"https:\/\/schema.org\",\"@graph\":[{\"@type\":\"WebPage\",\"@id\":\"https:\/\/www.funeraillesdelval.be\/fr\/organiser-des-funerailles-delval-sereni\/imprimes-funeraires-delval-sereni\/\",\"url\":\"https:\/\/www.funeraillesdelval.be\/fr\/organiser-des-funerailles-delval-sereni\/imprimes-funeraires-delval-sereni\/\",\"name\":\"Imprim\u00e9s fun\u00e9raires Delval I Sereni\",\"isPartOf\":{\"@id\":\"https:\/\/www.funeraillesdelval.be\/fr\/#website\"},\"datePublished\":\"2022-04-05T09:43:46+00:00\",\"dateModified\":\"2026-01-22T07:53:35+00:00\",\"description\":\"Fun\u00e9railles Delval fait \u00e9galement travailler votre imprim\u00e9s fun\u00e9raires et fournit tout ce qui concerne l'annonce d'un d\u00e9c\u00e8s.\",\"breadcrumb\":{\"@id\":\"https:\/\/www.funeraillesdelval.be\/fr\/organiser-des-funerailles-delval-sereni\/imprimes-funeraires-delval-sereni\/#breadcrumb\"},\"inLanguage\":\"fr-FR\",\"potentialAction\":[{\"@type\":\"ReadAction\",\"target\":[\"https:\/\/www.funeraillesdelval.be\/fr\/organiser-des-funerailles-delval-sereni\/imprimes-funeraires-delval-sereni\/\"]}]},{\"@type\":\"BreadcrumbList\",\"@id\":\"https:\/\/www.funeraillesdelval.be\/fr\/organiser-des-funerailles-delval-sereni\/imprimes-funeraires-delval-sereni\/#breadcrumb\",\"itemListElement\":[{\"@type\":\"ListItem\",\"position\":1,\"name\":\"Organiser des fun\u00e9railles\",\"item\":\"https:\/\/www.funeraillesdelval.be\/fr\/organiser-des-funerailles-delval-sereni\/\"},{\"@type\":\"ListItem\",\"position\":2,\"name\":\"Imprim\u00e9s fun\u00e9raires\"}]},{\"@type\":\"WebSite\",\"@id\":\"https:\/\/www.funeraillesdelval.be\/fr\/#website\",\"url\":\"https:\/\/www.funeraillesdelval.be\/fr\/\",\"name\":\"Delval\",\"description\":\"Just another Sereni site\",\"potentialAction\":[{\"@type\":\"SearchAction\",\"target\":{\"@type\":\"EntryPoint\",\"urlTemplate\":\"https:\/\/www.funeraillesdelval.be\/fr\/?s={search_term_string}\"},\"query-input\":{\"@type\":\"PropertyValueSpecification\",\"valueRequired\":true,\"valueName\":\"search_term_string\"}}],\"inLanguage\":\"fr-FR\"}]}<\/script>\n<!-- \/ Yoast SEO plugin. -->","yoast_head_json":{"title":"Imprim\u00e9s fun\u00e9raires Delval I Sereni","description":"Fun\u00e9railles Delval fait \u00e9galement travailler votre imprim\u00e9s fun\u00e9raires et fournit tout ce qui concerne l'annonce d'un d\u00e9c\u00e8s.","robots":{"index":"index","follow":"follow","max-snippet":"max-snippet:-1","max-image-preview":"max-image-preview:large","max-video-preview":"max-video-preview:-1"},"canonical":"https:\/\/www.funeraillesdelval.be\/fr\/organiser-des-funerailles-delval-sereni\/imprimes-funeraires-delval-sereni\/","og_locale":"fr_FR","og_type":"article","og_title":"Imprim\u00e9s fun\u00e9raires Delval I Sereni","og_description":"Fun\u00e9railles Delval fait \u00e9galement travailler votre imprim\u00e9s fun\u00e9raires et fournit tout ce qui concerne l'annonce d'un d\u00e9c\u00e8s.","og_url":"https:\/\/www.funeraillesdelval.be\/fr\/organiser-des-funerailles-delval-sereni\/imprimes-funeraires-delval-sereni\/","og_site_name":"Delval","article_modified_time":"2026-01-22T07:53:35+00:00","og_image":[{"width":1800,"height":628,"url":"https:\/\/www.touche.be\/app\/uploads\/sites\/79\/2025\/06\/Social-image-Delval-9.jpg","type":"image\/jpeg"}],"twitter_card":"summary_large_image","twitter_misc":{"Est. reading time":"1 minute"},"schema":{"@context":"https:\/\/schema.org","@graph":[{"@type":"WebPage","@id":"https:\/\/www.funeraillesdelval.be\/fr\/organiser-des-funerailles-delval-sereni\/imprimes-funeraires-delval-sereni\/","url":"https:\/\/www.funeraillesdelval.be\/fr\/organiser-des-funerailles-delval-sereni\/imprimes-funeraires-delval-sereni\/","name":"Imprim\u00e9s fun\u00e9raires Delval I Sereni","isPartOf":{"@id":"https:\/\/www.funeraillesdelval.be\/fr\/#website"},"datePublished":"2022-04-05T09:43:46+00:00","dateModified":"2026-01-22T07:53:35+00:00","description":"Fun\u00e9railles Delval fait \u00e9galement travailler votre imprim\u00e9s fun\u00e9raires et fournit tout ce qui concerne l'annonce d'un d\u00e9c\u00e8s.","breadcrumb":{"@id":"https:\/\/www.funeraillesdelval.be\/fr\/organiser-des-funerailles-delval-sereni\/imprimes-funeraires-delval-sereni\/#breadcrumb"},"inLanguage":"fr-FR","potentialAction":[{"@type":"ReadAction","target":["https:\/\/www.funeraillesdelval.be\/fr\/organiser-des-funerailles-delval-sereni\/imprimes-funeraires-delval-sereni\/"]}]},{"@type":"BreadcrumbList","@id":"https:\/\/www.funeraillesdelval.be\/fr\/organiser-des-funerailles-delval-sereni\/imprimes-funeraires-delval-sereni\/#breadcrumb","itemListElement":[{"@type":"ListItem","position":1,"name":"Organiser des fun\u00e9railles","item":"https:\/\/www.funeraillesdelval.be\/fr\/organiser-des-funerailles-delval-sereni\/"},{"@type":"ListItem","position":2,"name":"Imprim\u00e9s fun\u00e9raires"}]},{"@type":"WebSite","@id":"https:\/\/www.funeraillesdelval.be\/fr\/#website","url":"https:\/\/www.funeraillesdelval.be\/fr\/","name":"Delval","description":"Just another Sereni site","potentialAction":[{"@type":"SearchAction","target":{"@type":"EntryPoint","urlTemplate":"https:\/\/www.funeraillesdelval.be\/fr\/?s={search_term_string}"},"query-input":{"@type":"PropertyValueSpecification","valueRequired":true,"valueName":"search_term_string"}}],"inLanguage":"fr-FR"}]}},"_links":{"self":[{"href":"https:\/\/www.funeraillesdelval.be\/fr\/wp-json\/wp\/v2\/pages\/24676","targetHints":{"allow":["GET"]}}],"collection":[{"href":"https:\/\/www.funeraillesdelval.be\/fr\/wp-json\/wp\/v2\/pages"}],"about":[{"href":"https:\/\/www.funeraillesdelval.be\/fr\/wp-json\/wp\/v2\/types\/page"}],"author":[{"embeddable":true,"href":"https:\/\/www.funeraillesdelval.be\/fr\/wp-json\/wp\/v2\/users\/1"}],"replies":[{"embeddable":true,"href":"https:\/\/www.funeraillesdelval.be\/fr\/wp-json\/wp\/v2\/comments?post=24676"}],"version-history":[{"count":2,"href":"https:\/\/www.funeraillesdelval.be\/fr\/wp-json\/wp\/v2\/pages\/24676\/revisions"}],"predecessor-version":[{"id":81756,"href":"https:\/\/www.funeraillesdelval.be\/fr\/wp-json\/wp\/v2\/pages\/24676\/revisions\/81756"}],"up":[{"embeddable":true,"href":"https:\/\/www.funeraillesdelval.be\/fr\/wp-json\/wp\/v2\/pages\/24683"}],"wp:attachment":[{"href":"https:\/\/www.funeraillesdelval.be\/fr\/wp-json\/wp\/v2\/media?parent=24676"}],"curies":[{"name":"wp","href":"https:\/\/api.w.org\/{rel}","templated":true}]}}