{"id":24677,"date":"2022-04-04T13:26:47","date_gmt":"2022-04-04T12:26:47","guid":{"rendered":"https:\/\/www.funeraillesdelval.be\/onze-diensten\/nazorg\/"},"modified":"2026-01-27T10:07:58","modified_gmt":"2026-01-27T09:07:58","slug":"aide-administrative","status":"publish","type":"page","link":"https:\/\/www.funeraillesdelval.be\/fr\/organiser-des-funerailles-delval-sereni\/aide-administrative\/","title":{"rendered":"Aide administrative"},"content":{"rendered":"\n<div id=\"block-main-banner-block_277266f59c3a894e242a636c2ae042c7\" class=\"block-main-banner\">\n    <div class=\"container\">\n        <div class=\"banner-wrap layout2 content_right content_top\">\n            <div class=\"banner-image\">\n                                                            <img loading=\"lazy\" decoding=\"async\" width=\"953\" height=\"1440\" src=\"https:\/\/www.touche.be\/app\/uploads\/sites\/79\/2022\/10\/8310-2-953x1440.jpg\" class=\"attachment-full-stretched size-full-stretched\" alt=\"Aide administrative\" srcset=\"https:\/\/www.touche.be\/app\/uploads\/sites\/79\/2022\/10\/8310-2-953x1440.jpg 953w, https:\/\/www.touche.be\/app\/uploads\/sites\/79\/2022\/10\/8310-2-199x300.jpg 199w, https:\/\/www.touche.be\/app\/uploads\/sites\/79\/2022\/10\/8310-2-678x1024.jpg 678w, https:\/\/www.touche.be\/app\/uploads\/sites\/79\/2022\/10\/8310-2-861x1300.jpg 861w, https:\/\/www.touche.be\/app\/uploads\/sites\/79\/2022\/10\/8310-2-397x600.jpg 397w, https:\/\/www.touche.be\/app\/uploads\/sites\/79\/2022\/10\/8310-2-scaled.jpg 1695w\" sizes=\"auto, (max-width: 953px) 100vw, 953px\" title=\"Aide administrative\" \/>                                                <\/div>\n\n                            <div class=\"banner-content\">\n                    <div class=\"inner\">\n                        <p>Nous vous assistons \u00e9galement<a href=\"https:\/\/www.sereni.be\/menu\/fr\/assistance-apres-deces\"> apr\u00e8s les fun\u00e9railles<\/a>. Les Pompes fun\u00e8bres Delval sont l\u00e0 pour aide administrative vous soutenir. Nous vous aidons d\u00e8s le premier jour avec une assistance administrative, fiscale et \u00e9motionnelle.<\/p>\n<h3>Assistance administrative<\/h3>\n<p>Les obligations administratives apr\u00e8s la s\u00e9paration sont in\u00e9vitables. Pour vous guider dans toutes les formalit\u00e9s administratives et fiscales, nous avons \u00e9labor\u00e9 un plan par \u00e9tapes disponible sur : mon.sereni.be<br \/>\nApr\u00e8s avoir r\u00e9pondu \u00e0 quelques questions, nous r\u00e9pertorions les t\u00e2ches \u00e0 accomplir en situation r\u00e9elle. Nous pouvons \u00e9galement vous aider dans la mise en \u0153uvre pratique de ces \u00e9tapes<\/p>\n<h3>Aide fiscale<\/h3>\n<p>La fiscalit\u00e9 est inextricablement li\u00e9e \u00e0 un d\u00e9c\u00e8s. Nous vous aidons \u00e0 demander les attestations n\u00e9cessaires pour permettre la d\u00e9claration des droits de succession. Nous vous assistons \u00e9galement dans l\u2019\u00e9laboration de votre plan de succession et nous pouvons calculer pour vous les droits y aff\u00e9rents.<\/p>\n<p><a class=\"btn btn-primary\" href=\"https:\/\/www.funeraillesdelval.be\/fr\/contact-delval-sereni\/\">Contactez-nous<\/a><\/p>\n                    <\/div>\n                <\/div>\n                    <\/div>\n    <\/div>\n<\/div>\n","protected":false},"excerpt":{"rendered":"","protected":false},"author":1,"featured_media":0,"parent":24683,"menu_order":9,"comment_status":"closed","ping_status":"closed","template":"","meta":{"_acf_changed":false,"footnotes":""},"class_list":["post-24677","page","type-page","status-publish","hentry"],"acf":[],"yoast_head":"<!-- This site is optimized with the Yoast SEO plugin v25.8 - https:\/\/yoast.com\/wordpress\/plugins\/seo\/ -->\n<title>Aide administrative Delval I Sereni<\/title>\n<meta name=\"description\" content=\"Delval propose un aide administrative: assistance fiscale, assistance administrative et prise en charge du deuil. Lisez tout ici.\" \/>\n<meta name=\"robots\" content=\"index, follow, max-snippet:-1, max-image-preview:large, max-video-preview:-1\" \/>\n<link rel=\"canonical\" href=\"https:\/\/www.funeraillesdelval.be\/fr\/organiser-des-funerailles-delval-sereni\/aide-administrative\/\" \/>\n<meta property=\"og:locale\" content=\"fr_FR\" \/>\n<meta property=\"og:type\" content=\"article\" \/>\n<meta property=\"og:title\" content=\"Aide administrative Delval I Sereni\" \/>\n<meta property=\"og:description\" content=\"Delval propose un aide administrative: assistance fiscale, assistance administrative et prise en charge du deuil. Lisez tout ici.\" \/>\n<meta property=\"og:url\" content=\"https:\/\/www.funeraillesdelval.be\/fr\/organiser-des-funerailles-delval-sereni\/aide-administrative\/\" \/>\n<meta property=\"og:site_name\" content=\"Delval\" \/>\n<meta property=\"article:modified_time\" content=\"2026-01-27T09:07:58+00:00\" \/>\n<meta property=\"og:image\" content=\"https:\/\/www.touche.be\/app\/uploads\/sites\/79\/2025\/06\/Social-image-Delval-10.jpg\" \/>\n\t<meta property=\"og:image:width\" content=\"1800\" \/>\n\t<meta property=\"og:image:height\" content=\"628\" \/>\n\t<meta property=\"og:image:type\" content=\"image\/jpeg\" \/>\n<meta name=\"twitter:card\" content=\"summary_large_image\" \/>\n<meta name=\"twitter:label1\" content=\"Est. reading time\" \/>\n\t<meta name=\"twitter:data1\" content=\"1 minute\" \/>\n<script type=\"application\/ld+json\" class=\"yoast-schema-graph\">{\"@context\":\"https:\/\/schema.org\",\"@graph\":[{\"@type\":\"WebPage\",\"@id\":\"https:\/\/www.funeraillesdelval.be\/fr\/organiser-des-funerailles-delval-sereni\/aide-administrative\/\",\"url\":\"https:\/\/www.funeraillesdelval.be\/fr\/organiser-des-funerailles-delval-sereni\/aide-administrative\/\",\"name\":\"Aide administrative Delval I Sereni\",\"isPartOf\":{\"@id\":\"https:\/\/www.funeraillesdelval.be\/fr\/#website\"},\"datePublished\":\"2022-04-04T12:26:47+00:00\",\"dateModified\":\"2026-01-27T09:07:58+00:00\",\"description\":\"Delval propose un aide administrative: assistance fiscale, assistance administrative et prise en charge du deuil. Lisez tout ici.\",\"breadcrumb\":{\"@id\":\"https:\/\/www.funeraillesdelval.be\/fr\/organiser-des-funerailles-delval-sereni\/aide-administrative\/#breadcrumb\"},\"inLanguage\":\"fr-FR\",\"potentialAction\":[{\"@type\":\"ReadAction\",\"target\":[\"https:\/\/www.funeraillesdelval.be\/fr\/organiser-des-funerailles-delval-sereni\/aide-administrative\/\"]}]},{\"@type\":\"BreadcrumbList\",\"@id\":\"https:\/\/www.funeraillesdelval.be\/fr\/organiser-des-funerailles-delval-sereni\/aide-administrative\/#breadcrumb\",\"itemListElement\":[{\"@type\":\"ListItem\",\"position\":1,\"name\":\"Organiser des fun\u00e9railles\",\"item\":\"https:\/\/www.funeraillesdelval.be\/fr\/organiser-des-funerailles-delval-sereni\/\"},{\"@type\":\"ListItem\",\"position\":2,\"name\":\"Aide administrative\"}]},{\"@type\":\"WebSite\",\"@id\":\"https:\/\/www.funeraillesdelval.be\/fr\/#website\",\"url\":\"https:\/\/www.funeraillesdelval.be\/fr\/\",\"name\":\"Delval\",\"description\":\"Just another Sereni site\",\"potentialAction\":[{\"@type\":\"SearchAction\",\"target\":{\"@type\":\"EntryPoint\",\"urlTemplate\":\"https:\/\/www.funeraillesdelval.be\/fr\/?s={search_term_string}\"},\"query-input\":{\"@type\":\"PropertyValueSpecification\",\"valueRequired\":true,\"valueName\":\"search_term_string\"}}],\"inLanguage\":\"fr-FR\"}]}<\/script>\n<!-- \/ Yoast SEO plugin. -->","yoast_head_json":{"title":"Aide administrative Delval I Sereni","description":"Delval propose un aide administrative: assistance fiscale, assistance administrative et prise en charge du deuil. Lisez tout ici.","robots":{"index":"index","follow":"follow","max-snippet":"max-snippet:-1","max-image-preview":"max-image-preview:large","max-video-preview":"max-video-preview:-1"},"canonical":"https:\/\/www.funeraillesdelval.be\/fr\/organiser-des-funerailles-delval-sereni\/aide-administrative\/","og_locale":"fr_FR","og_type":"article","og_title":"Aide administrative Delval I Sereni","og_description":"Delval propose un aide administrative: assistance fiscale, assistance administrative et prise en charge du deuil. Lisez tout ici.","og_url":"https:\/\/www.funeraillesdelval.be\/fr\/organiser-des-funerailles-delval-sereni\/aide-administrative\/","og_site_name":"Delval","article_modified_time":"2026-01-27T09:07:58+00:00","og_image":[{"width":1800,"height":628,"url":"https:\/\/www.touche.be\/app\/uploads\/sites\/79\/2025\/06\/Social-image-Delval-10.jpg","type":"image\/jpeg"}],"twitter_card":"summary_large_image","twitter_misc":{"Est. reading time":"1 minute"},"schema":{"@context":"https:\/\/schema.org","@graph":[{"@type":"WebPage","@id":"https:\/\/www.funeraillesdelval.be\/fr\/organiser-des-funerailles-delval-sereni\/aide-administrative\/","url":"https:\/\/www.funeraillesdelval.be\/fr\/organiser-des-funerailles-delval-sereni\/aide-administrative\/","name":"Aide administrative Delval I Sereni","isPartOf":{"@id":"https:\/\/www.funeraillesdelval.be\/fr\/#website"},"datePublished":"2022-04-04T12:26:47+00:00","dateModified":"2026-01-27T09:07:58+00:00","description":"Delval propose un aide administrative: assistance fiscale, assistance administrative et prise en charge du deuil. Lisez tout ici.","breadcrumb":{"@id":"https:\/\/www.funeraillesdelval.be\/fr\/organiser-des-funerailles-delval-sereni\/aide-administrative\/#breadcrumb"},"inLanguage":"fr-FR","potentialAction":[{"@type":"ReadAction","target":["https:\/\/www.funeraillesdelval.be\/fr\/organiser-des-funerailles-delval-sereni\/aide-administrative\/"]}]},{"@type":"BreadcrumbList","@id":"https:\/\/www.funeraillesdelval.be\/fr\/organiser-des-funerailles-delval-sereni\/aide-administrative\/#breadcrumb","itemListElement":[{"@type":"ListItem","position":1,"name":"Organiser des fun\u00e9railles","item":"https:\/\/www.funeraillesdelval.be\/fr\/organiser-des-funerailles-delval-sereni\/"},{"@type":"ListItem","position":2,"name":"Aide administrative"}]},{"@type":"WebSite","@id":"https:\/\/www.funeraillesdelval.be\/fr\/#website","url":"https:\/\/www.funeraillesdelval.be\/fr\/","name":"Delval","description":"Just another Sereni site","potentialAction":[{"@type":"SearchAction","target":{"@type":"EntryPoint","urlTemplate":"https:\/\/www.funeraillesdelval.be\/fr\/?s={search_term_string}"},"query-input":{"@type":"PropertyValueSpecification","valueRequired":true,"valueName":"search_term_string"}}],"inLanguage":"fr-FR"}]}},"_links":{"self":[{"href":"https:\/\/www.funeraillesdelval.be\/fr\/wp-json\/wp\/v2\/pages\/24677","targetHints":{"allow":["GET"]}}],"collection":[{"href":"https:\/\/www.funeraillesdelval.be\/fr\/wp-json\/wp\/v2\/pages"}],"about":[{"href":"https:\/\/www.funeraillesdelval.be\/fr\/wp-json\/wp\/v2\/types\/page"}],"author":[{"embeddable":true,"href":"https:\/\/www.funeraillesdelval.be\/fr\/wp-json\/wp\/v2\/users\/1"}],"replies":[{"embeddable":true,"href":"https:\/\/www.funeraillesdelval.be\/fr\/wp-json\/wp\/v2\/comments?post=24677"}],"version-history":[{"count":2,"href":"https:\/\/www.funeraillesdelval.be\/fr\/wp-json\/wp\/v2\/pages\/24677\/revisions"}],"predecessor-version":[{"id":81767,"href":"https:\/\/www.funeraillesdelval.be\/fr\/wp-json\/wp\/v2\/pages\/24677\/revisions\/81767"}],"up":[{"embeddable":true,"href":"https:\/\/www.funeraillesdelval.be\/fr\/wp-json\/wp\/v2\/pages\/24683"}],"wp:attachment":[{"href":"https:\/\/www.funeraillesdelval.be\/fr\/wp-json\/wp\/v2\/media?parent=24677"}],"curies":[{"name":"wp","href":"https:\/\/api.w.org\/{rel}","templated":true}]}}