{"id":24678,"date":"2021-07-08T11:51:47","date_gmt":"2021-07-08T10:51:47","guid":{"rendered":"https:\/\/www.funeraillesdelval.be\/over-logghe\/"},"modified":"2026-01-22T08:45:35","modified_gmt":"2026-01-22T07:45:35","slug":"a-propos-de-delval-sereni","status":"publish","type":"page","link":"https:\/\/www.funeraillesdelval.be\/fr\/a-propos-de-delval-sereni\/","title":{"rendered":"A propos de Delval"},"content":{"rendered":"\n<div id=\"block-main-banner-block_c2359dc9d9ae0537642a8b05dff9eaa7\" class=\"block-main-banner\">\n    <div class=\"container\">\n        <div class=\"banner-wrap layout2 content_right content_bottom\">\n            <div class=\"banner-image\">\n                                                            <img loading=\"lazy\" decoding=\"async\" width=\"1440\" height=\"957\" src=\"https:\/\/www.touche.be\/app\/uploads\/sites\/79\/2022\/10\/8218-web-1-1440x957.jpg\" class=\"attachment-full-stretched size-full-stretched\" alt=\"A propos de Delval\" srcset=\"https:\/\/www.touche.be\/app\/uploads\/sites\/79\/2022\/10\/8218-web-1-1440x957.jpg 1440w, https:\/\/www.touche.be\/app\/uploads\/sites\/79\/2022\/10\/8218-web-1-300x199.jpg 300w, https:\/\/www.touche.be\/app\/uploads\/sites\/79\/2022\/10\/8218-web-1-1024x681.jpg 1024w, https:\/\/www.touche.be\/app\/uploads\/sites\/79\/2022\/10\/8218-web-1-451x300.jpg 451w, https:\/\/www.touche.be\/app\/uploads\/sites\/79\/2022\/10\/8218-web-1-1300x864.jpg 1300w, https:\/\/www.touche.be\/app\/uploads\/sites\/79\/2022\/10\/8218-web-1-600x399.jpg 600w, https:\/\/www.touche.be\/app\/uploads\/sites\/79\/2022\/10\/8218-web-1.jpg 1787w\" sizes=\"auto, (max-width: 1440px) 100vw, 1440px\" title=\"A propos de Delval\" \/>                                                <\/div>\n\n                            <div class=\"banner-content\">\n                    <div class=\"inner\">\n                        <p>Les partenaires fun\u00e9raires de Sereni Delval veillent \u00e0 ce que chaque enterrement ou cr\u00e9mation soit une c\u00e9r\u00e9monie d\u2019adieu unique. En tant qu\u2019entreprise de pompes fun\u00e8bres moderne, nous disposons de salons d\u2019accueil \u00e0 Tournai<\/p>\n<p><a class=\"btn btn-primary\" href=\"https:\/\/www.funeraillesdelval.be\/fr\/contact-delval-sereni\/\">Contactez-nous<\/a><\/p>\n                    <\/div>\n                <\/div>\n                    <\/div>\n    <\/div>\n<\/div>\n\n\n<div id=\"block-variable-content-list-block_f1b44a9e99c813b37d63a58dc4221090\" class=\"block-variable-content-list default\">\n    <div class=\"container\">\n        <div class=\"widget-wrap per_row_3\">\n                        <div class=\"block-content\">\n                                                                                    <div class=\"element\">\n                                                            \n                                                                    <div class=\"image-wrap\">\n                                                                                    <img loading=\"lazy\" decoding=\"async\" width=\"1024\" height=\"1024\" src=\"https:\/\/www.touche.be\/app\/uploads\/sites\/79\/2025\/09\/CMS_Aurore_Delval-1-1024x1024.png\" class=\"attachment-large size-large\" alt=\"A propos de Delval\" srcset=\"https:\/\/www.touche.be\/app\/uploads\/sites\/79\/2025\/09\/CMS_Aurore_Delval-1-1024x1024.png 1024w, https:\/\/www.touche.be\/app\/uploads\/sites\/79\/2025\/09\/CMS_Aurore_Delval-1-300x300.png 300w, https:\/\/www.touche.be\/app\/uploads\/sites\/79\/2025\/09\/CMS_Aurore_Delval-1-150x150.png 150w, https:\/\/www.touche.be\/app\/uploads\/sites\/79\/2025\/09\/CMS_Aurore_Delval-1-768x768.png 768w, https:\/\/www.touche.be\/app\/uploads\/sites\/79\/2025\/09\/CMS_Aurore_Delval-1.png 1080w\" sizes=\"auto, (max-width: 1024px) 100vw, 1024px\" title=\"A propos de Delval\" \/>                                                                            <\/div>\n                                \n                                                                    <div class=\"content-wrap\">\n                                        <p style=\"text-align: center\"><b>Aurore Fourmeaux <\/b><\/p>\n<p style=\"text-align: center\">Directeur &amp; Entrepreneur de pompes fun\u00e8bres.<\/p>\n                                    <\/div>\n                                                                                    <\/div>\n                                                                    <div class=\"element\">\n                                                            \n                                                                    <div class=\"image-wrap\">\n                                                                                    <img loading=\"lazy\" decoding=\"async\" width=\"1024\" height=\"1024\" src=\"https:\/\/www.touche.be\/app\/uploads\/sites\/79\/2024\/08\/CMS_Belinda_Questier-1024x1024.png\" class=\"attachment-large size-large\" alt=\"A propos de Delval\" srcset=\"https:\/\/www.touche.be\/app\/uploads\/sites\/79\/2024\/08\/CMS_Belinda_Questier-1024x1024.png 1024w, https:\/\/www.touche.be\/app\/uploads\/sites\/79\/2024\/08\/CMS_Belinda_Questier-300x300.png 300w, https:\/\/www.touche.be\/app\/uploads\/sites\/79\/2024\/08\/CMS_Belinda_Questier-150x150.png 150w, https:\/\/www.touche.be\/app\/uploads\/sites\/79\/2024\/08\/CMS_Belinda_Questier-768x768.png 768w, https:\/\/www.touche.be\/app\/uploads\/sites\/79\/2024\/08\/CMS_Belinda_Questier.png 1080w\" sizes=\"auto, (max-width: 1024px) 100vw, 1024px\" title=\"A propos de Delval\" \/>                                                                            <\/div>\n                                \n                                                                    <div class=\"content-wrap\">\n                                        <p style=\"text-align: center\"><b>B\u00e9linda Questier<\/b><\/p>\n<p style=\"text-align: center\">Conseiller fun\u00e9raire<\/p>\n                                    <\/div>\n                                                                                    <\/div>\n                                                                    <div class=\"element\">\n                                                            \n                                                                    <div class=\"image-wrap\">\n                                                                                    <img loading=\"lazy\" decoding=\"async\" width=\"1024\" height=\"1024\" src=\"https:\/\/www.touche.be\/app\/uploads\/sites\/79\/2024\/08\/CMS_Ophelie_Destrebecq-1-1024x1024.png\" class=\"attachment-large size-large\" alt=\"A propos de Delval\" srcset=\"https:\/\/www.touche.be\/app\/uploads\/sites\/79\/2024\/08\/CMS_Ophelie_Destrebecq-1-1024x1024.png 1024w, https:\/\/www.touche.be\/app\/uploads\/sites\/79\/2024\/08\/CMS_Ophelie_Destrebecq-1-300x300.png 300w, https:\/\/www.touche.be\/app\/uploads\/sites\/79\/2024\/08\/CMS_Ophelie_Destrebecq-1-150x150.png 150w, https:\/\/www.touche.be\/app\/uploads\/sites\/79\/2024\/08\/CMS_Ophelie_Destrebecq-1-768x768.png 768w, https:\/\/www.touche.be\/app\/uploads\/sites\/79\/2024\/08\/CMS_Ophelie_Destrebecq-1.png 1080w\" sizes=\"auto, (max-width: 1024px) 100vw, 1024px\" title=\"A propos de Delval\" \/>                                                                            <\/div>\n                                \n                                                                    <div class=\"content-wrap\">\n                                        <p style=\"text-align: center\"><b>Oph\u00e9lie Destrebecq<\/b><\/p>\n<p style=\"text-align: center\">Conseiller fun\u00e9raire et thanatopractrice<\/p>\n                                    <\/div>\n                                                                                    <\/div>\n                                                <\/div>\n        <\/div>\n    <\/div>\n<\/div>\n\n\n\n<div id=\"block-main-banner-block_6014ab640b5b034c6cff9bd85e9e2644\" class=\"block-main-banner\">\n    <div class=\"container\">\n        <div class=\"banner-wrap layout2 content_left content_bottom\">\n            <div class=\"banner-image\">\n                                                            <img loading=\"lazy\" decoding=\"async\" width=\"1440\" height=\"959\" src=\"https:\/\/www.touche.be\/app\/uploads\/sites\/79\/2022\/10\/8452-1-1440x959.jpg\" class=\"attachment-full-stretched size-full-stretched\" alt=\"A propos de Delval\" srcset=\"https:\/\/www.touche.be\/app\/uploads\/sites\/79\/2022\/10\/8452-1-1440x959.jpg 1440w, https:\/\/www.touche.be\/app\/uploads\/sites\/79\/2022\/10\/8452-1-300x200.jpg 300w, https:\/\/www.touche.be\/app\/uploads\/sites\/79\/2022\/10\/8452-1-1024x682.jpg 1024w, https:\/\/www.touche.be\/app\/uploads\/sites\/79\/2022\/10\/8452-1-450x300.jpg 450w, https:\/\/www.touche.be\/app\/uploads\/sites\/79\/2022\/10\/8452-1-1300x866.jpg 1300w, https:\/\/www.touche.be\/app\/uploads\/sites\/79\/2022\/10\/8452-1-600x400.jpg 600w\" sizes=\"auto, (max-width: 1440px) 100vw, 1440px\" title=\"A propos de Delval\" \/>                                                <\/div>\n\n                            <div class=\"banner-content\">\n                    <div class=\"inner\">\n                        <ul>\n<li><strong>Delval<\/strong>\u00a0peut compter sur la coop\u00e9ration au sein du <a href=\"https:\/\/www.sereni.be\/\">r\u00e9seau Sereni<\/a>, caract\u00e9ris\u00e9e par un service et un support personnalis\u00e9s<\/li>\n<li><strong>24h\/24 \u2013 7j\/7 accessible<\/strong>\u00a0personnellement<\/li>\n<li><strong>Fun\u00e9rarium lumineux<\/strong>\u00a0avec salle de c\u00e9r\u00e9monie<\/li>\n<li><strong>Innovants et progressistes<\/strong>\u00a0mais dans le respect des traditions fun\u00e9raires r\u00e9gionales<\/li>\n<li><strong>Service<\/strong>\u00a0d\u2019une grande correction \u00e0 des tarifs \u00e9quitables<\/li>\n<\/ul>\n                    <\/div>\n                <\/div>\n                    <\/div>\n    <\/div>\n<\/div>\n\n\n\n<div id=\"block-main-banner-block_df9b20083bdffe29f4f40d6e9ff17272\" class=\"block-main-banner\">\n    <div class=\"container\">\n        <div class=\"banner-wrap layout2 content_right content_top\">\n            <div class=\"banner-image\">\n                                                            <img loading=\"lazy\" decoding=\"async\" width=\"963\" height=\"1440\" src=\"https:\/\/www.touche.be\/app\/uploads\/sites\/79\/2022\/10\/8420-1-963x1440.jpg\" class=\"attachment-full-stretched size-full-stretched\" alt=\"A propos de Delval\" srcset=\"https:\/\/www.touche.be\/app\/uploads\/sites\/79\/2022\/10\/8420-1-963x1440.jpg 963w, https:\/\/www.touche.be\/app\/uploads\/sites\/79\/2022\/10\/8420-1-201x300.jpg 201w, https:\/\/www.touche.be\/app\/uploads\/sites\/79\/2022\/10\/8420-1-685x1024.jpg 685w, https:\/\/www.touche.be\/app\/uploads\/sites\/79\/2022\/10\/8420-1-869x1300.jpg 869w, https:\/\/www.touche.be\/app\/uploads\/sites\/79\/2022\/10\/8420-1-401x600.jpg 401w, https:\/\/www.touche.be\/app\/uploads\/sites\/79\/2022\/10\/8420-1-scaled.jpg 1711w\" sizes=\"auto, (max-width: 963px) 100vw, 963px\" title=\"A propos de Delval\" \/>                                                <\/div>\n\n                            <div class=\"banner-content\">\n                    <div class=\"inner\">\n                        <p>Nous mettons un point d\u2019honneur \u00e0 traiter les familles<br \/>\nLa qualit\u00e9 des services est \u00e9lev\u00e9e gr\u00e2ce \u00e0 la collaboration, au partage des connaissances et des ressources. Nous atteignons cette qualit\u00e9 en pr\u00eatant attention \u00e0 divers points, comme:<\/p>\n<ul>\n<li>Proc\u00e9dures d\u2019identification correctes<\/li>\n<li>L\u2019attention port\u00e9e \u00e0 la famille dans l\u2019affliction, l\u2019approche personnelle, les commentaires et la mise en pratique de soins multiples.<\/li>\n<li>Assistance dans trois domaines : Pr\u00e9caution, deuil et suivi<\/li>\n<li>R\u00e9daction et mise \u00e0 jour du plan fun\u00e9raire<\/li>\n<li>Une attention particuli\u00e8re au soin du d\u00e9funt<\/li>\n<li>Appliquer des proc\u00e9dures op\u00e9rationnelles et des techniques innovantes<\/li>\n<li>Collecte et stockage corrects des donn\u00e9es<\/li>\n<li>Transparence sur les conditions et les tarifs<\/li>\n<li>La pr\u00e9vention par la formation<\/li>\n<li>Attention \u00e0 la s\u00e9curit\u00e9<\/li>\n<li>Am\u00e9lioration continue par la formation et l\u2019exp\u00e9rience pratique<\/li>\n<\/ul>\n<p><a class=\"btn btn-primary\" href=\"https:\/\/www.funeraillesdelval.be\/fr\/contact-delval-sereni\/\">Contactez-nous<\/a><\/p>\n                    <\/div>\n                <\/div>\n                    <\/div>\n    <\/div>\n<\/div>\n\n\n\n<div id=\"block-gallery-block_528422a74b37d607d7a14223ae607011\" class=\"block-gallery\">\n    <div class=\"container\">\n        <div class=\"gallery-wrap\">\n            <div class=\"image-gallery\">\n                            <\/div>\n        <\/div>\n    <\/div>\n<\/div>\n","protected":false},"excerpt":{"rendered":"","protected":false},"author":1,"featured_media":0,"parent":0,"menu_order":0,"comment_status":"closed","ping_status":"closed","template":"","meta":{"_acf_changed":false,"footnotes":""},"class_list":["post-24678","page","type-page","status-publish","hentry"],"acf":[],"yoast_head":"<!-- This site is optimized with the Yoast SEO plugin v25.8 - https:\/\/yoast.com\/wordpress\/plugins\/seo\/ -->\n<title>A propos de Delval I Sereni<\/title>\n<meta name=\"description\" content=\"A propos de Delval Sereni. Nous veillons \u00e0 ce que chaque enterrement ou cr\u00e9mation soit un adieu unique. Disponible 24\/7.\" \/>\n<meta name=\"robots\" content=\"index, follow, max-snippet:-1, max-image-preview:large, max-video-preview:-1\" \/>\n<link rel=\"canonical\" href=\"https:\/\/www.funeraillesdelval.be\/fr\/a-propos-de-delval-sereni\/\" \/>\n<meta property=\"og:locale\" content=\"fr_FR\" \/>\n<meta property=\"og:type\" content=\"article\" \/>\n<meta property=\"og:title\" content=\"A propos de Delval I Sereni\" \/>\n<meta property=\"og:description\" content=\"Les conseillers des fun\u00e9railles Delval Sereni veillent \u00e0 ce que chaque enterrement ou cr\u00e9mation soit un adieu unique.\" \/>\n<meta property=\"og:url\" content=\"https:\/\/www.funeraillesdelval.be\/fr\/a-propos-de-delval-sereni\/\" \/>\n<meta property=\"og:site_name\" content=\"Delval\" \/>\n<meta property=\"article:modified_time\" content=\"2026-01-22T07:45:35+00:00\" \/>\n<meta property=\"og:image\" content=\"https:\/\/www.touche.be\/app\/uploads\/sites\/79\/2025\/06\/Social-image-Delval-.jpg\" \/>\n\t<meta property=\"og:image:width\" content=\"1800\" \/>\n\t<meta property=\"og:image:height\" content=\"628\" \/>\n\t<meta property=\"og:image:type\" content=\"image\/jpeg\" \/>\n<meta name=\"twitter:card\" content=\"summary_large_image\" \/>\n<meta name=\"twitter:label1\" content=\"Est. reading time\" \/>\n\t<meta name=\"twitter:data1\" content=\"3 minutes\" \/>\n<script type=\"application\/ld+json\" class=\"yoast-schema-graph\">{\"@context\":\"https:\/\/schema.org\",\"@graph\":[{\"@type\":[\"WebPage\",\"AboutPage\"],\"@id\":\"https:\/\/www.funeraillesdelval.be\/fr\/a-propos-de-delval-sereni\/\",\"url\":\"https:\/\/www.funeraillesdelval.be\/fr\/a-propos-de-delval-sereni\/\",\"name\":\"A propos de Delval I Sereni\",\"isPartOf\":{\"@id\":\"https:\/\/www.funeraillesdelval.be\/fr\/#website\"},\"datePublished\":\"2021-07-08T10:51:47+00:00\",\"dateModified\":\"2026-01-22T07:45:35+00:00\",\"description\":\"A propos de Delval Sereni. Nous veillons \u00e0 ce que chaque enterrement ou cr\u00e9mation soit un adieu unique. Disponible 24\/7.\",\"inLanguage\":\"fr-FR\",\"potentialAction\":[{\"@type\":\"ReadAction\",\"target\":[\"https:\/\/www.funeraillesdelval.be\/fr\/a-propos-de-delval-sereni\/\"]}]},{\"@type\":\"WebSite\",\"@id\":\"https:\/\/www.funeraillesdelval.be\/fr\/#website\",\"url\":\"https:\/\/www.funeraillesdelval.be\/fr\/\",\"name\":\"Delval\",\"description\":\"Just another Sereni site\",\"potentialAction\":[{\"@type\":\"SearchAction\",\"target\":{\"@type\":\"EntryPoint\",\"urlTemplate\":\"https:\/\/www.funeraillesdelval.be\/fr\/?s={search_term_string}\"},\"query-input\":{\"@type\":\"PropertyValueSpecification\",\"valueRequired\":true,\"valueName\":\"search_term_string\"}}],\"inLanguage\":\"fr-FR\"}]}<\/script>\n<!-- \/ Yoast SEO plugin. -->","yoast_head_json":{"title":"A propos de Delval I Sereni","description":"A propos de Delval Sereni. Nous veillons \u00e0 ce que chaque enterrement ou cr\u00e9mation soit un adieu unique. Disponible 24\/7.","robots":{"index":"index","follow":"follow","max-snippet":"max-snippet:-1","max-image-preview":"max-image-preview:large","max-video-preview":"max-video-preview:-1"},"canonical":"https:\/\/www.funeraillesdelval.be\/fr\/a-propos-de-delval-sereni\/","og_locale":"fr_FR","og_type":"article","og_title":"A propos de Delval I Sereni","og_description":"Les conseillers des fun\u00e9railles Delval Sereni veillent \u00e0 ce que chaque enterrement ou cr\u00e9mation soit un adieu unique.","og_url":"https:\/\/www.funeraillesdelval.be\/fr\/a-propos-de-delval-sereni\/","og_site_name":"Delval","article_modified_time":"2026-01-22T07:45:35+00:00","og_image":[{"width":1800,"height":628,"url":"https:\/\/www.touche.be\/app\/uploads\/sites\/79\/2025\/06\/Social-image-Delval-.jpg","type":"image\/jpeg"}],"twitter_card":"summary_large_image","twitter_misc":{"Est. reading time":"3 minutes"},"schema":{"@context":"https:\/\/schema.org","@graph":[{"@type":["WebPage","AboutPage"],"@id":"https:\/\/www.funeraillesdelval.be\/fr\/a-propos-de-delval-sereni\/","url":"https:\/\/www.funeraillesdelval.be\/fr\/a-propos-de-delval-sereni\/","name":"A propos de Delval I Sereni","isPartOf":{"@id":"https:\/\/www.funeraillesdelval.be\/fr\/#website"},"datePublished":"2021-07-08T10:51:47+00:00","dateModified":"2026-01-22T07:45:35+00:00","description":"A propos de Delval Sereni. Nous veillons \u00e0 ce que chaque enterrement ou cr\u00e9mation soit un adieu unique. Disponible 24\/7.","inLanguage":"fr-FR","potentialAction":[{"@type":"ReadAction","target":["https:\/\/www.funeraillesdelval.be\/fr\/a-propos-de-delval-sereni\/"]}]},{"@type":"WebSite","@id":"https:\/\/www.funeraillesdelval.be\/fr\/#website","url":"https:\/\/www.funeraillesdelval.be\/fr\/","name":"Delval","description":"Just another Sereni site","potentialAction":[{"@type":"SearchAction","target":{"@type":"EntryPoint","urlTemplate":"https:\/\/www.funeraillesdelval.be\/fr\/?s={search_term_string}"},"query-input":{"@type":"PropertyValueSpecification","valueRequired":true,"valueName":"search_term_string"}}],"inLanguage":"fr-FR"}]}},"_links":{"self":[{"href":"https:\/\/www.funeraillesdelval.be\/fr\/wp-json\/wp\/v2\/pages\/24678","targetHints":{"allow":["GET"]}}],"collection":[{"href":"https:\/\/www.funeraillesdelval.be\/fr\/wp-json\/wp\/v2\/pages"}],"about":[{"href":"https:\/\/www.funeraillesdelval.be\/fr\/wp-json\/wp\/v2\/types\/page"}],"author":[{"embeddable":true,"href":"https:\/\/www.funeraillesdelval.be\/fr\/wp-json\/wp\/v2\/users\/1"}],"replies":[{"embeddable":true,"href":"https:\/\/www.funeraillesdelval.be\/fr\/wp-json\/wp\/v2\/comments?post=24678"}],"version-history":[{"count":5,"href":"https:\/\/www.funeraillesdelval.be\/fr\/wp-json\/wp\/v2\/pages\/24678\/revisions"}],"predecessor-version":[{"id":81748,"href":"https:\/\/www.funeraillesdelval.be\/fr\/wp-json\/wp\/v2\/pages\/24678\/revisions\/81748"}],"wp:attachment":[{"href":"https:\/\/www.funeraillesdelval.be\/fr\/wp-json\/wp\/v2\/media?parent=24678"}],"curies":[{"name":"wp","href":"https:\/\/api.w.org\/{rel}","templated":true}]}}