{"id":24683,"date":"2022-04-04T10:51:30","date_gmt":"2022-04-04T09:51:30","guid":{"rendered":"https:\/\/www.funeraillesdelval.be\/uitvaart-regelen-met-logghe\/"},"modified":"2025-06-23T12:13:47","modified_gmt":"2025-06-23T11:13:47","slug":"organiser-des-funerailles-delval-sereni","status":"publish","type":"page","link":"https:\/\/www.funeraillesdelval.be\/fr\/organiser-des-funerailles-delval-sereni\/","title":{"rendered":"Organiser des fun\u00e9railles"},"content":{"rendered":"\n<p class=\"normal\">On n\u2019organise pas les fun\u00e9railles d\u2019un proche tout seul. Vous avez tout int\u00e9r\u00eat \u00e0 faire appel \u00e0 un entrepreneur de pompes fun\u00e8bres exp\u00e9riment\u00e9. Chez Sereni, nous pr\u00e9f\u00e9rons parler de conseiller fun\u00e9raire. Nous veillons \u00e0 organiser des obs\u00e8ques exceptionnelles et personnalis\u00e9es.\r\n\r\n<\/p>\n\n\n\n<p class=\"normal\">Directement apr\u00e8s le d\u00e9c\u00e8s, il faut faire la toilette mortuaire, remplir les premi\u00e8res formalit\u00e9s administratives et pr\u00e9parer les fun\u00e9railles. Sachez que vous pouvez toujours confier cette mission \u00e0 l\u2019entrepreneur de pompes fun\u00e8bres de votre choix. Ne vous laissez pas influencer par le personnel d\u2019\u00e9tablissements de soins, par des assureurs ou par qui que ce soit. Ayez confiance en votre choix. Faire appel \u00e0 un conseiller fun\u00e9raire Sereni, c\u2019est avoir la certitude que votre proche aura les obs\u00e8ques qu\u2019il m\u00e9rite.\r\n\r\n<\/p>\n\n\n\n<h3 class=\"normal wp-block-heading\"><strong>Mise en bi\u00e8re&nbsp;du corps<\/strong><\/h3>\n\n\n\n<p class=\"normal\">Vous pouvez d\u00e9cider de faire effectuer la mise en bi\u00e8re \u00e0 domicile ou bien d\u2019utiliser un salon de famille dans un fun\u00e9rarium ou centre fun\u00e9raire.Une mise en bi\u00e8re \u00e0 domicile est toujours possible, mais il est g\u00e9n\u00e9ralement conseill\u00e9 de faire transf\u00e9rer le corps de votre proche vers un salon de famille du conseiller fun\u00e9raire Sereni de votre r\u00e9gion.La plupart des fun\u00e9rariums Sereni disposent d\u2019un salon de famille accessible 24 heures sur 24 et 7 jours sur 7, o\u00f9 vous pouvez rendre hommage au d\u00e9funt en toute s\u00e9r\u00e9nit\u00e9 et intimit\u00e9.<\/p>\n\n\n\n<h3 class=\"normal wp-block-heading\"><strong>Formalit\u00e9s&nbsp;pratiques et administratives<\/strong><\/h3>\n\n\n\n<p class=\"normal\">Les pompes fun\u00e8bres englobent de nombreux aspects. Les premi\u00e8res questions qui vous seront pos\u00e9es sont par exemple:\r\n\r\n<\/p>\n\n\n\n<ul class=\"wp-block-list\">\n<li>Le d\u00e9funt avait-il une assurance obs\u00e8ques?<\/li>\n\n\n\n<li>Un testament a-t-il \u00e9t\u00e9 enregistr\u00e9 aupr\u00e8s du service d\u2019\u00e9tat civil de la commune?<\/li>\n<\/ul>\n\n\n\n<p class=\"normal\">Ces informations facilitent les choix importants. Votre conseiller fun\u00e9raire vous aidera \u00e0 y voir clair.\r\n\r\n<\/p>\n\n\n\n<p class=\"normal\">Que vous optiez pour un enterrement ou pour une incin\u00e9ration, la c\u00e9r\u00e9monie fun\u00e9raire rev\u00eat une importance cruciale. Le lieu de c\u00e9r\u00e9monie constitue un choix tr\u00e8s important. Votre conseiller fun\u00e9raire Sereni peut vous pr\u00e9senter diff\u00e9rentes options en fonction de vos besoins. Un bon lieu de c\u00e9r\u00e9monie peut \u00eatre un auditorium, un foyer de rencontre, une \u00e9glise, ou m\u00eame un endroit original. Pour informer l\u2019entourage du d\u00e9c\u00e8s et \u00e9ventuellement aussi convier les gens aux fun\u00e9railles, la tradition veut que l\u2019on envoie un bel avis de d\u00e9c\u00e8s (ou faire-part de d\u00e9c\u00e8s).<\/p>\n\n\n\n<p class=\"normal\">Ici aussi, votre conseiller fun\u00e9raire Sereni vous accompagnera et veillera \u00e0 une livraison rapide des faire-part \u00e0 domicile. De belles obs\u00e8ques n\u00e9cessitent aussi des fleurs et de la musique. Le fleuriste Sereni ma\u00eetrise son m\u00e9tier comme nul autre. Sereni dispose par ailleurs d\u2019un grand choix de musiciens professionnels pour conf\u00e9rer aux fun\u00e9railles toute la s\u00e9r\u00e9nit\u00e9 qu\u2019elles m\u00e9ritent.<\/p>\n\n\n\n<p class=\"normal\">Sereni vous encadrera dans toutes les formalit\u00e9s pratiques et administratives li\u00e9es aux pompes fun\u00e8bres. Vous pourrez ainsi vous concentrer sur l\u2019essentiel: pr\u00e9parer les obs\u00e8ques.<\/p>\n\n\n\n<h3 class=\"normal wp-block-heading\"><strong>Assistance&nbsp;post-obs\u00e8ques<\/strong><\/h3>\n\n\n\n<p class=\"normal\">Apr\u00e8s les fun\u00e9railles, Sereni ne vous laisse pas tomber. Nous sommes aussi \u00e0 vos c\u00f4t\u00e9s apr\u00e8s les obs\u00e8ques via notre offre d\u2019assistance post-obs\u00e8ques dans trois domaines:\r\n\r\n<\/p>\n\n\n\n<ul class=\"wp-block-list\">\n<li>Administratif<\/li>\n\n\n\n<li>Emotionnel<\/li>\n\n\n\n<li>Fiscal<\/li>\n<\/ul>\n\n\n\n<p class=\"normal\">Chez Sereni, l\u2019assistance post-obs\u00e8ques va bien plus loin que la simple assistance aux proches. Votre conseiller fun\u00e9raire vous donnera toutes les informations \u00e0 ce sujet.<\/p>\n\n\n\n<p class=\"normal\">L\u2019enterrement traditionnel aupr\u00e8s de l\u2019entrepreneur de pompes fun\u00e8bres de votre commune appartient au pass\u00e9. Un conseiller fun\u00e9raire moderne r\u00e9fl\u00e9chit avec vous \u00e0 la mani\u00e8re de faire le deuil de l\u2019\u00eatre aim\u00e9, aujourd\u2019hui et demain. <\/p>\n\n\n\n<p class=\"normal\">Chez Sereni, vous \u00eates \u00e0 la bonne adresse: nos conseillers fun\u00e9raires sont des gens dynamiques qui r\u00e9fl\u00e9chissent avec vous. Contactez un de nos fun\u00e9rariums pour obtenir plus d\u2019informations sans engagement.<\/p>\n","protected":false},"excerpt":{"rendered":"<p>On n\u2019organise pas les fun\u00e9railles d\u2019un proche tout seul. Vous avez tout int\u00e9r\u00eat \u00e0 faire appel \u00e0 un entrepreneur de<\/p>\n","protected":false},"author":1,"featured_media":63753,"parent":0,"menu_order":0,"comment_status":"closed","ping_status":"closed","template":"","meta":{"_acf_changed":false,"footnotes":""},"class_list":["post-24683","page","type-page","status-publish","has-post-thumbnail","hentry"],"acf":[],"yoast_head":"<!-- This site is optimized with the Yoast SEO plugin v25.8 - https:\/\/yoast.com\/wordpress\/plugins\/seo\/ -->\n<title>Organiser des fun\u00e9railles Delval I Sereni<\/title>\n<meta name=\"description\" content=\"Organiser des fun\u00e9railles avec Delval se fait enti\u00e8rement selon vos souhaits. Nous vous guidons de A \u00e0 Z. Contactez-nous.\" \/>\n<meta name=\"robots\" content=\"index, follow, max-snippet:-1, max-image-preview:large, max-video-preview:-1\" \/>\n<link rel=\"canonical\" href=\"https:\/\/www.funeraillesdelval.be\/fr\/organiser-des-funerailles-delval-sereni\/\" \/>\n<meta property=\"og:locale\" content=\"fr_FR\" \/>\n<meta property=\"og:type\" content=\"article\" \/>\n<meta property=\"og:title\" content=\"Organiser des fun\u00e9railles Delval I Sereni\" \/>\n<meta property=\"og:description\" content=\"Organiser des fun\u00e9railles avec Delval se fait enti\u00e8rement selon vos souhaits. Nous vous guidons de A \u00e0 Z. Contactez-nous.\" \/>\n<meta property=\"og:url\" content=\"https:\/\/www.funeraillesdelval.be\/fr\/organiser-des-funerailles-delval-sereni\/\" \/>\n<meta property=\"og:site_name\" content=\"Delval\" \/>\n<meta property=\"article:modified_time\" content=\"2025-06-23T11:13:47+00:00\" \/>\n<meta property=\"og:image\" content=\"https:\/\/www.touche.be\/app\/uploads\/sites\/79\/2025\/06\/Social-image-Delval-4.jpg\" \/>\n\t<meta property=\"og:image:width\" content=\"1800\" \/>\n\t<meta property=\"og:image:height\" content=\"628\" \/>\n\t<meta property=\"og:image:type\" content=\"image\/jpeg\" \/>\n<meta name=\"twitter:card\" content=\"summary_large_image\" \/>\n<meta name=\"twitter:label1\" content=\"Est. reading time\" \/>\n\t<meta name=\"twitter:data1\" content=\"4 minutes\" \/>\n<script type=\"application\/ld+json\" class=\"yoast-schema-graph\">{\"@context\":\"https:\/\/schema.org\",\"@graph\":[{\"@type\":[\"WebPage\",\"FAQPage\"],\"@id\":\"https:\/\/www.funeraillesdelval.be\/fr\/organiser-des-funerailles-delval-sereni\/\",\"url\":\"https:\/\/www.funeraillesdelval.be\/fr\/organiser-des-funerailles-delval-sereni\/\",\"name\":\"Organiser des fun\u00e9railles Delval I Sereni\",\"isPartOf\":{\"@id\":\"https:\/\/www.funeraillesdelval.be\/fr\/#website\"},\"primaryImageOfPage\":{\"@id\":\"https:\/\/www.funeraillesdelval.be\/fr\/organiser-des-funerailles-delval-sereni\/#primaryimage\"},\"image\":{\"@id\":\"https:\/\/www.funeraillesdelval.be\/fr\/organiser-des-funerailles-delval-sereni\/#primaryimage\"},\"thumbnailUrl\":\"https:\/\/www.touche.be\/app\/uploads\/sites\/79\/2022\/11\/httpsshop.sereni.beappuploads202109CMS_WatBijOverlijden_Sereni-1.jpg\",\"datePublished\":\"2022-04-04T09:51:30+00:00\",\"dateModified\":\"2025-06-23T11:13:47+00:00\",\"description\":\"Organiser des fun\u00e9railles avec Delval se fait enti\u00e8rement selon vos souhaits. Nous vous guidons de A \u00e0 Z. Contactez-nous.\",\"inLanguage\":\"fr-FR\",\"potentialAction\":[{\"@type\":\"ReadAction\",\"target\":[\"https:\/\/www.funeraillesdelval.be\/fr\/organiser-des-funerailles-delval-sereni\/\"]}]},{\"@type\":\"ImageObject\",\"inLanguage\":\"fr-FR\",\"@id\":\"https:\/\/www.funeraillesdelval.be\/fr\/organiser-des-funerailles-delval-sereni\/#primaryimage\",\"url\":\"https:\/\/www.touche.be\/app\/uploads\/sites\/79\/2022\/11\/httpsshop.sereni.beappuploads202109CMS_WatBijOverlijden_Sereni-1.jpg\",\"contentUrl\":\"https:\/\/www.touche.be\/app\/uploads\/sites\/79\/2022\/11\/httpsshop.sereni.beappuploads202109CMS_WatBijOverlijden_Sereni-1.jpg\",\"width\":2480,\"height\":1643,\"caption\":\"Organiser des fun\u00e9railles\"},{\"@type\":\"WebSite\",\"@id\":\"https:\/\/www.funeraillesdelval.be\/fr\/#website\",\"url\":\"https:\/\/www.funeraillesdelval.be\/fr\/\",\"name\":\"Delval\",\"description\":\"Just another Sereni site\",\"potentialAction\":[{\"@type\":\"SearchAction\",\"target\":{\"@type\":\"EntryPoint\",\"urlTemplate\":\"https:\/\/www.funeraillesdelval.be\/fr\/?s={search_term_string}\"},\"query-input\":{\"@type\":\"PropertyValueSpecification\",\"valueRequired\":true,\"valueName\":\"search_term_string\"}}],\"inLanguage\":\"fr-FR\"}]}<\/script>\n<!-- \/ Yoast SEO plugin. -->","yoast_head_json":{"title":"Organiser des fun\u00e9railles Delval I Sereni","description":"Organiser des fun\u00e9railles avec Delval se fait enti\u00e8rement selon vos souhaits. Nous vous guidons de A \u00e0 Z. Contactez-nous.","robots":{"index":"index","follow":"follow","max-snippet":"max-snippet:-1","max-image-preview":"max-image-preview:large","max-video-preview":"max-video-preview:-1"},"canonical":"https:\/\/www.funeraillesdelval.be\/fr\/organiser-des-funerailles-delval-sereni\/","og_locale":"fr_FR","og_type":"article","og_title":"Organiser des fun\u00e9railles Delval I Sereni","og_description":"Organiser des fun\u00e9railles avec Delval se fait enti\u00e8rement selon vos souhaits. Nous vous guidons de A \u00e0 Z. Contactez-nous.","og_url":"https:\/\/www.funeraillesdelval.be\/fr\/organiser-des-funerailles-delval-sereni\/","og_site_name":"Delval","article_modified_time":"2025-06-23T11:13:47+00:00","og_image":[{"width":1800,"height":628,"url":"https:\/\/www.touche.be\/app\/uploads\/sites\/79\/2025\/06\/Social-image-Delval-4.jpg","type":"image\/jpeg"}],"twitter_card":"summary_large_image","twitter_misc":{"Est. reading time":"4 minutes"},"schema":{"@context":"https:\/\/schema.org","@graph":[{"@type":["WebPage","FAQPage"],"@id":"https:\/\/www.funeraillesdelval.be\/fr\/organiser-des-funerailles-delval-sereni\/","url":"https:\/\/www.funeraillesdelval.be\/fr\/organiser-des-funerailles-delval-sereni\/","name":"Organiser des fun\u00e9railles Delval I Sereni","isPartOf":{"@id":"https:\/\/www.funeraillesdelval.be\/fr\/#website"},"primaryImageOfPage":{"@id":"https:\/\/www.funeraillesdelval.be\/fr\/organiser-des-funerailles-delval-sereni\/#primaryimage"},"image":{"@id":"https:\/\/www.funeraillesdelval.be\/fr\/organiser-des-funerailles-delval-sereni\/#primaryimage"},"thumbnailUrl":"https:\/\/www.touche.be\/app\/uploads\/sites\/79\/2022\/11\/httpsshop.sereni.beappuploads202109CMS_WatBijOverlijden_Sereni-1.jpg","datePublished":"2022-04-04T09:51:30+00:00","dateModified":"2025-06-23T11:13:47+00:00","description":"Organiser des fun\u00e9railles avec Delval se fait enti\u00e8rement selon vos souhaits. Nous vous guidons de A \u00e0 Z. Contactez-nous.","inLanguage":"fr-FR","potentialAction":[{"@type":"ReadAction","target":["https:\/\/www.funeraillesdelval.be\/fr\/organiser-des-funerailles-delval-sereni\/"]}]},{"@type":"ImageObject","inLanguage":"fr-FR","@id":"https:\/\/www.funeraillesdelval.be\/fr\/organiser-des-funerailles-delval-sereni\/#primaryimage","url":"https:\/\/www.touche.be\/app\/uploads\/sites\/79\/2022\/11\/httpsshop.sereni.beappuploads202109CMS_WatBijOverlijden_Sereni-1.jpg","contentUrl":"https:\/\/www.touche.be\/app\/uploads\/sites\/79\/2022\/11\/httpsshop.sereni.beappuploads202109CMS_WatBijOverlijden_Sereni-1.jpg","width":2480,"height":1643,"caption":"Organiser des fun\u00e9railles"},{"@type":"WebSite","@id":"https:\/\/www.funeraillesdelval.be\/fr\/#website","url":"https:\/\/www.funeraillesdelval.be\/fr\/","name":"Delval","description":"Just another Sereni site","potentialAction":[{"@type":"SearchAction","target":{"@type":"EntryPoint","urlTemplate":"https:\/\/www.funeraillesdelval.be\/fr\/?s={search_term_string}"},"query-input":{"@type":"PropertyValueSpecification","valueRequired":true,"valueName":"search_term_string"}}],"inLanguage":"fr-FR"}]}},"_links":{"self":[{"href":"https:\/\/www.funeraillesdelval.be\/fr\/wp-json\/wp\/v2\/pages\/24683","targetHints":{"allow":["GET"]}}],"collection":[{"href":"https:\/\/www.funeraillesdelval.be\/fr\/wp-json\/wp\/v2\/pages"}],"about":[{"href":"https:\/\/www.funeraillesdelval.be\/fr\/wp-json\/wp\/v2\/types\/page"}],"author":[{"embeddable":true,"href":"https:\/\/www.funeraillesdelval.be\/fr\/wp-json\/wp\/v2\/users\/1"}],"replies":[{"embeddable":true,"href":"https:\/\/www.funeraillesdelval.be\/fr\/wp-json\/wp\/v2\/comments?post=24683"}],"version-history":[{"count":1,"href":"https:\/\/www.funeraillesdelval.be\/fr\/wp-json\/wp\/v2\/pages\/24683\/revisions"}],"predecessor-version":[{"id":81608,"href":"https:\/\/www.funeraillesdelval.be\/fr\/wp-json\/wp\/v2\/pages\/24683\/revisions\/81608"}],"wp:featuredmedia":[{"embeddable":true,"href":"https:\/\/www.funeraillesdelval.be\/fr\/wp-json\/wp\/v2\/media\/63753"}],"wp:attachment":[{"href":"https:\/\/www.funeraillesdelval.be\/fr\/wp-json\/wp\/v2\/media?parent=24683"}],"curies":[{"name":"wp","href":"https:\/\/api.w.org\/{rel}","templated":true}]}}