{"id":42794,"date":"2022-06-20T14:22:33","date_gmt":"2022-06-20T13:22:33","guid":{"rendered":"https:\/\/www.funeraillesdelval.be\/?page_id=42794"},"modified":"2025-06-23T12:58:28","modified_gmt":"2025-06-23T11:58:28","slug":"plaintes-delval-sereni","status":"publish","type":"page","link":"https:\/\/www.funeraillesdelval.be\/fr\/plaintes-delval-sereni\/","title":{"rendered":"Plaintes"},"content":{"rendered":"\n<div id=\"block-main-banner-block_255a3680a49f9ace4f16db5441e23add\" class=\"block-main-banner\">\n    <div class=\"container\">\n        <div class=\"banner-wrap layout1 content_right content_top\">\n            <div class=\"banner-image\">\n                                                            <img loading=\"lazy\" decoding=\"async\" width=\"1440\" height=\"962\" src=\"https:\/\/www.touche.be\/app\/uploads\/sites\/79\/2022\/10\/8305-2-1440x962.jpg\" class=\"attachment-full-stretched size-full-stretched\" alt=\"Plaintes\" srcset=\"https:\/\/www.touche.be\/app\/uploads\/sites\/79\/2022\/10\/8305-2-1440x962.jpg 1440w, https:\/\/www.touche.be\/app\/uploads\/sites\/79\/2022\/10\/8305-2-300x200.jpg 300w, https:\/\/www.touche.be\/app\/uploads\/sites\/79\/2022\/10\/8305-2-1024x684.jpg 1024w, https:\/\/www.touche.be\/app\/uploads\/sites\/79\/2022\/10\/8305-2-449x300.jpg 449w, https:\/\/www.touche.be\/app\/uploads\/sites\/79\/2022\/10\/8305-2-1300x868.jpg 1300w, https:\/\/www.touche.be\/app\/uploads\/sites\/79\/2022\/10\/8305-2-600x401.jpg 600w\" sizes=\"auto, (max-width: 1440px) 100vw, 1440px\" title=\"Plaintes\" \/>                                                <\/div>\n\n                            <div class=\"banner-content\">\n                    <div class=\"inner\">\n                        <p>Les plaintes concernant des d\u00e9fauts des marchandises livr\u00e9es et\/ou des services ex\u00e9cut\u00e9s, qui sont constat\u00e9s ou auraient raisonnablement pu \u00eatre constat\u00e9s lors de la livraison ou de l\u2019ex\u00e9cution, doivent \u00eatre soumises <a href=\"https:\/\/www.sereni.be\/menu\/fr\/contactez-nous\">par lettre recommand\u00e9e<\/a> dans les huit jours suivant la livraison ou l\u2019ex\u00e9cution. Pass\u00e9 ce d\u00e9lai, aucune r\u00e9clamation de ce type ne pourra \u00eatre accept\u00e9e.<\/p>\n                    <\/div>\n                <\/div>\n                    <\/div>\n    <\/div>\n<\/div>\n","protected":false},"excerpt":{"rendered":"","protected":false},"author":1,"featured_media":0,"parent":0,"menu_order":0,"comment_status":"closed","ping_status":"closed","template":"","meta":{"_acf_changed":false,"footnotes":""},"class_list":["post-42794","page","type-page","status-publish","hentry"],"acf":[],"yoast_head":"<!-- This site is optimized with the Yoast SEO plugin v25.8 - https:\/\/yoast.com\/wordpress\/plugins\/seo\/ -->\n<title>Plaintes Delval I Sereni<\/title>\n<meta name=\"description\" content=\"Les plaintes concernant des d\u00e9faut des services ex\u00e9cut\u00e9s, doivent \u00eatre soumises dans les huit jours suivant la livraison.\" \/>\n<meta name=\"robots\" content=\"index, follow, max-snippet:-1, max-image-preview:large, max-video-preview:-1\" \/>\n<link rel=\"canonical\" href=\"https:\/\/www.funeraillesdelval.be\/fr\/plaintes-delval-sereni\/\" \/>\n<meta property=\"og:locale\" content=\"fr_FR\" \/>\n<meta property=\"og:type\" content=\"article\" \/>\n<meta property=\"og:title\" content=\"Plaintes Delval I Sereni\" \/>\n<meta property=\"og:description\" content=\"Les plaintes concernant des d\u00e9faut des services ex\u00e9cut\u00e9s, doivent \u00eatre soumises dans les huit jours suivant la livraison.\" \/>\n<meta property=\"og:url\" content=\"https:\/\/www.funeraillesdelval.be\/fr\/plaintes-delval-sereni\/\" \/>\n<meta property=\"og:site_name\" content=\"Delval\" \/>\n<meta property=\"article:modified_time\" content=\"2025-06-23T11:58:28+00:00\" \/>\n<meta property=\"og:image\" content=\"https:\/\/www.touche.be\/app\/uploads\/sites\/79\/2025\/06\/Social-image-Delval-12.jpg\" \/>\n\t<meta property=\"og:image:width\" content=\"1800\" \/>\n\t<meta property=\"og:image:height\" content=\"628\" \/>\n\t<meta property=\"og:image:type\" content=\"image\/jpeg\" \/>\n<meta name=\"twitter:card\" content=\"summary_large_image\" \/>\n<meta name=\"twitter:label1\" content=\"Est. reading time\" \/>\n\t<meta name=\"twitter:data1\" content=\"1 minute\" \/>\n<script type=\"application\/ld+json\" class=\"yoast-schema-graph\">{\"@context\":\"https:\/\/schema.org\",\"@graph\":[{\"@type\":\"WebPage\",\"@id\":\"https:\/\/www.funeraillesdelval.be\/fr\/plaintes-delval-sereni\/\",\"url\":\"https:\/\/www.funeraillesdelval.be\/fr\/plaintes-delval-sereni\/\",\"name\":\"Plaintes Delval I Sereni\",\"isPartOf\":{\"@id\":\"https:\/\/www.funeraillesdelval.be\/fr\/#website\"},\"datePublished\":\"2022-06-20T13:22:33+00:00\",\"dateModified\":\"2025-06-23T11:58:28+00:00\",\"description\":\"Les plaintes concernant des d\u00e9faut des services ex\u00e9cut\u00e9s, doivent \u00eatre soumises dans les huit jours suivant la livraison.\",\"inLanguage\":\"fr-FR\",\"potentialAction\":[{\"@type\":\"ReadAction\",\"target\":[\"https:\/\/www.funeraillesdelval.be\/fr\/plaintes-delval-sereni\/\"]}]},{\"@type\":\"WebSite\",\"@id\":\"https:\/\/www.funeraillesdelval.be\/fr\/#website\",\"url\":\"https:\/\/www.funeraillesdelval.be\/fr\/\",\"name\":\"Delval\",\"description\":\"Just another Sereni site\",\"potentialAction\":[{\"@type\":\"SearchAction\",\"target\":{\"@type\":\"EntryPoint\",\"urlTemplate\":\"https:\/\/www.funeraillesdelval.be\/fr\/?s={search_term_string}\"},\"query-input\":{\"@type\":\"PropertyValueSpecification\",\"valueRequired\":true,\"valueName\":\"search_term_string\"}}],\"inLanguage\":\"fr-FR\"}]}<\/script>\n<!-- \/ Yoast SEO plugin. -->","yoast_head_json":{"title":"Plaintes Delval I Sereni","description":"Les plaintes concernant des d\u00e9faut des services ex\u00e9cut\u00e9s, doivent \u00eatre soumises dans les huit jours suivant la livraison.","robots":{"index":"index","follow":"follow","max-snippet":"max-snippet:-1","max-image-preview":"max-image-preview:large","max-video-preview":"max-video-preview:-1"},"canonical":"https:\/\/www.funeraillesdelval.be\/fr\/plaintes-delval-sereni\/","og_locale":"fr_FR","og_type":"article","og_title":"Plaintes Delval I Sereni","og_description":"Les plaintes concernant des d\u00e9faut des services ex\u00e9cut\u00e9s, doivent \u00eatre soumises dans les huit jours suivant la livraison.","og_url":"https:\/\/www.funeraillesdelval.be\/fr\/plaintes-delval-sereni\/","og_site_name":"Delval","article_modified_time":"2025-06-23T11:58:28+00:00","og_image":[{"width":1800,"height":628,"url":"https:\/\/www.touche.be\/app\/uploads\/sites\/79\/2025\/06\/Social-image-Delval-12.jpg","type":"image\/jpeg"}],"twitter_card":"summary_large_image","twitter_misc":{"Est. reading time":"1 minute"},"schema":{"@context":"https:\/\/schema.org","@graph":[{"@type":"WebPage","@id":"https:\/\/www.funeraillesdelval.be\/fr\/plaintes-delval-sereni\/","url":"https:\/\/www.funeraillesdelval.be\/fr\/plaintes-delval-sereni\/","name":"Plaintes Delval I Sereni","isPartOf":{"@id":"https:\/\/www.funeraillesdelval.be\/fr\/#website"},"datePublished":"2022-06-20T13:22:33+00:00","dateModified":"2025-06-23T11:58:28+00:00","description":"Les plaintes concernant des d\u00e9faut des services ex\u00e9cut\u00e9s, doivent \u00eatre soumises dans les huit jours suivant la livraison.","inLanguage":"fr-FR","potentialAction":[{"@type":"ReadAction","target":["https:\/\/www.funeraillesdelval.be\/fr\/plaintes-delval-sereni\/"]}]},{"@type":"WebSite","@id":"https:\/\/www.funeraillesdelval.be\/fr\/#website","url":"https:\/\/www.funeraillesdelval.be\/fr\/","name":"Delval","description":"Just another Sereni site","potentialAction":[{"@type":"SearchAction","target":{"@type":"EntryPoint","urlTemplate":"https:\/\/www.funeraillesdelval.be\/fr\/?s={search_term_string}"},"query-input":{"@type":"PropertyValueSpecification","valueRequired":true,"valueName":"search_term_string"}}],"inLanguage":"fr-FR"}]}},"_links":{"self":[{"href":"https:\/\/www.funeraillesdelval.be\/fr\/wp-json\/wp\/v2\/pages\/42794","targetHints":{"allow":["GET"]}}],"collection":[{"href":"https:\/\/www.funeraillesdelval.be\/fr\/wp-json\/wp\/v2\/pages"}],"about":[{"href":"https:\/\/www.funeraillesdelval.be\/fr\/wp-json\/wp\/v2\/types\/page"}],"author":[{"embeddable":true,"href":"https:\/\/www.funeraillesdelval.be\/fr\/wp-json\/wp\/v2\/users\/1"}],"replies":[{"embeddable":true,"href":"https:\/\/www.funeraillesdelval.be\/fr\/wp-json\/wp\/v2\/comments?post=42794"}],"version-history":[{"count":2,"href":"https:\/\/www.funeraillesdelval.be\/fr\/wp-json\/wp\/v2\/pages\/42794\/revisions"}],"predecessor-version":[{"id":81643,"href":"https:\/\/www.funeraillesdelval.be\/fr\/wp-json\/wp\/v2\/pages\/42794\/revisions\/81643"}],"wp:attachment":[{"href":"https:\/\/www.funeraillesdelval.be\/fr\/wp-json\/wp\/v2\/media?parent=42794"}],"curies":[{"name":"wp","href":"https:\/\/api.w.org\/{rel}","templated":true}]}}